{"id":2748,"date":"2024-06-17T14:42:54","date_gmt":"2024-06-17T12:42:54","guid":{"rendered":"https:\/\/www.ophtalmo-actisud.fr\/?page_id=2748"},"modified":"2024-06-17T14:47:49","modified_gmt":"2024-06-17T12:47:49","slug":"operation-de-la-presbytie-la-chirurgie-refractive-pour-une-vision-jeune","status":"publish","type":"page","link":"https:\/\/www.ophtalmo-actisud.fr\/index.php\/chirurgie-refractive\/operation-de-la-presbytie-la-chirurgie-refractive-pour-une-vision-jeune\/","title":{"rendered":"Op\u00e9ration de la presbytie : la chirurgie r\u00e9fractive pour une vision jeune"},"content":{"rendered":"<p>[vc_row][vc_column][vc_column_text]L&rsquo;op\u00e9ration de la presbytie par chirurgie r\u00e9fractive est une solution moderne et efficace pour <span style=\"color: #4dafc3;\"><strong>corriger ce trouble visuel li\u00e9 \u00e0 l&rsquo;\u00e2ge<\/strong><\/span>. Cette intervention utilise des techniques avanc\u00e9es pour restaurer la capacit\u00e9 de l&rsquo;\u0153il \u00e0 voir clairement de pr\u00e8s, sans l&rsquo;aide de lunettes ou de lentilles de contact.<\/p>\n<p>D\u00e9couvrez comment fonctionne cette proc\u00e9dure et pourquoi elle peut \u00eatre la solution id\u00e9ale pour vous.<\/p>\n<p>&nbsp;<\/p>\n<p>[\/vc_column_text][\/vc_column][\/vc_row][vc_row css=\u00a0\u00bb.vc_custom_1657376534775{margin-bottom: 2em !important;background-color: #f9f6f2 !important;border-radius: 20px !important;}\u00a0\u00bb][vc_column][vc_column_text css=\u00a0\u00bb.vc_custom_1718627872951{margin-top: -1em !important;}\u00a0\u00bb]<\/p>\n<h2><b>Qu&rsquo;est-ce que la presbytie ?<br \/>\n<\/b><\/h2>\n<p>[\/vc_column_text][vc_column_text css=\u00a0\u00bb.vc_custom_1718627865510{margin-top: 1em !important;margin-bottom: 2em !important;}\u00a0\u00bb]La presbytie est un trouble li\u00e9 \u00e0 l&rsquo;\u00e2ge qui affecte la capacit\u00e9 de l&rsquo;\u0153il \u00e0 focaliser correctement sur les objets proches. Cela est d\u00fb \u00e0 un durcissement progressif du cristallin, rendant difficile la vision de pr\u00e8s. Ce trouble commence g\u00e9n\u00e9ralement \u00e0 se manifester autour de 45 ans et continue \u00e0 progresser avec l&rsquo;\u00e2ge.[\/vc_column_text][\/vc_column][\/vc_row][vc_row css=\u00a0\u00bb.vc_custom_1657376534775{margin-bottom: 2em !important;background-color: #f9f6f2 !important;border-radius: 20px !important;}\u00a0\u00bb el_id=\u00a0\u00bbretinopathie-diabetique\u00a0\u00bb][vc_column][vc_column_text css=\u00a0\u00bb.vc_custom_1718627926381{margin-top: -1em !important;}\u00a0\u00bb]<\/p>\n<h2><b>Les types de chirurgie r\u00e9fractive pour l&rsquo;op\u00e9ration de la presbytie<br \/>\n<\/b><\/h2>\n<p>[\/vc_column_text][vc_column_text css=\u00a0\u00bb.vc_custom_1718627911614{margin-top: 1em !important;margin-bottom: 2em !important;}\u00a0\u00bb]Plusieurs m\u00e9thodes de chirurgie r\u00e9fractive peuvent corriger la presbytie :<\/p>\n<ol>\n<li><strong>Presby-LASIK<\/strong> : Le Presby-LASIK est une variation du LASIK qui cr\u00e9e une surface multifocale sur la corn\u00e9e, permettant une focalisation \u00e0 diff\u00e9rentes distances. Cela aide \u00e0 restaurer la capacit\u00e9 de l&rsquo;\u0153il \u00e0 voir de pr\u00e8s, de loin et \u00e0 des distances interm\u00e9diaires.<\/li>\n<li><strong>Implants de lentilles intraoculaires (IOL)<\/strong> : Pour certains patients, des lentilles intraoculaires multifocales ou accommodatives peuvent \u00eatre implant\u00e9es pour remplacer le cristallin naturel. Ces lentilles permettent de voir clairement \u00e0 plusieurs distances.<\/li>\n<\/ol>\n<p>[\/vc_column_text][\/vc_column][\/vc_row][vc_row content_placement=\u00a0\u00bbmiddle\u00a0\u00bb css=\u00a0\u00bb.vc_custom_1660567421863{margin-bottom: 3em !important;}\u00a0\u00bb][vc_column width=\u00a0\u00bb1\/2&Prime;][vc_column_text css=\u00a0\u00bb.vc_custom_1655986804152{margin-bottom: 1em !important;}\u00a0\u00bb]<\/p>\n<h3 style=\"color: #f4d061; text-align: center;\"><strong>D\u00e9couvrir notre \u00e9quipe :<br \/>\n<\/strong><\/h3>\n<p>[\/vc_column_text][\/vc_column][vc_column width=\u00a0\u00bb1\/2&Prime;]<div id=\"highlight-box-wrap-5407\"  data-ultimate-target='#highlight-box-wrap-5407'  data-responsive-json-new='{\"font-size\":\"desktop:25px;\",\"line-height\":\"\"}'  class=\"ultimate-call-to-action ult-adjust-bottom-margin roundCornered ctaction-text-center ult-responsive\" style=\"font-family:Montserrat;font-weight:normal;color:#ffffff;background:#f4d061;padding-top:20px;padding-bottom:20px;margin-top:0px;margin-bottom:0px;\"  data-background=\"#f4d061\"  data-background-hover=\"#fa9258\"  data-override=\"0\" ><div class=\"uvc-ctaction-data uvc-ctaction-data-no-effect ult-responsive\"><\/p>\n<p style=\"text-align: center;\"><strong>OPHTALMOLOGUES<\/strong><\/p>\n<p><\/div><a class=\"ulimate-call-to-action-link\" href=\"\/index.php\/les-ophtalmologues\/\" title=\"Ophtalmologues\" ><\/a><\/div>[\/vc_column][\/vc_row][vc_row css=\u00a0\u00bb.vc_custom_1657376534775{margin-bottom: 2em !important;background-color: #f9f6f2 !important;border-radius: 20px !important;}\u00a0\u00bb el_id=\u00a0\u00bbretinopathie-diabetique\u00a0\u00bb][vc_column][vc_column_text css=\u00a0\u00bb.vc_custom_1718627944519{margin-top: -1em !important;}\u00a0\u00bb]<\/p>\n<h2><b>Les avantages de l&rsquo;op\u00e9ration de la presbytie<br \/>\n<\/b><\/h2>\n<p>[\/vc_column_text][vc_column_text css=\u00a0\u00bb.vc_custom_1718627967428{margin-top: 1em !important;margin-bottom: 2em !important;}\u00a0\u00bb]L&rsquo;op\u00e9ration pour corriger la presbytie offre plusieurs avantages :<\/p>\n<ul>\n<li><strong>Am\u00e9lioration significative de la vision<\/strong> : Les patients retrouvent la capacit\u00e9 de voir clairement de pr\u00e8s et de loin.<\/li>\n<li><strong>R\u00e9duction de la d\u00e9pendance aux lunettes de lecture<\/strong> : Apr\u00e8s la chirurgie, de nombreux patients n&rsquo;ont plus besoin de lunettes de lecture.<\/li>\n<li><strong>R\u00e9sultats durables<\/strong> : Les techniques modernes offrent des r\u00e9sultats durables, m\u00eame avec la progression naturelle de l&rsquo;\u00e2ge.<\/li>\n<\/ul>\n<p>[\/vc_column_text][\/vc_column][\/vc_row][vc_row css=\u00a0\u00bb.vc_custom_1657376534775{margin-bottom: 2em !important;background-color: #f9f6f2 !important;border-radius: 20px !important;}\u00a0\u00bb][vc_column][vc_column_text css=\u00a0\u00bb.vc_custom_1718621478388{margin-top: -1em !important;}\u00a0\u00bb]<\/p>\n<h2><b>Qui peut b\u00e9n\u00e9ficier de la chirurgie r\u00e9fractive ?<br \/>\n<\/b><\/h2>\n<p>[\/vc_column_text][vc_column_text css=\u00a0\u00bb.vc_custom_1718628003329{margin-top: 1em !important;margin-bottom: 2em !important;}\u00a0\u00bb]La chirurgie r\u00e9fractive est adapt\u00e9e \u00e0 de nombreux patients, mais certains crit\u00e8res doivent \u00eatre remplis :<\/p>\n<ul>\n<li><strong>\u00c2ge<\/strong> : Les candidats doivent g\u00e9n\u00e9ralement \u00eatre \u00e2g\u00e9s de 45 ans ou plus.<\/li>\n<li><strong>Bonne sant\u00e9 oculaire<\/strong> : Les patients doivent avoir une corn\u00e9e saine et ne pas souffrir d&rsquo;autres probl\u00e8mes oculaires graves.<\/li>\n<\/ul>\n<p>[\/vc_column_text][\/vc_column][\/vc_row][vc_row content_placement=\u00a0\u00bbmiddle\u00a0\u00bb css=\u00a0\u00bb.vc_custom_1718033050899{margin-bottom: 2em !important;background-color: #f9f6f2 !important;border-radius: 20px !important;}\u00a0\u00bb][vc_column][vc_column_text css=\u00a0\u00bb.vc_custom_1718032919700{margin-top: 1em !important;margin-bottom: 2em !important;}\u00a0\u00bb]N&rsquo;h\u00e9sitez pas \u00e0 <a href=\"https:\/\/www.ophtalmo-actisud.fr\/index.php\/prendre-rdv\/\">prendre rendez-vous<\/a> en cas de baisse d&rsquo;acuit\u00e9 visuelle ou de douleur oculaire.[\/vc_column_text][\/vc_column][\/vc_row]<\/p>\n","protected":false},"excerpt":{"rendered":"<p>[vc_row][vc_column][vc_column_text]L&rsquo;op\u00e9ration de la presbytie par chirurgie r\u00e9fractive est une solution moderne et efficace pour corriger ce trouble visuel li\u00e9 \u00e0 l&rsquo;\u00e2ge. Cette intervention utilise des techniques avanc\u00e9es pour restaurer la capacit\u00e9 de l&rsquo;\u0153il \u00e0 voir clairement de pr\u00e8s, sans l&rsquo;aide de lunettes ou de lentilles de contact. D\u00e9couvrez comment fonctionne cette proc\u00e9dure et pourquoi elle&hellip;<\/p>\n","protected":false},"author":1,"featured_media":2749,"parent":2059,"menu_order":0,"comment_status":"closed","ping_status":"closed","template":"","meta":{"footnotes":""},"class_list":["post-2748","page","type-page","status-publish","has-post-thumbnail","hentry","description-off"],"yoast_head":"<!-- This site is optimized with the Yoast SEO plugin v27.5 - https:\/\/yoast.com\/product\/yoast-seo-wordpress\/ -->\n<title>Op\u00e9ration de la presbytie : la chirurgie r\u00e9fractive pour une vision jeune<\/title>\n<meta name=\"description\" content=\"L&#039;op\u00e9ration de la presbytie par chirurgie r\u00e9fractive est une solution moderne et efficace pour corriger ce trouble visuel li\u00e9 \u00e0 l&#039;\u00e2ge.\" \/>\n<meta name=\"robots\" content=\"index, follow, max-snippet:-1, max-image-preview:large, max-video-preview:-1\" \/>\n<link rel=\"canonical\" href=\"https:\/\/www.ophtalmo-actisud.fr\/index.php\/chirurgie-refractive\/operation-de-la-presbytie-la-chirurgie-refractive-pour-une-vision-jeune\/\" \/>\n<meta property=\"og:locale\" content=\"fr_FR\" \/>\n<meta property=\"og:type\" content=\"article\" \/>\n<meta property=\"og:title\" content=\"Op\u00e9ration de la presbytie : la chirurgie r\u00e9fractive pour une vision jeune\" \/>\n<meta property=\"og:description\" content=\"L&#039;op\u00e9ration de la presbytie par chirurgie r\u00e9fractive est une solution moderne et efficace pour corriger ce trouble visuel li\u00e9 \u00e0 l&#039;\u00e2ge.\" \/>\n<meta property=\"og:url\" content=\"https:\/\/www.ophtalmo-actisud.fr\/index.php\/chirurgie-refractive\/operation-de-la-presbytie-la-chirurgie-refractive-pour-une-vision-jeune\/\" \/>\n<meta property=\"og:site_name\" content=\"Centre d&#039;Ophtalmologie Actisud\" \/>\n<meta property=\"article:publisher\" content=\"https:\/\/www.facebook.com\/Centre-dOphtalmologie-Actisud-109097913829367\" \/>\n<meta property=\"article:modified_time\" content=\"2024-06-17T12:47:49+00:00\" \/>\n<meta property=\"og:image\" content=\"https:\/\/www.ophtalmo-actisud.fr\/wp-content\/uploads\/2024\/06\/bro-matt-0PGKxBNf2Wg-unsplash-scaled.jpg\" \/>\n\t<meta property=\"og:image:width\" content=\"2560\" \/>\n\t<meta property=\"og:image:height\" content=\"1707\" \/>\n\t<meta property=\"og:image:type\" content=\"image\/jpeg\" \/>\n<meta name=\"twitter:card\" content=\"summary_large_image\" \/>\n<meta name=\"twitter:label1\" content=\"Dur\u00e9e de lecture estim\u00e9e\" \/>\n\t<meta name=\"twitter:data1\" content=\"3 minutes\" \/>\n<script type=\"application\/ld+json\" class=\"yoast-schema-graph\">{\"@context\":\"https:\\\/\\\/schema.org\",\"@graph\":[{\"@type\":\"WebPage\",\"@id\":\"https:\\\/\\\/www.ophtalmo-actisud.fr\\\/index.php\\\/chirurgie-refractive\\\/operation-de-la-presbytie-la-chirurgie-refractive-pour-une-vision-jeune\\\/\",\"url\":\"https:\\\/\\\/www.ophtalmo-actisud.fr\\\/index.php\\\/chirurgie-refractive\\\/operation-de-la-presbytie-la-chirurgie-refractive-pour-une-vision-jeune\\\/\",\"name\":\"Op\u00e9ration de la presbytie : la chirurgie r\u00e9fractive pour une vision jeune\",\"isPartOf\":{\"@id\":\"https:\\\/\\\/www.ophtalmo-actisud.fr\\\/#website\"},\"primaryImageOfPage\":{\"@id\":\"https:\\\/\\\/www.ophtalmo-actisud.fr\\\/index.php\\\/chirurgie-refractive\\\/operation-de-la-presbytie-la-chirurgie-refractive-pour-une-vision-jeune\\\/#primaryimage\"},\"image\":{\"@id\":\"https:\\\/\\\/www.ophtalmo-actisud.fr\\\/index.php\\\/chirurgie-refractive\\\/operation-de-la-presbytie-la-chirurgie-refractive-pour-une-vision-jeune\\\/#primaryimage\"},\"thumbnailUrl\":\"https:\\\/\\\/www.ophtalmo-actisud.fr\\\/wp-content\\\/uploads\\\/2024\\\/06\\\/bro-matt-0PGKxBNf2Wg-unsplash-scaled.jpg\",\"datePublished\":\"2024-06-17T12:42:54+00:00\",\"dateModified\":\"2024-06-17T12:47:49+00:00\",\"description\":\"L'op\u00e9ration de la presbytie par chirurgie r\u00e9fractive est une solution moderne et efficace pour corriger ce trouble visuel li\u00e9 \u00e0 l'\u00e2ge.\",\"breadcrumb\":{\"@id\":\"https:\\\/\\\/www.ophtalmo-actisud.fr\\\/index.php\\\/chirurgie-refractive\\\/operation-de-la-presbytie-la-chirurgie-refractive-pour-une-vision-jeune\\\/#breadcrumb\"},\"inLanguage\":\"fr-FR\",\"potentialAction\":[{\"@type\":\"ReadAction\",\"target\":[\"https:\\\/\\\/www.ophtalmo-actisud.fr\\\/index.php\\\/chirurgie-refractive\\\/operation-de-la-presbytie-la-chirurgie-refractive-pour-une-vision-jeune\\\/\"]}]},{\"@type\":\"ImageObject\",\"inLanguage\":\"fr-FR\",\"@id\":\"https:\\\/\\\/www.ophtalmo-actisud.fr\\\/index.php\\\/chirurgie-refractive\\\/operation-de-la-presbytie-la-chirurgie-refractive-pour-une-vision-jeune\\\/#primaryimage\",\"url\":\"https:\\\/\\\/www.ophtalmo-actisud.fr\\\/wp-content\\\/uploads\\\/2024\\\/06\\\/bro-matt-0PGKxBNf2Wg-unsplash-scaled.jpg\",\"contentUrl\":\"https:\\\/\\\/www.ophtalmo-actisud.fr\\\/wp-content\\\/uploads\\\/2024\\\/06\\\/bro-matt-0PGKxBNf2Wg-unsplash-scaled.jpg\",\"width\":2560,\"height\":1707,\"caption\":\"op\u00e9ration presbytie\"},{\"@type\":\"BreadcrumbList\",\"@id\":\"https:\\\/\\\/www.ophtalmo-actisud.fr\\\/index.php\\\/chirurgie-refractive\\\/operation-de-la-presbytie-la-chirurgie-refractive-pour-une-vision-jeune\\\/#breadcrumb\",\"itemListElement\":[{\"@type\":\"ListItem\",\"position\":1,\"name\":\"Accueil\",\"item\":\"https:\\\/\\\/www.ophtalmo-actisud.fr\\\/\"},{\"@type\":\"ListItem\",\"position\":2,\"name\":\"Chirurgie r\u00e9fractive\",\"item\":\"https:\\\/\\\/www.ophtalmo-actisud.fr\\\/index.php\\\/chirurgie-refractive\\\/\"},{\"@type\":\"ListItem\",\"position\":3,\"name\":\"Op\u00e9ration de la presbytie : la chirurgie r\u00e9fractive pour une vision jeune\"}]},{\"@type\":\"WebSite\",\"@id\":\"https:\\\/\\\/www.ophtalmo-actisud.fr\\\/#website\",\"url\":\"https:\\\/\\\/www.ophtalmo-actisud.fr\\\/\",\"name\":\"Centre d&#039;Ophtalmologie Actisud\",\"description\":\"Prenez rendez-vous ou obtenez des informations\",\"publisher\":{\"@id\":\"https:\\\/\\\/www.ophtalmo-actisud.fr\\\/#organization\"},\"potentialAction\":[{\"@type\":\"SearchAction\",\"target\":{\"@type\":\"EntryPoint\",\"urlTemplate\":\"https:\\\/\\\/www.ophtalmo-actisud.fr\\\/?s={search_term_string}\"},\"query-input\":{\"@type\":\"PropertyValueSpecification\",\"valueRequired\":true,\"valueName\":\"search_term_string\"}}],\"inLanguage\":\"fr-FR\"},{\"@type\":\"Organization\",\"@id\":\"https:\\\/\\\/www.ophtalmo-actisud.fr\\\/#organization\",\"name\":\"Centre d'Ophtalmologie Actisud\",\"url\":\"https:\\\/\\\/www.ophtalmo-actisud.fr\\\/\",\"logo\":{\"@type\":\"ImageObject\",\"inLanguage\":\"fr-FR\",\"@id\":\"https:\\\/\\\/www.ophtalmo-actisud.fr\\\/#\\\/schema\\\/logo\\\/image\\\/\",\"url\":\"https:\\\/\\\/www.ophtalmo-actisud.fr\\\/wp-content\\\/uploads\\\/2022\\\/08\\\/cropped-logoTransp.png\",\"contentUrl\":\"https:\\\/\\\/www.ophtalmo-actisud.fr\\\/wp-content\\\/uploads\\\/2022\\\/08\\\/cropped-logoTransp.png\",\"width\":512,\"height\":512,\"caption\":\"Centre d'Ophtalmologie Actisud\"},\"image\":{\"@id\":\"https:\\\/\\\/www.ophtalmo-actisud.fr\\\/#\\\/schema\\\/logo\\\/image\\\/\"},\"sameAs\":[\"https:\\\/\\\/www.facebook.com\\\/Centre-dOphtalmologie-Actisud-109097913829367\"]}]}<\/script>\n<!-- \/ Yoast SEO plugin. -->","yoast_head_json":{"title":"Op\u00e9ration de la presbytie : la chirurgie r\u00e9fractive pour une vision jeune","description":"L'op\u00e9ration de la presbytie par chirurgie r\u00e9fractive est une solution moderne et efficace pour corriger ce trouble visuel li\u00e9 \u00e0 l'\u00e2ge.","robots":{"index":"index","follow":"follow","max-snippet":"max-snippet:-1","max-image-preview":"max-image-preview:large","max-video-preview":"max-video-preview:-1"},"canonical":"https:\/\/www.ophtalmo-actisud.fr\/index.php\/chirurgie-refractive\/operation-de-la-presbytie-la-chirurgie-refractive-pour-une-vision-jeune\/","og_locale":"fr_FR","og_type":"article","og_title":"Op\u00e9ration de la presbytie : la chirurgie r\u00e9fractive pour une vision jeune","og_description":"L'op\u00e9ration de la presbytie par chirurgie r\u00e9fractive est une solution moderne et efficace pour corriger ce trouble visuel li\u00e9 \u00e0 l'\u00e2ge.","og_url":"https:\/\/www.ophtalmo-actisud.fr\/index.php\/chirurgie-refractive\/operation-de-la-presbytie-la-chirurgie-refractive-pour-une-vision-jeune\/","og_site_name":"Centre d&#039;Ophtalmologie Actisud","article_publisher":"https:\/\/www.facebook.com\/Centre-dOphtalmologie-Actisud-109097913829367","article_modified_time":"2024-06-17T12:47:49+00:00","og_image":[{"width":2560,"height":1707,"url":"https:\/\/www.ophtalmo-actisud.fr\/wp-content\/uploads\/2024\/06\/bro-matt-0PGKxBNf2Wg-unsplash-scaled.jpg","type":"image\/jpeg"}],"twitter_card":"summary_large_image","twitter_misc":{"Dur\u00e9e de lecture estim\u00e9e":"3 minutes"},"schema":{"@context":"https:\/\/schema.org","@graph":[{"@type":"WebPage","@id":"https:\/\/www.ophtalmo-actisud.fr\/index.php\/chirurgie-refractive\/operation-de-la-presbytie-la-chirurgie-refractive-pour-une-vision-jeune\/","url":"https:\/\/www.ophtalmo-actisud.fr\/index.php\/chirurgie-refractive\/operation-de-la-presbytie-la-chirurgie-refractive-pour-une-vision-jeune\/","name":"Op\u00e9ration de la presbytie : la chirurgie r\u00e9fractive pour une vision jeune","isPartOf":{"@id":"https:\/\/www.ophtalmo-actisud.fr\/#website"},"primaryImageOfPage":{"@id":"https:\/\/www.ophtalmo-actisud.fr\/index.php\/chirurgie-refractive\/operation-de-la-presbytie-la-chirurgie-refractive-pour-une-vision-jeune\/#primaryimage"},"image":{"@id":"https:\/\/www.ophtalmo-actisud.fr\/index.php\/chirurgie-refractive\/operation-de-la-presbytie-la-chirurgie-refractive-pour-une-vision-jeune\/#primaryimage"},"thumbnailUrl":"https:\/\/www.ophtalmo-actisud.fr\/wp-content\/uploads\/2024\/06\/bro-matt-0PGKxBNf2Wg-unsplash-scaled.jpg","datePublished":"2024-06-17T12:42:54+00:00","dateModified":"2024-06-17T12:47:49+00:00","description":"L'op\u00e9ration de la presbytie par chirurgie r\u00e9fractive est une solution moderne et efficace pour corriger ce trouble visuel li\u00e9 \u00e0 l'\u00e2ge.","breadcrumb":{"@id":"https:\/\/www.ophtalmo-actisud.fr\/index.php\/chirurgie-refractive\/operation-de-la-presbytie-la-chirurgie-refractive-pour-une-vision-jeune\/#breadcrumb"},"inLanguage":"fr-FR","potentialAction":[{"@type":"ReadAction","target":["https:\/\/www.ophtalmo-actisud.fr\/index.php\/chirurgie-refractive\/operation-de-la-presbytie-la-chirurgie-refractive-pour-une-vision-jeune\/"]}]},{"@type":"ImageObject","inLanguage":"fr-FR","@id":"https:\/\/www.ophtalmo-actisud.fr\/index.php\/chirurgie-refractive\/operation-de-la-presbytie-la-chirurgie-refractive-pour-une-vision-jeune\/#primaryimage","url":"https:\/\/www.ophtalmo-actisud.fr\/wp-content\/uploads\/2024\/06\/bro-matt-0PGKxBNf2Wg-unsplash-scaled.jpg","contentUrl":"https:\/\/www.ophtalmo-actisud.fr\/wp-content\/uploads\/2024\/06\/bro-matt-0PGKxBNf2Wg-unsplash-scaled.jpg","width":2560,"height":1707,"caption":"op\u00e9ration presbytie"},{"@type":"BreadcrumbList","@id":"https:\/\/www.ophtalmo-actisud.fr\/index.php\/chirurgie-refractive\/operation-de-la-presbytie-la-chirurgie-refractive-pour-une-vision-jeune\/#breadcrumb","itemListElement":[{"@type":"ListItem","position":1,"name":"Accueil","item":"https:\/\/www.ophtalmo-actisud.fr\/"},{"@type":"ListItem","position":2,"name":"Chirurgie r\u00e9fractive","item":"https:\/\/www.ophtalmo-actisud.fr\/index.php\/chirurgie-refractive\/"},{"@type":"ListItem","position":3,"name":"Op\u00e9ration de la presbytie : la chirurgie r\u00e9fractive pour une vision jeune"}]},{"@type":"WebSite","@id":"https:\/\/www.ophtalmo-actisud.fr\/#website","url":"https:\/\/www.ophtalmo-actisud.fr\/","name":"Centre d&#039;Ophtalmologie Actisud","description":"Prenez rendez-vous ou obtenez des informations","publisher":{"@id":"https:\/\/www.ophtalmo-actisud.fr\/#organization"},"potentialAction":[{"@type":"SearchAction","target":{"@type":"EntryPoint","urlTemplate":"https:\/\/www.ophtalmo-actisud.fr\/?s={search_term_string}"},"query-input":{"@type":"PropertyValueSpecification","valueRequired":true,"valueName":"search_term_string"}}],"inLanguage":"fr-FR"},{"@type":"Organization","@id":"https:\/\/www.ophtalmo-actisud.fr\/#organization","name":"Centre d'Ophtalmologie Actisud","url":"https:\/\/www.ophtalmo-actisud.fr\/","logo":{"@type":"ImageObject","inLanguage":"fr-FR","@id":"https:\/\/www.ophtalmo-actisud.fr\/#\/schema\/logo\/image\/","url":"https:\/\/www.ophtalmo-actisud.fr\/wp-content\/uploads\/2022\/08\/cropped-logoTransp.png","contentUrl":"https:\/\/www.ophtalmo-actisud.fr\/wp-content\/uploads\/2022\/08\/cropped-logoTransp.png","width":512,"height":512,"caption":"Centre d'Ophtalmologie Actisud"},"image":{"@id":"https:\/\/www.ophtalmo-actisud.fr\/#\/schema\/logo\/image\/"},"sameAs":["https:\/\/www.facebook.com\/Centre-dOphtalmologie-Actisud-109097913829367"]}]}},"_links":{"self":[{"href":"https:\/\/www.ophtalmo-actisud.fr\/index.php\/wp-json\/wp\/v2\/pages\/2748","targetHints":{"allow":["GET"]}}],"collection":[{"href":"https:\/\/www.ophtalmo-actisud.fr\/index.php\/wp-json\/wp\/v2\/pages"}],"about":[{"href":"https:\/\/www.ophtalmo-actisud.fr\/index.php\/wp-json\/wp\/v2\/types\/page"}],"author":[{"embeddable":true,"href":"https:\/\/www.ophtalmo-actisud.fr\/index.php\/wp-json\/wp\/v2\/users\/1"}],"replies":[{"embeddable":true,"href":"https:\/\/www.ophtalmo-actisud.fr\/index.php\/wp-json\/wp\/v2\/comments?post=2748"}],"version-history":[{"count":1,"href":"https:\/\/www.ophtalmo-actisud.fr\/index.php\/wp-json\/wp\/v2\/pages\/2748\/revisions"}],"predecessor-version":[{"id":2750,"href":"https:\/\/www.ophtalmo-actisud.fr\/index.php\/wp-json\/wp\/v2\/pages\/2748\/revisions\/2750"}],"up":[{"embeddable":true,"href":"https:\/\/www.ophtalmo-actisud.fr\/index.php\/wp-json\/wp\/v2\/pages\/2059"}],"wp:featuredmedia":[{"embeddable":true,"href":"https:\/\/www.ophtalmo-actisud.fr\/index.php\/wp-json\/wp\/v2\/media\/2749"}],"wp:attachment":[{"href":"https:\/\/www.ophtalmo-actisud.fr\/index.php\/wp-json\/wp\/v2\/media?parent=2748"}],"curies":[{"name":"wp","href":"https:\/\/api.w.org\/{rel}","templated":true}]}}