{"id":2745,"date":"2024-06-17T14:36:20","date_gmt":"2024-06-17T12:36:20","guid":{"rendered":"https:\/\/www.ophtalmo-actisud.fr\/?page_id=2745"},"modified":"2024-06-17T14:47:18","modified_gmt":"2024-06-17T12:47:18","slug":"operation-de-l-hypermetropie-tout-savoir-sur-la-chirurgie-refractive","status":"publish","type":"page","link":"https:\/\/www.ophtalmo-actisud.fr\/index.php\/chirurgie-refractive\/operation-de-l-hypermetropie-tout-savoir-sur-la-chirurgie-refractive\/","title":{"rendered":"Op\u00e9ration de l&rsquo;hyperm\u00e9tropie : tout savoir sur la chirurgie r\u00e9fractive"},"content":{"rendered":"<p>[vc_row][vc_column][vc_column_text]L&rsquo;op\u00e9ration de l&rsquo;hyperm\u00e9tropie par chirurgie r\u00e9fractive est une solution efficace pour corriger ce trouble visuel et am\u00e9liorer la qualit\u00e9 de vie des patients. Gr\u00e2ce \u00e0 des techniques avanc\u00e9es, cette intervention permet de remodeler la corn\u00e9e et d&rsquo;offrir une vision plus nette et pr\u00e9cise.<\/p>\n<p>Voici tout ce que vous devez savoir sur l&rsquo;op\u00e9ration de l&rsquo;hyperm\u00e9tropie et comment elle peut transformer votre vision.<\/p>\n<p>&nbsp;<\/p>\n<p>&nbsp;<\/p>\n<p>[\/vc_column_text][\/vc_column][\/vc_row][vc_row css=\u00a0\u00bb.vc_custom_1657376534775{margin-bottom: 2em !important;background-color: #f9f6f2 !important;border-radius: 20px !important;}\u00a0\u00bb][vc_column][vc_column_text css=\u00a0\u00bb.vc_custom_1718627495971{margin-top: -1em !important;}\u00a0\u00bb]<\/p>\n<h2><b>Qu&rsquo;est-ce que l&rsquo;hyperm\u00e9tropie ?<br \/>\n<\/b><\/h2>\n<p>[\/vc_column_text][vc_column_text css=\u00a0\u00bb.vc_custom_1718627503123{margin-top: 1em !important;margin-bottom: 2em !important;}\u00a0\u00bb]L&rsquo;hyperm\u00e9tropie est un d\u00e9faut visuel o\u00f9 les objets proches apparaissent flous, tandis que la vision des objets \u00e9loign\u00e9s est g\u00e9n\u00e9ralement plus claire. Ce trouble est d\u00fb \u00e0 une forme ou une longueur anormale de l&rsquo;\u0153il, qui fait que les rayons lumineux se focalisent derri\u00e8re la r\u00e9tine plut\u00f4t que directement sur elle.[\/vc_column_text][\/vc_column][\/vc_row][vc_row css=\u00a0\u00bb.vc_custom_1657376534775{margin-bottom: 2em !important;background-color: #f9f6f2 !important;border-radius: 20px !important;}\u00a0\u00bb el_id=\u00a0\u00bbretinopathie-diabetique\u00a0\u00bb][vc_column][vc_column_text css=\u00a0\u00bb.vc_custom_1718627527159{margin-top: -1em !important;}\u00a0\u00bb]<\/p>\n<h2><b>Les types de chirurgie r\u00e9fractive pour l&rsquo;op\u00e9ration de l&rsquo;hyperm\u00e9tropie<br \/>\n<\/b><\/h2>\n<p>[\/vc_column_text][vc_column_text css=\u00a0\u00bb.vc_custom_1718627550533{margin-top: 1em !important;margin-bottom: 2em !important;}\u00a0\u00bb]Il existe plusieurs m\u00e9thodes de chirurgie r\u00e9fractive pour corriger l&rsquo;hyperm\u00e9tropie :<\/p>\n<ul>\n<li><strong>LASIK (Laser-Assisted In Situ Keratomileusis)<\/strong> : Le LASIK est l&rsquo;une des proc\u00e9dures les plus populaires pour corriger l&rsquo;hyperm\u00e9tropie. Elle consiste \u00e0 cr\u00e9er un fin volet dans la corn\u00e9e, puis \u00e0 utiliser un laser pour remodeler la corn\u00e9e, permettant ainsi aux rayons lumineux de se focaliser correctement sur la r\u00e9tine.<\/li>\n<li><strong>PKR (Photok\u00e9ratectomie r\u00e9fractive)<\/strong> : La PKR est une alternative pour les patients qui ne peuvent pas b\u00e9n\u00e9ficier du LASIK, souvent en raison d&rsquo;une corn\u00e9e fine. Cette technique retire l&rsquo;\u00e9pith\u00e9lium de la corn\u00e9e, qui est ensuite remodel\u00e9e avec un laser. L&rsquo;\u00e9pith\u00e9lium se r\u00e9g\u00e9n\u00e8re naturellement apr\u00e8s l&rsquo;intervention.<\/li>\n<\/ul>\n<p>[\/vc_column_text][\/vc_column][\/vc_row][vc_row content_placement=\u00a0\u00bbmiddle\u00a0\u00bb css=\u00a0\u00bb.vc_custom_1660567421863{margin-bottom: 3em !important;}\u00a0\u00bb][vc_column width=\u00a0\u00bb1\/2&Prime;][vc_column_text css=\u00a0\u00bb.vc_custom_1655986804152{margin-bottom: 1em !important;}\u00a0\u00bb]<\/p>\n<h3 style=\"color: #f4d061; text-align: center;\"><strong>D\u00e9couvrir notre \u00e9quipe :<br \/>\n<\/strong><\/h3>\n<p>[\/vc_column_text][\/vc_column][vc_column width=\u00a0\u00bb1\/2&Prime;]<div id=\"highlight-box-wrap-3069\"  data-ultimate-target='#highlight-box-wrap-3069'  data-responsive-json-new='{\"font-size\":\"desktop:25px;\",\"line-height\":\"\"}'  class=\"ultimate-call-to-action ult-adjust-bottom-margin roundCornered ctaction-text-center ult-responsive\" style=\"font-family:Montserrat;font-weight:normal;color:#ffffff;background:#f4d061;padding-top:20px;padding-bottom:20px;margin-top:0px;margin-bottom:0px;\"  data-background=\"#f4d061\"  data-background-hover=\"#fa9258\"  data-override=\"0\" ><div class=\"uvc-ctaction-data uvc-ctaction-data-no-effect ult-responsive\"><\/p>\n<p style=\"text-align: center;\"><strong>OPHTALMOLOGUES<\/strong><\/p>\n<p><\/div><a class=\"ulimate-call-to-action-link\" href=\"\/index.php\/les-ophtalmologues\/\" title=\"Ophtalmologues\" ><\/a><\/div>[\/vc_column][\/vc_row][vc_row css=\u00a0\u00bb.vc_custom_1657376534775{margin-bottom: 2em !important;background-color: #f9f6f2 !important;border-radius: 20px !important;}\u00a0\u00bb el_id=\u00a0\u00bbretinopathie-diabetique\u00a0\u00bb][vc_column][vc_column_text css=\u00a0\u00bb.vc_custom_1718627572287{margin-top: -1em !important;}\u00a0\u00bb]<\/p>\n<h2><b>Les avantages de l&rsquo;op\u00e9ration de l&rsquo;hyperm\u00e9tropie<br \/>\n<\/b><\/h2>\n<p>[\/vc_column_text][vc_column_text css=\u00a0\u00bb.vc_custom_1718627593603{margin-top: 1em !important;margin-bottom: 2em !important;}\u00a0\u00bb]La correction de l&rsquo;hyperm\u00e9tropie par chirurgie r\u00e9fractive offre de nombreux avantages :<\/p>\n<ul>\n<li><strong>Vision am\u00e9lior\u00e9e<\/strong> : La majorit\u00e9 des patients obtiennent une vision claire et pr\u00e9cise apr\u00e8s la chirurgie et peuvent profiter d&rsquo;une vie sans la contrainte des dispositifs correcteurs (lunettes et\/ou lentilles).<\/li>\n<li><strong>R\u00e9cup\u00e9ration rapide<\/strong> : Les techniques modernes permettent une r\u00e9cup\u00e9ration rapide, notamment avec le LASIK.<\/li>\n<\/ul>\n<p>[\/vc_column_text][\/vc_column][\/vc_row][vc_row css=\u00a0\u00bb.vc_custom_1657376534775{margin-bottom: 2em !important;background-color: #f9f6f2 !important;border-radius: 20px !important;}\u00a0\u00bb][vc_column][vc_column_text css=\u00a0\u00bb.vc_custom_1718621478388{margin-top: -1em !important;}\u00a0\u00bb]<\/p>\n<h2><b>Qui peut b\u00e9n\u00e9ficier de la chirurgie r\u00e9fractive ?<br \/>\n<\/b><\/h2>\n<p>[\/vc_column_text][vc_column_text css=\u00a0\u00bb.vc_custom_1718627109936{margin-top: 1em !important;margin-bottom: 2em !important;}\u00a0\u00bb]La chirurgie r\u00e9fractive est adapt\u00e9e \u00e0 de nombreux patients, mais certains crit\u00e8res doivent \u00eatre remplis :<\/p>\n<ul>\n<li><strong>\u00c2ge<\/strong> : Les candidats doivent \u00eatre \u00e2g\u00e9s d&rsquo;au moins 18 ans.<\/li>\n<li><strong>Stabilit\u00e9 de la vision<\/strong> : La prescription de lunettes ou de lentilles doit \u00eatre stable depuis au moins deux ans.<\/li>\n<li><strong>Bonne sant\u00e9 oculaire<\/strong> : Les candidats doivent avoir une corn\u00e9e saine et sans autres probl\u00e8mes oculaires graves.<\/li>\n<\/ul>\n<p>[\/vc_column_text][\/vc_column][\/vc_row][vc_row content_placement=\u00a0\u00bbmiddle\u00a0\u00bb css=\u00a0\u00bb.vc_custom_1718033050899{margin-bottom: 2em !important;background-color: #f9f6f2 !important;border-radius: 20px !important;}\u00a0\u00bb][vc_column][vc_column_text css=\u00a0\u00bb.vc_custom_1718032919700{margin-top: 1em !important;margin-bottom: 2em !important;}\u00a0\u00bb]N&rsquo;h\u00e9sitez pas \u00e0 <a href=\"https:\/\/www.ophtalmo-actisud.fr\/index.php\/prendre-rdv\/\">prendre rendez-vous<\/a> en cas de baisse d&rsquo;acuit\u00e9 visuelle ou de douleur oculaire.[\/vc_column_text][\/vc_column][\/vc_row]<\/p>\n","protected":false},"excerpt":{"rendered":"<p>[vc_row][vc_column][vc_column_text]L&rsquo;op\u00e9ration de l&rsquo;hyperm\u00e9tropie par chirurgie r\u00e9fractive est une solution efficace pour corriger ce trouble visuel et am\u00e9liorer la qualit\u00e9 de vie des patients. Gr\u00e2ce \u00e0 des techniques avanc\u00e9es, cette intervention permet de remodeler la corn\u00e9e et d&rsquo;offrir une vision plus nette et pr\u00e9cise. Voici tout ce que vous devez savoir sur l&rsquo;op\u00e9ration de l&rsquo;hyperm\u00e9tropie et&hellip;<\/p>\n","protected":false},"author":1,"featured_media":2746,"parent":2059,"menu_order":0,"comment_status":"closed","ping_status":"closed","template":"","meta":{"footnotes":""},"class_list":["post-2745","page","type-page","status-publish","has-post-thumbnail","hentry","description-off"],"yoast_head":"<!-- This site is optimized with the Yoast SEO plugin v27.5 - https:\/\/yoast.com\/product\/yoast-seo-wordpress\/ -->\n<title>Op\u00e9ration de l&#039;hyperm\u00e9tropie : tout savoir sur la chirurgie r\u00e9fractive<\/title>\n<meta name=\"description\" content=\"L&#039;op\u00e9ration de l&#039;hyperm\u00e9tropie par chirurgie r\u00e9fractive est efficace pour corriger ce trouble visuel et am\u00e9liorer sa qualit\u00e9 de vie.\" \/>\n<meta name=\"robots\" content=\"index, follow, max-snippet:-1, max-image-preview:large, max-video-preview:-1\" \/>\n<link rel=\"canonical\" href=\"https:\/\/www.ophtalmo-actisud.fr\/index.php\/chirurgie-refractive\/operation-de-l-hypermetropie-tout-savoir-sur-la-chirurgie-refractive\/\" \/>\n<meta property=\"og:locale\" content=\"fr_FR\" \/>\n<meta property=\"og:type\" content=\"article\" \/>\n<meta property=\"og:title\" content=\"Op\u00e9ration de l&#039;hyperm\u00e9tropie : tout savoir sur la chirurgie r\u00e9fractive\" \/>\n<meta property=\"og:description\" content=\"L&#039;op\u00e9ration de l&#039;hyperm\u00e9tropie par chirurgie r\u00e9fractive est efficace pour corriger ce trouble visuel et am\u00e9liorer sa qualit\u00e9 de vie.\" \/>\n<meta property=\"og:url\" content=\"https:\/\/www.ophtalmo-actisud.fr\/index.php\/chirurgie-refractive\/operation-de-l-hypermetropie-tout-savoir-sur-la-chirurgie-refractive\/\" \/>\n<meta property=\"og:site_name\" content=\"Centre d&#039;Ophtalmologie Actisud\" \/>\n<meta property=\"article:publisher\" content=\"https:\/\/www.facebook.com\/Centre-dOphtalmologie-Actisud-109097913829367\" \/>\n<meta property=\"article:modified_time\" content=\"2024-06-17T12:47:18+00:00\" \/>\n<meta property=\"og:image\" content=\"https:\/\/www.ophtalmo-actisud.fr\/wp-content\/uploads\/2024\/06\/arteum-ro-7H41oiADqqg-unsplash-scaled.jpg\" \/>\n\t<meta property=\"og:image:width\" content=\"2560\" \/>\n\t<meta property=\"og:image:height\" content=\"1696\" \/>\n\t<meta property=\"og:image:type\" content=\"image\/jpeg\" \/>\n<meta name=\"twitter:card\" content=\"summary_large_image\" \/>\n<meta name=\"twitter:label1\" content=\"Dur\u00e9e de lecture estim\u00e9e\" \/>\n\t<meta name=\"twitter:data1\" content=\"3 minutes\" \/>\n<script type=\"application\/ld+json\" class=\"yoast-schema-graph\">{\"@context\":\"https:\\\/\\\/schema.org\",\"@graph\":[{\"@type\":\"WebPage\",\"@id\":\"https:\\\/\\\/www.ophtalmo-actisud.fr\\\/index.php\\\/chirurgie-refractive\\\/operation-de-l-hypermetropie-tout-savoir-sur-la-chirurgie-refractive\\\/\",\"url\":\"https:\\\/\\\/www.ophtalmo-actisud.fr\\\/index.php\\\/chirurgie-refractive\\\/operation-de-l-hypermetropie-tout-savoir-sur-la-chirurgie-refractive\\\/\",\"name\":\"Op\u00e9ration de l'hyperm\u00e9tropie : tout savoir sur la chirurgie r\u00e9fractive\",\"isPartOf\":{\"@id\":\"https:\\\/\\\/www.ophtalmo-actisud.fr\\\/#website\"},\"primaryImageOfPage\":{\"@id\":\"https:\\\/\\\/www.ophtalmo-actisud.fr\\\/index.php\\\/chirurgie-refractive\\\/operation-de-l-hypermetropie-tout-savoir-sur-la-chirurgie-refractive\\\/#primaryimage\"},\"image\":{\"@id\":\"https:\\\/\\\/www.ophtalmo-actisud.fr\\\/index.php\\\/chirurgie-refractive\\\/operation-de-l-hypermetropie-tout-savoir-sur-la-chirurgie-refractive\\\/#primaryimage\"},\"thumbnailUrl\":\"https:\\\/\\\/www.ophtalmo-actisud.fr\\\/wp-content\\\/uploads\\\/2024\\\/06\\\/arteum-ro-7H41oiADqqg-unsplash-scaled.jpg\",\"datePublished\":\"2024-06-17T12:36:20+00:00\",\"dateModified\":\"2024-06-17T12:47:18+00:00\",\"description\":\"L'op\u00e9ration de l'hyperm\u00e9tropie par chirurgie r\u00e9fractive est efficace pour corriger ce trouble visuel et am\u00e9liorer sa qualit\u00e9 de vie.\",\"breadcrumb\":{\"@id\":\"https:\\\/\\\/www.ophtalmo-actisud.fr\\\/index.php\\\/chirurgie-refractive\\\/operation-de-l-hypermetropie-tout-savoir-sur-la-chirurgie-refractive\\\/#breadcrumb\"},\"inLanguage\":\"fr-FR\",\"potentialAction\":[{\"@type\":\"ReadAction\",\"target\":[\"https:\\\/\\\/www.ophtalmo-actisud.fr\\\/index.php\\\/chirurgie-refractive\\\/operation-de-l-hypermetropie-tout-savoir-sur-la-chirurgie-refractive\\\/\"]}]},{\"@type\":\"ImageObject\",\"inLanguage\":\"fr-FR\",\"@id\":\"https:\\\/\\\/www.ophtalmo-actisud.fr\\\/index.php\\\/chirurgie-refractive\\\/operation-de-l-hypermetropie-tout-savoir-sur-la-chirurgie-refractive\\\/#primaryimage\",\"url\":\"https:\\\/\\\/www.ophtalmo-actisud.fr\\\/wp-content\\\/uploads\\\/2024\\\/06\\\/arteum-ro-7H41oiADqqg-unsplash-scaled.jpg\",\"contentUrl\":\"https:\\\/\\\/www.ophtalmo-actisud.fr\\\/wp-content\\\/uploads\\\/2024\\\/06\\\/arteum-ro-7H41oiADqqg-unsplash-scaled.jpg\",\"width\":2560,\"height\":1696,\"caption\":\"op\u00e9ration hyperm\u00e9tropie\"},{\"@type\":\"BreadcrumbList\",\"@id\":\"https:\\\/\\\/www.ophtalmo-actisud.fr\\\/index.php\\\/chirurgie-refractive\\\/operation-de-l-hypermetropie-tout-savoir-sur-la-chirurgie-refractive\\\/#breadcrumb\",\"itemListElement\":[{\"@type\":\"ListItem\",\"position\":1,\"name\":\"Accueil\",\"item\":\"https:\\\/\\\/www.ophtalmo-actisud.fr\\\/\"},{\"@type\":\"ListItem\",\"position\":2,\"name\":\"Chirurgie r\u00e9fractive\",\"item\":\"https:\\\/\\\/www.ophtalmo-actisud.fr\\\/index.php\\\/chirurgie-refractive\\\/\"},{\"@type\":\"ListItem\",\"position\":3,\"name\":\"Op\u00e9ration de l&#8217;hyperm\u00e9tropie : tout savoir sur la chirurgie r\u00e9fractive\"}]},{\"@type\":\"WebSite\",\"@id\":\"https:\\\/\\\/www.ophtalmo-actisud.fr\\\/#website\",\"url\":\"https:\\\/\\\/www.ophtalmo-actisud.fr\\\/\",\"name\":\"Centre d&#039;Ophtalmologie Actisud\",\"description\":\"Prenez rendez-vous ou obtenez des informations\",\"publisher\":{\"@id\":\"https:\\\/\\\/www.ophtalmo-actisud.fr\\\/#organization\"},\"potentialAction\":[{\"@type\":\"SearchAction\",\"target\":{\"@type\":\"EntryPoint\",\"urlTemplate\":\"https:\\\/\\\/www.ophtalmo-actisud.fr\\\/?s={search_term_string}\"},\"query-input\":{\"@type\":\"PropertyValueSpecification\",\"valueRequired\":true,\"valueName\":\"search_term_string\"}}],\"inLanguage\":\"fr-FR\"},{\"@type\":\"Organization\",\"@id\":\"https:\\\/\\\/www.ophtalmo-actisud.fr\\\/#organization\",\"name\":\"Centre d'Ophtalmologie Actisud\",\"url\":\"https:\\\/\\\/www.ophtalmo-actisud.fr\\\/\",\"logo\":{\"@type\":\"ImageObject\",\"inLanguage\":\"fr-FR\",\"@id\":\"https:\\\/\\\/www.ophtalmo-actisud.fr\\\/#\\\/schema\\\/logo\\\/image\\\/\",\"url\":\"https:\\\/\\\/www.ophtalmo-actisud.fr\\\/wp-content\\\/uploads\\\/2022\\\/08\\\/cropped-logoTransp.png\",\"contentUrl\":\"https:\\\/\\\/www.ophtalmo-actisud.fr\\\/wp-content\\\/uploads\\\/2022\\\/08\\\/cropped-logoTransp.png\",\"width\":512,\"height\":512,\"caption\":\"Centre d'Ophtalmologie Actisud\"},\"image\":{\"@id\":\"https:\\\/\\\/www.ophtalmo-actisud.fr\\\/#\\\/schema\\\/logo\\\/image\\\/\"},\"sameAs\":[\"https:\\\/\\\/www.facebook.com\\\/Centre-dOphtalmologie-Actisud-109097913829367\"]}]}<\/script>\n<!-- \/ Yoast SEO plugin. -->","yoast_head_json":{"title":"Op\u00e9ration de l'hyperm\u00e9tropie : tout savoir sur la chirurgie r\u00e9fractive","description":"L'op\u00e9ration de l'hyperm\u00e9tropie par chirurgie r\u00e9fractive est efficace pour corriger ce trouble visuel et am\u00e9liorer sa qualit\u00e9 de vie.","robots":{"index":"index","follow":"follow","max-snippet":"max-snippet:-1","max-image-preview":"max-image-preview:large","max-video-preview":"max-video-preview:-1"},"canonical":"https:\/\/www.ophtalmo-actisud.fr\/index.php\/chirurgie-refractive\/operation-de-l-hypermetropie-tout-savoir-sur-la-chirurgie-refractive\/","og_locale":"fr_FR","og_type":"article","og_title":"Op\u00e9ration de l'hyperm\u00e9tropie : tout savoir sur la chirurgie r\u00e9fractive","og_description":"L'op\u00e9ration de l'hyperm\u00e9tropie par chirurgie r\u00e9fractive est efficace pour corriger ce trouble visuel et am\u00e9liorer sa qualit\u00e9 de vie.","og_url":"https:\/\/www.ophtalmo-actisud.fr\/index.php\/chirurgie-refractive\/operation-de-l-hypermetropie-tout-savoir-sur-la-chirurgie-refractive\/","og_site_name":"Centre d&#039;Ophtalmologie Actisud","article_publisher":"https:\/\/www.facebook.com\/Centre-dOphtalmologie-Actisud-109097913829367","article_modified_time":"2024-06-17T12:47:18+00:00","og_image":[{"width":2560,"height":1696,"url":"https:\/\/www.ophtalmo-actisud.fr\/wp-content\/uploads\/2024\/06\/arteum-ro-7H41oiADqqg-unsplash-scaled.jpg","type":"image\/jpeg"}],"twitter_card":"summary_large_image","twitter_misc":{"Dur\u00e9e de lecture estim\u00e9e":"3 minutes"},"schema":{"@context":"https:\/\/schema.org","@graph":[{"@type":"WebPage","@id":"https:\/\/www.ophtalmo-actisud.fr\/index.php\/chirurgie-refractive\/operation-de-l-hypermetropie-tout-savoir-sur-la-chirurgie-refractive\/","url":"https:\/\/www.ophtalmo-actisud.fr\/index.php\/chirurgie-refractive\/operation-de-l-hypermetropie-tout-savoir-sur-la-chirurgie-refractive\/","name":"Op\u00e9ration de l'hyperm\u00e9tropie : tout savoir sur la chirurgie r\u00e9fractive","isPartOf":{"@id":"https:\/\/www.ophtalmo-actisud.fr\/#website"},"primaryImageOfPage":{"@id":"https:\/\/www.ophtalmo-actisud.fr\/index.php\/chirurgie-refractive\/operation-de-l-hypermetropie-tout-savoir-sur-la-chirurgie-refractive\/#primaryimage"},"image":{"@id":"https:\/\/www.ophtalmo-actisud.fr\/index.php\/chirurgie-refractive\/operation-de-l-hypermetropie-tout-savoir-sur-la-chirurgie-refractive\/#primaryimage"},"thumbnailUrl":"https:\/\/www.ophtalmo-actisud.fr\/wp-content\/uploads\/2024\/06\/arteum-ro-7H41oiADqqg-unsplash-scaled.jpg","datePublished":"2024-06-17T12:36:20+00:00","dateModified":"2024-06-17T12:47:18+00:00","description":"L'op\u00e9ration de l'hyperm\u00e9tropie par chirurgie r\u00e9fractive est efficace pour corriger ce trouble visuel et am\u00e9liorer sa qualit\u00e9 de vie.","breadcrumb":{"@id":"https:\/\/www.ophtalmo-actisud.fr\/index.php\/chirurgie-refractive\/operation-de-l-hypermetropie-tout-savoir-sur-la-chirurgie-refractive\/#breadcrumb"},"inLanguage":"fr-FR","potentialAction":[{"@type":"ReadAction","target":["https:\/\/www.ophtalmo-actisud.fr\/index.php\/chirurgie-refractive\/operation-de-l-hypermetropie-tout-savoir-sur-la-chirurgie-refractive\/"]}]},{"@type":"ImageObject","inLanguage":"fr-FR","@id":"https:\/\/www.ophtalmo-actisud.fr\/index.php\/chirurgie-refractive\/operation-de-l-hypermetropie-tout-savoir-sur-la-chirurgie-refractive\/#primaryimage","url":"https:\/\/www.ophtalmo-actisud.fr\/wp-content\/uploads\/2024\/06\/arteum-ro-7H41oiADqqg-unsplash-scaled.jpg","contentUrl":"https:\/\/www.ophtalmo-actisud.fr\/wp-content\/uploads\/2024\/06\/arteum-ro-7H41oiADqqg-unsplash-scaled.jpg","width":2560,"height":1696,"caption":"op\u00e9ration hyperm\u00e9tropie"},{"@type":"BreadcrumbList","@id":"https:\/\/www.ophtalmo-actisud.fr\/index.php\/chirurgie-refractive\/operation-de-l-hypermetropie-tout-savoir-sur-la-chirurgie-refractive\/#breadcrumb","itemListElement":[{"@type":"ListItem","position":1,"name":"Accueil","item":"https:\/\/www.ophtalmo-actisud.fr\/"},{"@type":"ListItem","position":2,"name":"Chirurgie r\u00e9fractive","item":"https:\/\/www.ophtalmo-actisud.fr\/index.php\/chirurgie-refractive\/"},{"@type":"ListItem","position":3,"name":"Op\u00e9ration de l&#8217;hyperm\u00e9tropie : tout savoir sur la chirurgie r\u00e9fractive"}]},{"@type":"WebSite","@id":"https:\/\/www.ophtalmo-actisud.fr\/#website","url":"https:\/\/www.ophtalmo-actisud.fr\/","name":"Centre d&#039;Ophtalmologie Actisud","description":"Prenez rendez-vous ou obtenez des informations","publisher":{"@id":"https:\/\/www.ophtalmo-actisud.fr\/#organization"},"potentialAction":[{"@type":"SearchAction","target":{"@type":"EntryPoint","urlTemplate":"https:\/\/www.ophtalmo-actisud.fr\/?s={search_term_string}"},"query-input":{"@type":"PropertyValueSpecification","valueRequired":true,"valueName":"search_term_string"}}],"inLanguage":"fr-FR"},{"@type":"Organization","@id":"https:\/\/www.ophtalmo-actisud.fr\/#organization","name":"Centre d'Ophtalmologie Actisud","url":"https:\/\/www.ophtalmo-actisud.fr\/","logo":{"@type":"ImageObject","inLanguage":"fr-FR","@id":"https:\/\/www.ophtalmo-actisud.fr\/#\/schema\/logo\/image\/","url":"https:\/\/www.ophtalmo-actisud.fr\/wp-content\/uploads\/2022\/08\/cropped-logoTransp.png","contentUrl":"https:\/\/www.ophtalmo-actisud.fr\/wp-content\/uploads\/2022\/08\/cropped-logoTransp.png","width":512,"height":512,"caption":"Centre d'Ophtalmologie Actisud"},"image":{"@id":"https:\/\/www.ophtalmo-actisud.fr\/#\/schema\/logo\/image\/"},"sameAs":["https:\/\/www.facebook.com\/Centre-dOphtalmologie-Actisud-109097913829367"]}]}},"_links":{"self":[{"href":"https:\/\/www.ophtalmo-actisud.fr\/index.php\/wp-json\/wp\/v2\/pages\/2745","targetHints":{"allow":["GET"]}}],"collection":[{"href":"https:\/\/www.ophtalmo-actisud.fr\/index.php\/wp-json\/wp\/v2\/pages"}],"about":[{"href":"https:\/\/www.ophtalmo-actisud.fr\/index.php\/wp-json\/wp\/v2\/types\/page"}],"author":[{"embeddable":true,"href":"https:\/\/www.ophtalmo-actisud.fr\/index.php\/wp-json\/wp\/v2\/users\/1"}],"replies":[{"embeddable":true,"href":"https:\/\/www.ophtalmo-actisud.fr\/index.php\/wp-json\/wp\/v2\/comments?post=2745"}],"version-history":[{"count":1,"href":"https:\/\/www.ophtalmo-actisud.fr\/index.php\/wp-json\/wp\/v2\/pages\/2745\/revisions"}],"predecessor-version":[{"id":2747,"href":"https:\/\/www.ophtalmo-actisud.fr\/index.php\/wp-json\/wp\/v2\/pages\/2745\/revisions\/2747"}],"up":[{"embeddable":true,"href":"https:\/\/www.ophtalmo-actisud.fr\/index.php\/wp-json\/wp\/v2\/pages\/2059"}],"wp:featuredmedia":[{"embeddable":true,"href":"https:\/\/www.ophtalmo-actisud.fr\/index.php\/wp-json\/wp\/v2\/media\/2746"}],"wp:attachment":[{"href":"https:\/\/www.ophtalmo-actisud.fr\/index.php\/wp-json\/wp\/v2\/media?parent=2745"}],"curies":[{"name":"wp","href":"https:\/\/api.w.org\/{rel}","templated":true}]}}