{"id":2738,"date":"2024-06-17T14:19:48","date_gmt":"2024-06-17T12:19:48","guid":{"rendered":"https:\/\/www.ophtalmo-actisud.fr\/?page_id=2738"},"modified":"2024-06-17T14:46:20","modified_gmt":"2024-06-17T12:46:20","slug":"operation-myopie","status":"publish","type":"page","link":"https:\/\/www.ophtalmo-actisud.fr\/index.php\/chirurgie-refractive\/operation-myopie\/","title":{"rendered":"Op\u00e9ration  de la myopie : tout savoir sur la chirurgie r\u00e9fractive"},"content":{"rendered":"<p>[vc_row][vc_column][vc_column_text]L&rsquo;op\u00e9ration de la myopie par chirurgie r\u00e9fractive est une solution efficace pour les personnes souhaitant <span style=\"color: #4dafc3;\"><strong>se lib\u00e9rer de leurs lunettes ou lentilles de contact<\/strong><\/span>. Cette intervention, de plus en plus populaire, offre une vision claire et nette en corrigeant la myopie de mani\u00e8re durable.<\/p>\n<p>D\u00e9couvrez comment fonctionne cette proc\u00e9dure et pourquoi elle pourrait \u00eatre la solution id\u00e9ale pour vous.<\/p>\n<p>&nbsp;<\/p>\n<p>&nbsp;<\/p>\n<p>[\/vc_column_text][\/vc_column][\/vc_row][vc_row css=\u00a0\u00bb.vc_custom_1657376534775{margin-bottom: 2em !important;background-color: #f9f6f2 !important;border-radius: 20px !important;}\u00a0\u00bb][vc_column][vc_column_text css=\u00a0\u00bb.vc_custom_1718621287539{margin-top: -1em !important;}\u00a0\u00bb]<\/p>\n<h2><b>Qu&rsquo;est-ce que la myopie ?<br \/>\n<\/b><\/h2>\n<p>[\/vc_column_text][vc_column_text css=\u00a0\u00bb.vc_custom_1718621294918{margin-top: 1em !important;margin-bottom: 2em !important;}\u00a0\u00bb]La myopie est un d\u00e9faut visuel courant o\u00f9 les objets proches sont vus clairement, tandis que ceux \u00e9loign\u00e9s apparaissent flous. Ce probl\u00e8me est caus\u00e9 par un allongement de l&rsquo;\u0153il ou une courbure excessive de la corn\u00e9e, emp\u00eachant les rayons lumineux de se focaliser correctement sur la r\u00e9tine.[\/vc_column_text][\/vc_column][\/vc_row][vc_row css=\u00a0\u00bb.vc_custom_1657376534775{margin-bottom: 2em !important;background-color: #f9f6f2 !important;border-radius: 20px !important;}\u00a0\u00bb el_id=\u00a0\u00bbretinopathie-diabetique\u00a0\u00bb][vc_column][vc_column_text css=\u00a0\u00bb.vc_custom_1718621334918{margin-top: -1em !important;}\u00a0\u00bb]<\/p>\n<h2><b>Les types de chirurgie r\u00e9fractive pour l&rsquo;op\u00e9ration de la myopie<br \/>\n<\/b><\/h2>\n<p>[\/vc_column_text][vc_column_text css=\u00a0\u00bb.vc_custom_1718621374873{margin-top: 1em !important;margin-bottom: 2em !important;}\u00a0\u00bb]Plusieurs techniques de chirurgie r\u00e9fractive existent pour corriger la myopie :<\/p>\n<div><strong>1.LASIK (Laser-Assisted In Situ Keratomileusis)<\/strong>\u00a0: Le LASIK est l&rsquo;une des proc\u00e9dures les plus courantes. Il consiste \u00e0 cr\u00e9er un fin volet dans la corn\u00e9e, puis \u00e0 utiliser un laser pour remodeler celle-ci, permettant ainsi aux rayons lumineux de se focaliser correctement sur la r\u00e9tine.<\/div>\n<div><\/div>\n<div><strong>2.PKR (Photok\u00e9ratectomie r\u00e9fractive)<\/strong>\u00a0: La PKR est une alternative pour ceux qui ne sont pas \u00e9ligibles au LASIK. Cette technique retire l&rsquo;\u00e9pith\u00e9lium de la corn\u00e9e avant de la remodeler avec un laser. L&rsquo;\u00e9pith\u00e9lium se r\u00e9g\u00e9n\u00e8re naturellement apr\u00e8s l&rsquo;op\u00e9ration.<\/div>\n<p>[\/vc_column_text][\/vc_column][\/vc_row][vc_row content_placement=\u00a0\u00bbmiddle\u00a0\u00bb css=\u00a0\u00bb.vc_custom_1660567421863{margin-bottom: 3em !important;}\u00a0\u00bb][vc_column width=\u00a0\u00bb1\/2&Prime;][vc_column_text css=\u00a0\u00bb.vc_custom_1655986804152{margin-bottom: 1em !important;}\u00a0\u00bb]<\/p>\n<h3 style=\"color: #f4d061; text-align: center;\"><strong>D\u00e9couvrir notre \u00e9quipe :<br \/>\n<\/strong><\/h3>\n<p>[\/vc_column_text][\/vc_column][vc_column width=\u00a0\u00bb1\/2&Prime;]<div id=\"highlight-box-wrap-1265\"  data-ultimate-target='#highlight-box-wrap-1265'  data-responsive-json-new='{\"font-size\":\"desktop:25px;\",\"line-height\":\"\"}'  class=\"ultimate-call-to-action ult-adjust-bottom-margin roundCornered ctaction-text-center ult-responsive\" style=\"font-family:Montserrat;font-weight:normal;color:#ffffff;background:#f4d061;padding-top:20px;padding-bottom:20px;margin-top:0px;margin-bottom:0px;\"  data-background=\"#f4d061\"  data-background-hover=\"#fa9258\"  data-override=\"0\" ><div class=\"uvc-ctaction-data uvc-ctaction-data-no-effect ult-responsive\"><\/p>\n<p style=\"text-align: center;\"><strong>OPHTALMOLOGUES<\/strong><\/p>\n<p><\/div><a class=\"ulimate-call-to-action-link\" href=\"\/index.php\/les-ophtalmologues\/\" title=\"Ophtalmologues\" ><\/a><\/div>[\/vc_column][\/vc_row][vc_row css=\u00a0\u00bb.vc_custom_1657376534775{margin-bottom: 2em !important;background-color: #f9f6f2 !important;border-radius: 20px !important;}\u00a0\u00bb el_id=\u00a0\u00bbretinopathie-diabetique\u00a0\u00bb][vc_column][vc_column_text css=\u00a0\u00bb.vc_custom_1718621412938{margin-top: -1em !important;}\u00a0\u00bb]<\/p>\n<h2><b>Les avantages de l&rsquo;op\u00e9ration de la myopie<br \/>\n<\/b><\/h2>\n<p>[\/vc_column_text][vc_column_text css=\u00a0\u00bb.vc_custom_1718621441926{margin-top: 1em !important;margin-bottom: 2em !important;}\u00a0\u00bb]L&rsquo;op\u00e9ration de la myopie offre de nombreux avantages :<\/p>\n<ul>\n<li><strong>Vision am\u00e9lior\u00e9e<\/strong> : La plupart des patients obtiennent une excellente vision apr\u00e8s l&rsquo;intervention et peuvent profiter d&rsquo;une vie sans la contrainte des dispositifs correcteurs (lunettes et\/ou lentilles).<\/li>\n<li><strong>Rapidit\u00e9 de r\u00e9cup\u00e9ration<\/strong> : La r\u00e9cup\u00e9ration est g\u00e9n\u00e9ralement rapide, surtout avec la technique LASIK.<\/li>\n<\/ul>\n<p>[\/vc_column_text][\/vc_column][\/vc_row][vc_row css=\u00a0\u00bb.vc_custom_1657376534775{margin-bottom: 2em !important;background-color: #f9f6f2 !important;border-radius: 20px !important;}\u00a0\u00bb][vc_column][vc_column_text css=\u00a0\u00bb.vc_custom_1718621478388{margin-top: -1em !important;}\u00a0\u00bb]<\/p>\n<h2><b>Qui peut b\u00e9n\u00e9ficier de la chirurgie r\u00e9fractive ?<br \/>\n<\/b><\/h2>\n<p>[\/vc_column_text][vc_column_text css=\u00a0\u00bb.vc_custom_1718621504072{margin-top: 1em !important;margin-bottom: 2em !important;}\u00a0\u00bb]La chirurgie r\u00e9fractive est une option pour de nombreux myopes, mais certains crit\u00e8res doivent \u00eatre remplis :<\/p>\n<ul>\n<li><strong>\u00c2ge<\/strong> : Les candidats doivent \u00eatre \u00e2g\u00e9s d&rsquo;au moins 18 ans.<\/li>\n<li><strong>Stabilit\u00e9 de la vision<\/strong> : La prescription de lunettes ou de lentilles doit \u00eatre stable depuis au moins deux ans.<\/li>\n<li><strong>Bonne sant\u00e9 oculaire<\/strong> : Les candidats doivent avoir une corn\u00e9e saine et sans autres probl\u00e8mes oculaires graves.<\/li>\n<\/ul>\n<p>[\/vc_column_text][\/vc_column][\/vc_row][vc_row content_placement=\u00a0\u00bbmiddle\u00a0\u00bb css=\u00a0\u00bb.vc_custom_1718033050899{margin-bottom: 2em !important;background-color: #f9f6f2 !important;border-radius: 20px !important;}\u00a0\u00bb][vc_column][vc_column_text css=\u00a0\u00bb.vc_custom_1718032919700{margin-top: 1em !important;margin-bottom: 2em !important;}\u00a0\u00bb]N&rsquo;h\u00e9sitez pas \u00e0 <a href=\"https:\/\/www.ophtalmo-actisud.fr\/index.php\/prendre-rdv\/\">prendre rendez-vous<\/a> en cas de baisse d&rsquo;acuit\u00e9 visuelle ou de douleur oculaire.[\/vc_column_text][\/vc_column][\/vc_row]<\/p>\n","protected":false},"excerpt":{"rendered":"<p>[vc_row][vc_column][vc_column_text]L&rsquo;op\u00e9ration de la myopie par chirurgie r\u00e9fractive est une solution efficace pour les personnes souhaitant se lib\u00e9rer de leurs lunettes ou lentilles de contact. Cette intervention, de plus en plus populaire, offre une vision claire et nette en corrigeant la myopie de mani\u00e8re durable. D\u00e9couvrez comment fonctionne cette proc\u00e9dure et pourquoi elle pourrait \u00eatre la&hellip;<\/p>\n","protected":false},"author":1,"featured_media":0,"parent":2059,"menu_order":0,"comment_status":"closed","ping_status":"closed","template":"","meta":{"footnotes":""},"class_list":["post-2738","page","type-page","status-publish","hentry","description-off"],"yoast_head":"<!-- This site is optimized with the Yoast SEO plugin v27.5 - https:\/\/yoast.com\/product\/yoast-seo-wordpress\/ -->\n<title>Op\u00e9ration de la myopie : tout savoir sur la chirurgie r\u00e9fractive<\/title>\n<meta name=\"description\" content=\"L&#039;op\u00e9ration de la myopie par chirurgie r\u00e9fractive est une solution efficace pour se lib\u00e9rer de ses lunettes ou lentilles de contact.\" \/>\n<meta name=\"robots\" content=\"index, follow, max-snippet:-1, max-image-preview:large, max-video-preview:-1\" \/>\n<link rel=\"canonical\" href=\"https:\/\/www.ophtalmo-actisud.fr\/index.php\/chirurgie-refractive\/operation-myopie\/\" \/>\n<meta property=\"og:locale\" content=\"fr_FR\" \/>\n<meta property=\"og:type\" content=\"article\" \/>\n<meta property=\"og:title\" content=\"Op\u00e9ration de la myopie : tout savoir sur la chirurgie r\u00e9fractive\" \/>\n<meta property=\"og:description\" content=\"L&#039;op\u00e9ration de la myopie par chirurgie r\u00e9fractive est une solution efficace pour se lib\u00e9rer de ses lunettes ou lentilles de contact.\" \/>\n<meta property=\"og:url\" content=\"https:\/\/www.ophtalmo-actisud.fr\/index.php\/chirurgie-refractive\/operation-myopie\/\" \/>\n<meta property=\"og:site_name\" content=\"Centre d&#039;Ophtalmologie Actisud\" \/>\n<meta property=\"article:publisher\" content=\"https:\/\/www.facebook.com\/Centre-dOphtalmologie-Actisud-109097913829367\" \/>\n<meta property=\"article:modified_time\" content=\"2024-06-17T12:46:20+00:00\" \/>\n<meta name=\"twitter:card\" content=\"summary_large_image\" \/>\n<meta name=\"twitter:label1\" content=\"Dur\u00e9e de lecture estim\u00e9e\" \/>\n\t<meta name=\"twitter:data1\" content=\"3 minutes\" \/>\n<script type=\"application\/ld+json\" class=\"yoast-schema-graph\">{\"@context\":\"https:\\\/\\\/schema.org\",\"@graph\":[{\"@type\":\"WebPage\",\"@id\":\"https:\\\/\\\/www.ophtalmo-actisud.fr\\\/index.php\\\/chirurgie-refractive\\\/operation-myopie\\\/\",\"url\":\"https:\\\/\\\/www.ophtalmo-actisud.fr\\\/index.php\\\/chirurgie-refractive\\\/operation-myopie\\\/\",\"name\":\"Op\u00e9ration de la myopie : tout savoir sur la chirurgie r\u00e9fractive\",\"isPartOf\":{\"@id\":\"https:\\\/\\\/www.ophtalmo-actisud.fr\\\/#website\"},\"datePublished\":\"2024-06-17T12:19:48+00:00\",\"dateModified\":\"2024-06-17T12:46:20+00:00\",\"description\":\"L'op\u00e9ration de la myopie par chirurgie r\u00e9fractive est une solution efficace pour se lib\u00e9rer de ses lunettes ou lentilles de contact.\",\"breadcrumb\":{\"@id\":\"https:\\\/\\\/www.ophtalmo-actisud.fr\\\/index.php\\\/chirurgie-refractive\\\/operation-myopie\\\/#breadcrumb\"},\"inLanguage\":\"fr-FR\",\"potentialAction\":[{\"@type\":\"ReadAction\",\"target\":[\"https:\\\/\\\/www.ophtalmo-actisud.fr\\\/index.php\\\/chirurgie-refractive\\\/operation-myopie\\\/\"]}]},{\"@type\":\"BreadcrumbList\",\"@id\":\"https:\\\/\\\/www.ophtalmo-actisud.fr\\\/index.php\\\/chirurgie-refractive\\\/operation-myopie\\\/#breadcrumb\",\"itemListElement\":[{\"@type\":\"ListItem\",\"position\":1,\"name\":\"Accueil\",\"item\":\"https:\\\/\\\/www.ophtalmo-actisud.fr\\\/\"},{\"@type\":\"ListItem\",\"position\":2,\"name\":\"Chirurgie r\u00e9fractive\",\"item\":\"https:\\\/\\\/www.ophtalmo-actisud.fr\\\/index.php\\\/chirurgie-refractive\\\/\"},{\"@type\":\"ListItem\",\"position\":3,\"name\":\"Op\u00e9ration de la myopie : tout savoir sur la chirurgie r\u00e9fractive\"}]},{\"@type\":\"WebSite\",\"@id\":\"https:\\\/\\\/www.ophtalmo-actisud.fr\\\/#website\",\"url\":\"https:\\\/\\\/www.ophtalmo-actisud.fr\\\/\",\"name\":\"Centre d&#039;Ophtalmologie Actisud\",\"description\":\"Prenez rendez-vous ou obtenez des informations\",\"publisher\":{\"@id\":\"https:\\\/\\\/www.ophtalmo-actisud.fr\\\/#organization\"},\"potentialAction\":[{\"@type\":\"SearchAction\",\"target\":{\"@type\":\"EntryPoint\",\"urlTemplate\":\"https:\\\/\\\/www.ophtalmo-actisud.fr\\\/?s={search_term_string}\"},\"query-input\":{\"@type\":\"PropertyValueSpecification\",\"valueRequired\":true,\"valueName\":\"search_term_string\"}}],\"inLanguage\":\"fr-FR\"},{\"@type\":\"Organization\",\"@id\":\"https:\\\/\\\/www.ophtalmo-actisud.fr\\\/#organization\",\"name\":\"Centre d'Ophtalmologie Actisud\",\"url\":\"https:\\\/\\\/www.ophtalmo-actisud.fr\\\/\",\"logo\":{\"@type\":\"ImageObject\",\"inLanguage\":\"fr-FR\",\"@id\":\"https:\\\/\\\/www.ophtalmo-actisud.fr\\\/#\\\/schema\\\/logo\\\/image\\\/\",\"url\":\"https:\\\/\\\/www.ophtalmo-actisud.fr\\\/wp-content\\\/uploads\\\/2022\\\/08\\\/cropped-logoTransp.png\",\"contentUrl\":\"https:\\\/\\\/www.ophtalmo-actisud.fr\\\/wp-content\\\/uploads\\\/2022\\\/08\\\/cropped-logoTransp.png\",\"width\":512,\"height\":512,\"caption\":\"Centre d'Ophtalmologie Actisud\"},\"image\":{\"@id\":\"https:\\\/\\\/www.ophtalmo-actisud.fr\\\/#\\\/schema\\\/logo\\\/image\\\/\"},\"sameAs\":[\"https:\\\/\\\/www.facebook.com\\\/Centre-dOphtalmologie-Actisud-109097913829367\"]}]}<\/script>\n<!-- \/ Yoast SEO plugin. -->","yoast_head_json":{"title":"Op\u00e9ration de la myopie : tout savoir sur la chirurgie r\u00e9fractive","description":"L'op\u00e9ration de la myopie par chirurgie r\u00e9fractive est une solution efficace pour se lib\u00e9rer de ses lunettes ou lentilles de contact.","robots":{"index":"index","follow":"follow","max-snippet":"max-snippet:-1","max-image-preview":"max-image-preview:large","max-video-preview":"max-video-preview:-1"},"canonical":"https:\/\/www.ophtalmo-actisud.fr\/index.php\/chirurgie-refractive\/operation-myopie\/","og_locale":"fr_FR","og_type":"article","og_title":"Op\u00e9ration de la myopie : tout savoir sur la chirurgie r\u00e9fractive","og_description":"L'op\u00e9ration de la myopie par chirurgie r\u00e9fractive est une solution efficace pour se lib\u00e9rer de ses lunettes ou lentilles de contact.","og_url":"https:\/\/www.ophtalmo-actisud.fr\/index.php\/chirurgie-refractive\/operation-myopie\/","og_site_name":"Centre d&#039;Ophtalmologie Actisud","article_publisher":"https:\/\/www.facebook.com\/Centre-dOphtalmologie-Actisud-109097913829367","article_modified_time":"2024-06-17T12:46:20+00:00","twitter_card":"summary_large_image","twitter_misc":{"Dur\u00e9e de lecture estim\u00e9e":"3 minutes"},"schema":{"@context":"https:\/\/schema.org","@graph":[{"@type":"WebPage","@id":"https:\/\/www.ophtalmo-actisud.fr\/index.php\/chirurgie-refractive\/operation-myopie\/","url":"https:\/\/www.ophtalmo-actisud.fr\/index.php\/chirurgie-refractive\/operation-myopie\/","name":"Op\u00e9ration de la myopie : tout savoir sur la chirurgie r\u00e9fractive","isPartOf":{"@id":"https:\/\/www.ophtalmo-actisud.fr\/#website"},"datePublished":"2024-06-17T12:19:48+00:00","dateModified":"2024-06-17T12:46:20+00:00","description":"L'op\u00e9ration de la myopie par chirurgie r\u00e9fractive est une solution efficace pour se lib\u00e9rer de ses lunettes ou lentilles de contact.","breadcrumb":{"@id":"https:\/\/www.ophtalmo-actisud.fr\/index.php\/chirurgie-refractive\/operation-myopie\/#breadcrumb"},"inLanguage":"fr-FR","potentialAction":[{"@type":"ReadAction","target":["https:\/\/www.ophtalmo-actisud.fr\/index.php\/chirurgie-refractive\/operation-myopie\/"]}]},{"@type":"BreadcrumbList","@id":"https:\/\/www.ophtalmo-actisud.fr\/index.php\/chirurgie-refractive\/operation-myopie\/#breadcrumb","itemListElement":[{"@type":"ListItem","position":1,"name":"Accueil","item":"https:\/\/www.ophtalmo-actisud.fr\/"},{"@type":"ListItem","position":2,"name":"Chirurgie r\u00e9fractive","item":"https:\/\/www.ophtalmo-actisud.fr\/index.php\/chirurgie-refractive\/"},{"@type":"ListItem","position":3,"name":"Op\u00e9ration de la myopie : tout savoir sur la chirurgie r\u00e9fractive"}]},{"@type":"WebSite","@id":"https:\/\/www.ophtalmo-actisud.fr\/#website","url":"https:\/\/www.ophtalmo-actisud.fr\/","name":"Centre d&#039;Ophtalmologie Actisud","description":"Prenez rendez-vous ou obtenez des informations","publisher":{"@id":"https:\/\/www.ophtalmo-actisud.fr\/#organization"},"potentialAction":[{"@type":"SearchAction","target":{"@type":"EntryPoint","urlTemplate":"https:\/\/www.ophtalmo-actisud.fr\/?s={search_term_string}"},"query-input":{"@type":"PropertyValueSpecification","valueRequired":true,"valueName":"search_term_string"}}],"inLanguage":"fr-FR"},{"@type":"Organization","@id":"https:\/\/www.ophtalmo-actisud.fr\/#organization","name":"Centre d'Ophtalmologie Actisud","url":"https:\/\/www.ophtalmo-actisud.fr\/","logo":{"@type":"ImageObject","inLanguage":"fr-FR","@id":"https:\/\/www.ophtalmo-actisud.fr\/#\/schema\/logo\/image\/","url":"https:\/\/www.ophtalmo-actisud.fr\/wp-content\/uploads\/2022\/08\/cropped-logoTransp.png","contentUrl":"https:\/\/www.ophtalmo-actisud.fr\/wp-content\/uploads\/2022\/08\/cropped-logoTransp.png","width":512,"height":512,"caption":"Centre d'Ophtalmologie Actisud"},"image":{"@id":"https:\/\/www.ophtalmo-actisud.fr\/#\/schema\/logo\/image\/"},"sameAs":["https:\/\/www.facebook.com\/Centre-dOphtalmologie-Actisud-109097913829367"]}]}},"_links":{"self":[{"href":"https:\/\/www.ophtalmo-actisud.fr\/index.php\/wp-json\/wp\/v2\/pages\/2738","targetHints":{"allow":["GET"]}}],"collection":[{"href":"https:\/\/www.ophtalmo-actisud.fr\/index.php\/wp-json\/wp\/v2\/pages"}],"about":[{"href":"https:\/\/www.ophtalmo-actisud.fr\/index.php\/wp-json\/wp\/v2\/types\/page"}],"author":[{"embeddable":true,"href":"https:\/\/www.ophtalmo-actisud.fr\/index.php\/wp-json\/wp\/v2\/users\/1"}],"replies":[{"embeddable":true,"href":"https:\/\/www.ophtalmo-actisud.fr\/index.php\/wp-json\/wp\/v2\/comments?post=2738"}],"version-history":[{"count":3,"href":"https:\/\/www.ophtalmo-actisud.fr\/index.php\/wp-json\/wp\/v2\/pages\/2738\/revisions"}],"predecessor-version":[{"id":2741,"href":"https:\/\/www.ophtalmo-actisud.fr\/index.php\/wp-json\/wp\/v2\/pages\/2738\/revisions\/2741"}],"up":[{"embeddable":true,"href":"https:\/\/www.ophtalmo-actisud.fr\/index.php\/wp-json\/wp\/v2\/pages\/2059"}],"wp:attachment":[{"href":"https:\/\/www.ophtalmo-actisud.fr\/index.php\/wp-json\/wp\/v2\/media?parent=2738"}],"curies":[{"name":"wp","href":"https:\/\/api.w.org\/{rel}","templated":true}]}}