{"id":2166,"date":"2022-04-27T09:08:58","date_gmt":"2022-04-27T07:08:58","guid":{"rendered":"http:\/\/xixaoul.cluster031.hosting.ovh.net\/?page_id=2166"},"modified":"2022-08-17T18:03:03","modified_gmt":"2022-08-17T16:03:03","slug":"annuler-rendez-vous","status":"publish","type":"page","link":"https:\/\/www.ophtalmo-actisud.fr\/index.php\/annuler-rendez-vous\/","title":{"rendered":"Annuler rendez-vous"},"content":{"rendered":"<p>[vc_row css=\u00a0\u00bb.vc_custom_1660232860067{margin-bottom: 2em !important;background-color: #f9f6f2 !important;border-radius: 20px !important;}\u00a0\u00bb][vc_column][vc_column_text css=\u00a0\u00bb.vc_custom_1660752138396{margin-top: 1em !important;margin-bottom: 2em !important;}\u00a0\u00bb]<\/p>\n<p style=\"text-align: center;\">Vous ne pouvez pas venir \u00e0 votre consultation\u00a0?<\/p>\n<p style=\"text-align: center;\"><strong class=\"ve\">Vous devez imp\u00e9rativement nous en informer<\/strong><\/p>\n<p style=\"text-align: center;\"><strong class=\"ve\">AU MOINS 24H A L\u2019AVANCE<\/strong><\/p>\n<p>&nbsp;<\/p>\n<ul>\n<li>Par <strong class=\"ve\">SMS au 06 52 96 48 95<\/strong> <em>(num\u00e9ro exclusivement r\u00e9serv\u00e9 \u00e0 l\u2019annulation des rendez-vous. Toute autre demande ne pourra \u00eatre prise en compte)<\/em><\/li>\n<li>Par <strong class=\"ve\">t\u00e9l\u00e9phone au 03 87 38 38 38<\/strong> puis en tapant 1 (laisser un message vocal sur le r\u00e9pondeur)<\/li>\n<li>Par <strong class=\"ve\">e-mail<\/strong> \u00e0 <a class=\"ve\" href=\"mailto:contact@ophtalmo-actisud.fr\">contact@ophtalmo-actisud.fr<\/a><\/li>\n<\/ul>\n<p>&nbsp;<\/p>\n<p>N\u2019oubliez pas d\u2019indiquer distinctement vos <strong class=\"ve\">nom, pr\u00e9nom et date et heure du rendez-vous<\/strong>[\/vc_column_text][\/vc_column][\/vc_row][vc_row css=\u00a0\u00bb.vc_custom_1657375795845{margin-bottom: 2em !important;border-top-width: 10px !important;border-right-width: 10px !important;border-bottom-width: 10px !important;border-left-width: 10px !important;border-left-color: #f9f6f2 !important;border-left-style: dashed !important;border-right-color: #f9f6f2 !important;border-right-style: dashed !important;border-top-color: #f9f6f2 !important;border-top-style: dashed !important;border-bottom-color: #f9f6f2 !important;border-bottom-style: dashed !important;border-radius: 20px !important;}\u00a0\u00bb][vc_column][vc_column_text css=\u00a0\u00bb.vc_custom_1660559495203{margin-top: 1em !important;margin-bottom: 1em !important;}\u00a0\u00bb]<\/p>\n<h3><strong class=\"or\">En cas de non-respect du d\u00e9lai de 24h, une indemnit\u00e9 de 15\u20ac vous sera r\u00e9clam\u00e9e et devra \u00eatre r\u00e9gl\u00e9e avant toute nouvelle demande de consultation au Centre d\u2019Ophtalmologie Actisud.<\/strong><\/h3>\n<p>[\/vc_column_text][\/vc_column][\/vc_row][vc_row css=\u00a0\u00bb.vc_custom_1657371795792{margin-bottom: 2em !important;background-color: #f9f6f2 !important;border-radius: 20px !important;}\u00a0\u00bb][vc_column][vc_column_text css=\u00a0\u00bb.vc_custom_1660559543909{margin-top: 1em !important;margin-bottom: 1em !important;}\u00a0\u00bb]<strong class=\"ve\">Un rendez-vous manqu\u00e9\u00a0:<\/strong><\/p>\n<p>&nbsp;<\/p>\n<ul>\n<li><strong class=\"ve\">Diminue<\/strong> l\u2019accessibilit\u00e9 aux soins<\/li>\n<li><strong class=\"ve\">Allonge<\/strong> les d\u00e9lais de rendez-vous<\/li>\n<li><strong class=\"ve\">D\u00e9sorganise<\/strong> le Centre<\/li>\n<\/ul>\n<p>&nbsp;<\/p>\n<p>En annulant votre consultation dans les d\u00e9lais, vous<strong class=\"ve\"> rendez service<\/strong> \u00e0 un autre patient qui pourra b\u00e9n\u00e9ficier d\u2019un rendez-vous rapidement.[\/vc_column_text][\/vc_column][\/vc_row]<\/p>\n","protected":false},"excerpt":{"rendered":"<p>[vc_row css=\u00a0\u00bb.vc_custom_1660232860067{margin-bottom: 2em !important;background-color: #f9f6f2 !important;border-radius: 20px !important;}\u00a0\u00bb][vc_column][vc_column_text css=\u00a0\u00bb.vc_custom_1660752138396{margin-top: 1em !important;margin-bottom: 2em !important;}\u00a0\u00bb] Vous ne pouvez pas venir \u00e0 votre consultation\u00a0? Vous devez imp\u00e9rativement nous en informer AU MOINS 24H A L\u2019AVANCE &nbsp; Par SMS au 06 52 96 48 95 (num\u00e9ro exclusivement r\u00e9serv\u00e9 \u00e0 l\u2019annulation des rendez-vous. Toute autre demande ne pourra \u00eatre prise&hellip;<\/p>\n","protected":false},"author":1,"featured_media":0,"parent":0,"menu_order":0,"comment_status":"closed","ping_status":"closed","template":"","meta":{"footnotes":""},"class_list":["post-2166","page","type-page","status-publish","hentry","description-off"],"yoast_head":"<!-- This site is optimized with the Yoast SEO plugin v27.5 - https:\/\/yoast.com\/product\/yoast-seo-wordpress\/ -->\n<title>Annuler rendez-vous - Centre d&#039;Ophtalmologie Actisud<\/title>\n<meta name=\"robots\" content=\"index, follow, max-snippet:-1, max-image-preview:large, max-video-preview:-1\" \/>\n<link rel=\"canonical\" href=\"https:\/\/www.ophtalmo-actisud.fr\/index.php\/annuler-rendez-vous\/\" \/>\n<meta property=\"og:locale\" content=\"fr_FR\" \/>\n<meta property=\"og:type\" content=\"article\" \/>\n<meta property=\"og:title\" content=\"Annuler rendez-vous - Centre d&#039;Ophtalmologie Actisud\" \/>\n<meta property=\"og:description\" content=\"[vc_row css=\u00a0\u00bb.vc_custom_1660232860067{margin-bottom: 2em !important;background-color: #f9f6f2 !important;border-radius: 20px !important;}\u00a0\u00bb][vc_column][vc_column_text css=\u00a0\u00bb.vc_custom_1660752138396{margin-top: 1em !important;margin-bottom: 2em !important;}\u00a0\u00bb] Vous ne pouvez pas venir \u00e0 votre consultation\u00a0? Vous devez imp\u00e9rativement nous en informer AU MOINS 24H A L\u2019AVANCE &nbsp; Par SMS au 06 52 96 48 95 (num\u00e9ro exclusivement r\u00e9serv\u00e9 \u00e0 l\u2019annulation des rendez-vous. Toute autre demande ne pourra \u00eatre prise&hellip;\" \/>\n<meta property=\"og:url\" content=\"https:\/\/www.ophtalmo-actisud.fr\/index.php\/annuler-rendez-vous\/\" \/>\n<meta property=\"og:site_name\" content=\"Centre d&#039;Ophtalmologie Actisud\" \/>\n<meta property=\"article:publisher\" content=\"https:\/\/www.facebook.com\/Centre-dOphtalmologie-Actisud-109097913829367\" \/>\n<meta property=\"article:modified_time\" content=\"2022-08-17T16:03:03+00:00\" \/>\n<meta name=\"twitter:card\" content=\"summary_large_image\" \/>\n<meta name=\"twitter:label1\" content=\"Dur\u00e9e de lecture estim\u00e9e\" \/>\n\t<meta name=\"twitter:data1\" content=\"2 minutes\" \/>\n<script type=\"application\/ld+json\" class=\"yoast-schema-graph\">{\"@context\":\"https:\\\/\\\/schema.org\",\"@graph\":[{\"@type\":\"WebPage\",\"@id\":\"https:\\\/\\\/www.ophtalmo-actisud.fr\\\/index.php\\\/annuler-rendez-vous\\\/\",\"url\":\"https:\\\/\\\/www.ophtalmo-actisud.fr\\\/index.php\\\/annuler-rendez-vous\\\/\",\"name\":\"Annuler rendez-vous - Centre d&#039;Ophtalmologie Actisud\",\"isPartOf\":{\"@id\":\"https:\\\/\\\/www.ophtalmo-actisud.fr\\\/#website\"},\"datePublished\":\"2022-04-27T07:08:58+00:00\",\"dateModified\":\"2022-08-17T16:03:03+00:00\",\"breadcrumb\":{\"@id\":\"https:\\\/\\\/www.ophtalmo-actisud.fr\\\/index.php\\\/annuler-rendez-vous\\\/#breadcrumb\"},\"inLanguage\":\"fr-FR\",\"potentialAction\":[{\"@type\":\"ReadAction\",\"target\":[\"https:\\\/\\\/www.ophtalmo-actisud.fr\\\/index.php\\\/annuler-rendez-vous\\\/\"]}]},{\"@type\":\"BreadcrumbList\",\"@id\":\"https:\\\/\\\/www.ophtalmo-actisud.fr\\\/index.php\\\/annuler-rendez-vous\\\/#breadcrumb\",\"itemListElement\":[{\"@type\":\"ListItem\",\"position\":1,\"name\":\"Accueil\",\"item\":\"https:\\\/\\\/www.ophtalmo-actisud.fr\\\/\"},{\"@type\":\"ListItem\",\"position\":2,\"name\":\"Annuler rendez-vous\"}]},{\"@type\":\"WebSite\",\"@id\":\"https:\\\/\\\/www.ophtalmo-actisud.fr\\\/#website\",\"url\":\"https:\\\/\\\/www.ophtalmo-actisud.fr\\\/\",\"name\":\"Centre d&#039;Ophtalmologie Actisud\",\"description\":\"Prenez rendez-vous ou obtenez des informations\",\"publisher\":{\"@id\":\"https:\\\/\\\/www.ophtalmo-actisud.fr\\\/#organization\"},\"potentialAction\":[{\"@type\":\"SearchAction\",\"target\":{\"@type\":\"EntryPoint\",\"urlTemplate\":\"https:\\\/\\\/www.ophtalmo-actisud.fr\\\/?s={search_term_string}\"},\"query-input\":{\"@type\":\"PropertyValueSpecification\",\"valueRequired\":true,\"valueName\":\"search_term_string\"}}],\"inLanguage\":\"fr-FR\"},{\"@type\":\"Organization\",\"@id\":\"https:\\\/\\\/www.ophtalmo-actisud.fr\\\/#organization\",\"name\":\"Centre d'Ophtalmologie Actisud\",\"url\":\"https:\\\/\\\/www.ophtalmo-actisud.fr\\\/\",\"logo\":{\"@type\":\"ImageObject\",\"inLanguage\":\"fr-FR\",\"@id\":\"https:\\\/\\\/www.ophtalmo-actisud.fr\\\/#\\\/schema\\\/logo\\\/image\\\/\",\"url\":\"https:\\\/\\\/www.ophtalmo-actisud.fr\\\/wp-content\\\/uploads\\\/2022\\\/08\\\/cropped-logoTransp.png\",\"contentUrl\":\"https:\\\/\\\/www.ophtalmo-actisud.fr\\\/wp-content\\\/uploads\\\/2022\\\/08\\\/cropped-logoTransp.png\",\"width\":512,\"height\":512,\"caption\":\"Centre d'Ophtalmologie Actisud\"},\"image\":{\"@id\":\"https:\\\/\\\/www.ophtalmo-actisud.fr\\\/#\\\/schema\\\/logo\\\/image\\\/\"},\"sameAs\":[\"https:\\\/\\\/www.facebook.com\\\/Centre-dOphtalmologie-Actisud-109097913829367\"]}]}<\/script>\n<!-- \/ Yoast SEO plugin. -->","yoast_head_json":{"title":"Annuler rendez-vous - Centre d&#039;Ophtalmologie Actisud","robots":{"index":"index","follow":"follow","max-snippet":"max-snippet:-1","max-image-preview":"max-image-preview:large","max-video-preview":"max-video-preview:-1"},"canonical":"https:\/\/www.ophtalmo-actisud.fr\/index.php\/annuler-rendez-vous\/","og_locale":"fr_FR","og_type":"article","og_title":"Annuler rendez-vous - Centre d&#039;Ophtalmologie Actisud","og_description":"[vc_row css=\u00a0\u00bb.vc_custom_1660232860067{margin-bottom: 2em !important;background-color: #f9f6f2 !important;border-radius: 20px !important;}\u00a0\u00bb][vc_column][vc_column_text css=\u00a0\u00bb.vc_custom_1660752138396{margin-top: 1em !important;margin-bottom: 2em !important;}\u00a0\u00bb] Vous ne pouvez pas venir \u00e0 votre consultation\u00a0? Vous devez imp\u00e9rativement nous en informer AU MOINS 24H A L\u2019AVANCE &nbsp; Par SMS au 06 52 96 48 95 (num\u00e9ro exclusivement r\u00e9serv\u00e9 \u00e0 l\u2019annulation des rendez-vous. Toute autre demande ne pourra \u00eatre prise&hellip;","og_url":"https:\/\/www.ophtalmo-actisud.fr\/index.php\/annuler-rendez-vous\/","og_site_name":"Centre d&#039;Ophtalmologie Actisud","article_publisher":"https:\/\/www.facebook.com\/Centre-dOphtalmologie-Actisud-109097913829367","article_modified_time":"2022-08-17T16:03:03+00:00","twitter_card":"summary_large_image","twitter_misc":{"Dur\u00e9e de lecture estim\u00e9e":"2 minutes"},"schema":{"@context":"https:\/\/schema.org","@graph":[{"@type":"WebPage","@id":"https:\/\/www.ophtalmo-actisud.fr\/index.php\/annuler-rendez-vous\/","url":"https:\/\/www.ophtalmo-actisud.fr\/index.php\/annuler-rendez-vous\/","name":"Annuler rendez-vous - Centre d&#039;Ophtalmologie Actisud","isPartOf":{"@id":"https:\/\/www.ophtalmo-actisud.fr\/#website"},"datePublished":"2022-04-27T07:08:58+00:00","dateModified":"2022-08-17T16:03:03+00:00","breadcrumb":{"@id":"https:\/\/www.ophtalmo-actisud.fr\/index.php\/annuler-rendez-vous\/#breadcrumb"},"inLanguage":"fr-FR","potentialAction":[{"@type":"ReadAction","target":["https:\/\/www.ophtalmo-actisud.fr\/index.php\/annuler-rendez-vous\/"]}]},{"@type":"BreadcrumbList","@id":"https:\/\/www.ophtalmo-actisud.fr\/index.php\/annuler-rendez-vous\/#breadcrumb","itemListElement":[{"@type":"ListItem","position":1,"name":"Accueil","item":"https:\/\/www.ophtalmo-actisud.fr\/"},{"@type":"ListItem","position":2,"name":"Annuler rendez-vous"}]},{"@type":"WebSite","@id":"https:\/\/www.ophtalmo-actisud.fr\/#website","url":"https:\/\/www.ophtalmo-actisud.fr\/","name":"Centre d&#039;Ophtalmologie Actisud","description":"Prenez rendez-vous ou obtenez des informations","publisher":{"@id":"https:\/\/www.ophtalmo-actisud.fr\/#organization"},"potentialAction":[{"@type":"SearchAction","target":{"@type":"EntryPoint","urlTemplate":"https:\/\/www.ophtalmo-actisud.fr\/?s={search_term_string}"},"query-input":{"@type":"PropertyValueSpecification","valueRequired":true,"valueName":"search_term_string"}}],"inLanguage":"fr-FR"},{"@type":"Organization","@id":"https:\/\/www.ophtalmo-actisud.fr\/#organization","name":"Centre d'Ophtalmologie Actisud","url":"https:\/\/www.ophtalmo-actisud.fr\/","logo":{"@type":"ImageObject","inLanguage":"fr-FR","@id":"https:\/\/www.ophtalmo-actisud.fr\/#\/schema\/logo\/image\/","url":"https:\/\/www.ophtalmo-actisud.fr\/wp-content\/uploads\/2022\/08\/cropped-logoTransp.png","contentUrl":"https:\/\/www.ophtalmo-actisud.fr\/wp-content\/uploads\/2022\/08\/cropped-logoTransp.png","width":512,"height":512,"caption":"Centre d'Ophtalmologie Actisud"},"image":{"@id":"https:\/\/www.ophtalmo-actisud.fr\/#\/schema\/logo\/image\/"},"sameAs":["https:\/\/www.facebook.com\/Centre-dOphtalmologie-Actisud-109097913829367"]}]}},"_links":{"self":[{"href":"https:\/\/www.ophtalmo-actisud.fr\/index.php\/wp-json\/wp\/v2\/pages\/2166","targetHints":{"allow":["GET"]}}],"collection":[{"href":"https:\/\/www.ophtalmo-actisud.fr\/index.php\/wp-json\/wp\/v2\/pages"}],"about":[{"href":"https:\/\/www.ophtalmo-actisud.fr\/index.php\/wp-json\/wp\/v2\/types\/page"}],"author":[{"embeddable":true,"href":"https:\/\/www.ophtalmo-actisud.fr\/index.php\/wp-json\/wp\/v2\/users\/1"}],"replies":[{"embeddable":true,"href":"https:\/\/www.ophtalmo-actisud.fr\/index.php\/wp-json\/wp\/v2\/comments?post=2166"}],"version-history":[{"count":6,"href":"https:\/\/www.ophtalmo-actisud.fr\/index.php\/wp-json\/wp\/v2\/pages\/2166\/revisions"}],"predecessor-version":[{"id":2587,"href":"https:\/\/www.ophtalmo-actisud.fr\/index.php\/wp-json\/wp\/v2\/pages\/2166\/revisions\/2587"}],"wp:attachment":[{"href":"https:\/\/www.ophtalmo-actisud.fr\/index.php\/wp-json\/wp\/v2\/media?parent=2166"}],"curies":[{"name":"wp","href":"https:\/\/api.w.org\/{rel}","templated":true}]}}