{"id":2073,"date":"2022-04-20T15:59:30","date_gmt":"2022-04-20T13:59:30","guid":{"rendered":"http:\/\/xixaoul.cluster031.hosting.ovh.net\/?page_id=2073"},"modified":"2024-06-11T12:17:31","modified_gmt":"2024-06-11T10:17:31","slug":"deroulement-dune-consultation-d-ophtalmologie","status":"publish","type":"page","link":"https:\/\/www.ophtalmo-actisud.fr\/index.php\/deroulement-dune-consultation-d-ophtalmologie\/","title":{"rendered":"D\u00e9roulement d&rsquo;une consultation"},"content":{"rendered":"<p>[vc_row css=\u00a0\u00bb.vc_custom_1657983379911{margin-right: 3em !important;margin-bottom: 4em !important;margin-left: 3em !important;background-color: #f9f6f2 !important;border-radius: 20px !important;}\u00a0\u00bb][vc_column][vc_column_text css=\u00a0\u00bb.vc_custom_1660558696933{margin-top: 1em !important;margin-bottom: 1em !important;}\u00a0\u00bb]<\/p>\n<ul>\n<li><a class=\"or\" href=\"#documents-a-apporter\"><b>Documents \u00e0 apporter lors de ma visite au centre<\/b><\/a><\/li>\n<li><a class=\"ve\" href=\"#deroulement-consultation\"><b>D\u00e9roulement de la consultation<\/b><\/a><\/li>\n<li><a class=\"bl\" href=\"#les-examens-possibles-au-centre\"><b>Les examens possibles au centre<\/b><\/a><\/li>\n<\/ul>\n<p>[\/vc_column_text][\/vc_column][\/vc_row][vc_row css=\u00a0\u00bb.vc_custom_1657983371311{margin-bottom: 2em !important;background-color: #f9f6f2 !important;border-radius: 20px !important;}\u00a0\u00bb][vc_column][vc_column_text css=\u00a0\u00bb.vc_custom_1718100338807{margin-top: -1em !important;margin-bottom: 2em !important;}\u00a0\u00bb el_id=\u00a0\u00bbdocuments-a-apporter\u00a0\u00bb]<\/p>\n<h2><b class=\"or\">DOCUMENTS \u00c0<\/b> <b class=\"or\">APPORTER POUR VOTRE CONSULTATION D&rsquo;OPHTALMOLOGIE<br \/>\n<\/b><\/h2>\n<p>[\/vc_column_text][vc_column_text css=\u00a0\u00bb.vc_custom_1660236046969{margin-bottom: 2em !important;border-radius: 20px !important;}\u00a0\u00bb]<\/p>\n<ul>\n<li>Si vous b\u00e9n\u00e9ficiez de la <b class=\"or\">C2S<\/b> (anciennement CMU ou ACS) : votre <b class=\"or\">attestation datant de moins de 3 mois<\/b><\/li>\n<li>Si vous avez une <b class=\"or\">Affection Longue Dur\u00e9e<\/b> : <b class=\"or\">votre attestation<\/b> ainsi que le <b class=\"or\">protocole de soins complet<\/b><\/li>\n<li>Un document pr\u00e9cisant vos <b class=\"or\">ant\u00e9c\u00e9dents m\u00e9dicaux <\/b>et vos <b class=\"or\">traitements<\/b> si vous ne les connaissez pas exactement<\/li>\n<\/ul>\n<p>&nbsp;<\/p>\n<p>Vos <b class=\"or\">ordonnances<\/b> :<\/p>\n<ul>\n<li>De lunettes si vous venez pour un renouvellement de lunettes et que votre ordonnance est encore valide<\/li>\n<li><b class=\"or\">DE FOND D\u2019\u0152IL POUR UNE R\u00c9TINOPATHIE DIAB\u00c9TIQUE<\/b><\/li>\n<li>De bilan orthoptique\/r\u00e9\u00e9ducation pour un bilan orthoptique ou des s\u00e9ances de r\u00e9\u00e9ducation<\/li>\n<\/ul>\n<p>&nbsp;<\/p>\n<p>Un <b class=\"or\">moyen de paiement<\/b> (esp\u00e8ces, ch\u00e8que bancaire ou carte bleue).[\/vc_column_text][\/vc_column][\/vc_row][vc_row gap=\u00a0\u00bb10&Prime; content_placement=\u00a0\u00bbtop\u00a0\u00bb css=\u00a0\u00bb.vc_custom_1657980895796{margin-bottom: 2em !important;background-color: #f9f6f2 !important;border-radius: 20px !important;}\u00a0\u00bb][vc_column css=\u00a0\u00bb.vc_custom_1660558873474{border-radius: 20px !important;}\u00a0\u00bb][vc_column_text css=\u00a0\u00bb.vc_custom_1718100279837{margin-top: -1em !important;}\u00a0\u00bb el_id=\u00a0\u00bbderoulement-consultation\u00a0\u00bb]<\/p>\n<h2><b class=\"ve\">D\u00e9roulement de la consultation d&rsquo;ophtalmologie<br \/>\n<\/b><\/h2>\n<p>[\/vc_column_text][vc_column_text css=\u00a0\u00bb.vc_custom_1660558834630{margin-top: 1em !important;border-radius: 35px !important;}\u00a0\u00bb]<\/p>\n<h3 style=\"text-align: left;\"><b class=\"ve\">1. Accueil au secr\u00e9tariat<br \/>\n<\/b><\/h3>\n<p>[\/vc_column_text][vc_column_text css=\u00a0\u00bb.vc_custom_1660236056539{margin-top: 1em !important;margin-bottom: 1em !important;}\u00a0\u00bb]La secr\u00e9taire :<\/p>\n<p>&nbsp;<\/p>\n<ul>\n<li>v\u00e9rifie mes coordonn\u00e9es<\/li>\n<li>scanne les documents \u00e0 rajouter \u00e0 mon dossier<\/li>\n<li>m\u2019indique la salle d\u2019attente dans laquelle patienter<\/li>\n<\/ul>\n<p>[\/vc_column_text][vc_column_text css=\u00a0\u00bb.vc_custom_1660558720131{border-radius: 35px !important;}\u00a0\u00bb el_id=\u00a0\u00bbprise-en-charge-par-l-orthoptiste\u00a0\u00bb]<\/p>\n<h3 style=\"text-align: left;\"><b class=\"ve\">2. Prise en charge par l&rsquo;orthoptiste<\/b><\/h3>\n<p>[\/vc_column_text][vc_column_text css=\u00a0\u00bb.vc_custom_1660236061967{margin-top: 1em !important;margin-bottom: 1em !important;}\u00a0\u00bb]L\u2019orthoptiste :<\/p>\n<p>&nbsp;<\/p>\n<ul>\n<li>prend connaissance de mon dossier<\/li>\n<li>r\u00e9alise les diff\u00e9rents examens en fonction de mon motif de consultation, de mes sympt\u00f4mes et de mes ant\u00e9c\u00e9dents familiaux<\/li>\n<li>m\u2019invite \u00e0 patienter de nouveau en salle d\u2019attente pour poursuivre la consultation avec l\u2019ophtalmologue<\/li>\n<\/ul>\n<p>[\/vc_column_text][vc_column_text css=\u00a0\u00bb.vc_custom_1660558726307{border-radius: 35px !important;}\u00a0\u00bb el_id=\u00a0\u00bbprise-en-charge-par-l-ophtalmologue\u00a0\u00bb]<\/p>\n<h3 style=\"text-align: left;\"><b class=\"ve\">3. Prise en charge par l\u2019ophtalmologue<\/b><\/h3>\n<p>[\/vc_column_text][vc_column_text css=\u00a0\u00bb.vc_custom_1660236069135{margin-top: 1em !important;margin-bottom: 1em !important;}\u00a0\u00bb]L\u2019ophtalmologue :<\/p>\n<p>&nbsp;<\/p>\n<ul>\n<li>interpr\u00e8te les examens r\u00e9alis\u00e9s par l\u2019orthoptiste<\/li>\n<li>me donne le diagnostic et la meilleure prise en charge<\/li>\n<li>d\u00e9livre les ordonnances de lunettes et de m\u00e9dicaments<\/li>\n<li>pr\u00e9voit une \u00e9ventuelle consultation de contr\u00f4le<\/li>\n<li>peut m\u2019orienter vers d\u2019autres sp\u00e9cialistes de sant\u00e9<\/li>\n<\/ul>\n<p>[\/vc_column_text][vc_column_text css=\u00a0\u00bb.vc_custom_1660558733433{border-radius: 35px !important;}\u00a0\u00bb el_id=\u00a0\u00bbencaissement-au-secretariat\u00a0\u00bb]<\/p>\n<h3 style=\"text-align: left;\"><b class=\"ve\">4. <b>Encaissement au secr\u00e9tariat<\/b><br \/>\n<\/b><\/h3>\n<p>[\/vc_column_text][vc_column_text css=\u00a0\u00bb.vc_custom_1660753175566{margin-top: 1em !important;margin-bottom: 1em !important;}\u00a0\u00bb]La secr\u00e9taire :<\/p>\n<p>&nbsp;<\/p>\n<ul>\n<li>passe ma carte vitale<\/li>\n<li>encaisse ma consultation<\/li>\n<li>t\u00e9l\u00e9transmet ma facture \u00e0 la caisse d&rsquo;assurance maladie dont je d\u00e9pends<\/li>\n<li>programme avec moi les \u00e9ventuels rendez-vous \u00e0 reprendre<\/li>\n<\/ul>\n<p>[\/vc_column_text][\/vc_column][\/vc_row][vc_row css=\u00a0\u00bb.vc_custom_1659185029172{margin-bottom: 2em !important;background-color: #f9f6f2 !important;border-radius: 20px !important;}\u00a0\u00bb][vc_column][vc_column_text css=\u00a0\u00bb.vc_custom_1718100719677{margin-top: -1em !important;}\u00a0\u00bb el_id=\u00a0\u00bbles-examens-possibles-au-centre\u00a0\u00bb]<\/p>\n<h2><b class=\"bl\">Les examens possibles au centre lors d&rsquo;une consultation d&rsquo;ophtalmologie<br \/>\n<\/b><\/h2>\n<p>[\/vc_column_text][vc_column_text css=\u00a0\u00bb.vc_custom_1660236086219{margin-top: 1em !important;margin-bottom: 2em !important;}\u00a0\u00bb]<\/p>\n<ul>\n<li>La mesure de l\u2019acuit\u00e9 visuelle<\/li>\n<li>L\u2019examen du segment ant\u00e9rieur<\/li>\n<li>L\u2019examen du fond d\u2019\u0153il<\/li>\n<li>La tomographie en coh\u00e9rence optique (OCT)<\/li>\n<li>La r\u00e9tinographie non mydriatique (RNM)<\/li>\n<li>La pachym\u00e9trie<\/li>\n<li>L\u2019examen du champ visuel<\/li>\n<\/ul>\n<p>[\/vc_column_text][\/vc_column][\/vc_row][vc_row][vc_column][vc_column_text]Tout est clair ? <a href=\"https:\/\/www.ophtalmo-actisud.fr\/index.php\/prendre-rdv\/\">Prenez rendez-vous<\/a> ![\/vc_column_text][\/vc_column][\/vc_row]<\/p>\n","protected":false},"excerpt":{"rendered":"<p>[vc_row css=\u00a0\u00bb.vc_custom_1657983379911{margin-right: 3em !important;margin-bottom: 4em !important;margin-left: 3em !important;background-color: #f9f6f2 !important;border-radius: 20px !important;}\u00a0\u00bb][vc_column][vc_column_text css=\u00a0\u00bb.vc_custom_1660558696933{margin-top: 1em !important;margin-bottom: 1em !important;}\u00a0\u00bb] Documents \u00e0 apporter lors de ma visite au centre D\u00e9roulement de la consultation Les examens possibles au centre [\/vc_column_text][\/vc_column][\/vc_row][vc_row css=\u00a0\u00bb.vc_custom_1657983371311{margin-bottom: 2em !important;background-color: #f9f6f2 !important;border-radius: 20px !important;}\u00a0\u00bb][vc_column][vc_column_text css=\u00a0\u00bb.vc_custom_1718100338807{margin-top: -1em !important;margin-bottom: 2em !important;}\u00a0\u00bb el_id=\u00a0\u00bbdocuments-a-apporter\u00a0\u00bb] DOCUMENTS \u00c0 APPORTER POUR VOTRE CONSULTATION&hellip;<\/p>\n","protected":false},"author":1,"featured_media":2715,"parent":0,"menu_order":0,"comment_status":"closed","ping_status":"closed","template":"","meta":{"footnotes":""},"class_list":["post-2073","page","type-page","status-publish","has-post-thumbnail","hentry","description-off"],"yoast_head":"<!-- This site is optimized with the Yoast SEO plugin v27.5 - https:\/\/yoast.com\/product\/yoast-seo-wordpress\/ -->\n<title>D\u00e9roulement d&#039;une consultation - Centre d&#039;Ophtalmologie Actisud<\/title>\n<meta name=\"description\" content=\"Pour pr\u00e9parer au mieux votre consultation d&#039;ophtalmologie, assurez-vous d&#039;amener tous les documents n\u00e9cessaires.\" \/>\n<meta name=\"robots\" content=\"index, follow, max-snippet:-1, max-image-preview:large, max-video-preview:-1\" \/>\n<link rel=\"canonical\" href=\"https:\/\/www.ophtalmo-actisud.fr\/index.php\/deroulement-dune-consultation-d-ophtalmologie\/\" \/>\n<meta property=\"og:locale\" content=\"fr_FR\" \/>\n<meta property=\"og:type\" content=\"article\" \/>\n<meta property=\"og:title\" content=\"D\u00e9roulement d&#039;une consultation - Centre d&#039;Ophtalmologie Actisud\" \/>\n<meta property=\"og:description\" content=\"Pour pr\u00e9parer au mieux votre consultation d&#039;ophtalmologie, assurez-vous d&#039;amener tous les documents n\u00e9cessaires.\" \/>\n<meta property=\"og:url\" content=\"https:\/\/www.ophtalmo-actisud.fr\/index.php\/deroulement-dune-consultation-d-ophtalmologie\/\" \/>\n<meta property=\"og:site_name\" content=\"Centre d&#039;Ophtalmologie Actisud\" \/>\n<meta property=\"article:publisher\" content=\"https:\/\/www.facebook.com\/Centre-dOphtalmologie-Actisud-109097913829367\" \/>\n<meta property=\"article:modified_time\" content=\"2024-06-11T10:17:31+00:00\" \/>\n<meta property=\"og:image\" content=\"https:\/\/www.ophtalmo-actisud.fr\/wp-content\/uploads\/2024\/06\/nrd-aMmDIsdnUro-unsplash-scaled.jpg\" \/>\n\t<meta property=\"og:image:width\" content=\"2560\" \/>\n\t<meta property=\"og:image:height\" content=\"1707\" \/>\n\t<meta property=\"og:image:type\" content=\"image\/jpeg\" \/>\n<meta name=\"twitter:card\" content=\"summary_large_image\" \/>\n<meta name=\"twitter:label1\" content=\"Dur\u00e9e de lecture estim\u00e9e\" \/>\n\t<meta name=\"twitter:data1\" content=\"3 minutes\" \/>\n<script type=\"application\/ld+json\" class=\"yoast-schema-graph\">{\"@context\":\"https:\\\/\\\/schema.org\",\"@graph\":[{\"@type\":\"WebPage\",\"@id\":\"https:\\\/\\\/www.ophtalmo-actisud.fr\\\/index.php\\\/deroulement-dune-consultation-d-ophtalmologie\\\/\",\"url\":\"https:\\\/\\\/www.ophtalmo-actisud.fr\\\/index.php\\\/deroulement-dune-consultation-d-ophtalmologie\\\/\",\"name\":\"D\u00e9roulement d'une consultation - Centre d&#039;Ophtalmologie Actisud\",\"isPartOf\":{\"@id\":\"https:\\\/\\\/www.ophtalmo-actisud.fr\\\/#website\"},\"primaryImageOfPage\":{\"@id\":\"https:\\\/\\\/www.ophtalmo-actisud.fr\\\/index.php\\\/deroulement-dune-consultation-d-ophtalmologie\\\/#primaryimage\"},\"image\":{\"@id\":\"https:\\\/\\\/www.ophtalmo-actisud.fr\\\/index.php\\\/deroulement-dune-consultation-d-ophtalmologie\\\/#primaryimage\"},\"thumbnailUrl\":\"https:\\\/\\\/www.ophtalmo-actisud.fr\\\/wp-content\\\/uploads\\\/2024\\\/06\\\/nrd-aMmDIsdnUro-unsplash-scaled.jpg\",\"datePublished\":\"2022-04-20T13:59:30+00:00\",\"dateModified\":\"2024-06-11T10:17:31+00:00\",\"description\":\"Pour pr\u00e9parer au mieux votre consultation d'ophtalmologie, assurez-vous d'amener tous les documents n\u00e9cessaires.\",\"breadcrumb\":{\"@id\":\"https:\\\/\\\/www.ophtalmo-actisud.fr\\\/index.php\\\/deroulement-dune-consultation-d-ophtalmologie\\\/#breadcrumb\"},\"inLanguage\":\"fr-FR\",\"potentialAction\":[{\"@type\":\"ReadAction\",\"target\":[\"https:\\\/\\\/www.ophtalmo-actisud.fr\\\/index.php\\\/deroulement-dune-consultation-d-ophtalmologie\\\/\"]}]},{\"@type\":\"ImageObject\",\"inLanguage\":\"fr-FR\",\"@id\":\"https:\\\/\\\/www.ophtalmo-actisud.fr\\\/index.php\\\/deroulement-dune-consultation-d-ophtalmologie\\\/#primaryimage\",\"url\":\"https:\\\/\\\/www.ophtalmo-actisud.fr\\\/wp-content\\\/uploads\\\/2024\\\/06\\\/nrd-aMmDIsdnUro-unsplash-scaled.jpg\",\"contentUrl\":\"https:\\\/\\\/www.ophtalmo-actisud.fr\\\/wp-content\\\/uploads\\\/2024\\\/06\\\/nrd-aMmDIsdnUro-unsplash-scaled.jpg\",\"width\":2560,\"height\":1707,\"caption\":\"consultation ophtalmologie\"},{\"@type\":\"BreadcrumbList\",\"@id\":\"https:\\\/\\\/www.ophtalmo-actisud.fr\\\/index.php\\\/deroulement-dune-consultation-d-ophtalmologie\\\/#breadcrumb\",\"itemListElement\":[{\"@type\":\"ListItem\",\"position\":1,\"name\":\"Accueil\",\"item\":\"https:\\\/\\\/www.ophtalmo-actisud.fr\\\/\"},{\"@type\":\"ListItem\",\"position\":2,\"name\":\"D\u00e9roulement d&#8217;une consultation\"}]},{\"@type\":\"WebSite\",\"@id\":\"https:\\\/\\\/www.ophtalmo-actisud.fr\\\/#website\",\"url\":\"https:\\\/\\\/www.ophtalmo-actisud.fr\\\/\",\"name\":\"Centre d&#039;Ophtalmologie Actisud\",\"description\":\"Prenez rendez-vous ou obtenez des informations\",\"publisher\":{\"@id\":\"https:\\\/\\\/www.ophtalmo-actisud.fr\\\/#organization\"},\"potentialAction\":[{\"@type\":\"SearchAction\",\"target\":{\"@type\":\"EntryPoint\",\"urlTemplate\":\"https:\\\/\\\/www.ophtalmo-actisud.fr\\\/?s={search_term_string}\"},\"query-input\":{\"@type\":\"PropertyValueSpecification\",\"valueRequired\":true,\"valueName\":\"search_term_string\"}}],\"inLanguage\":\"fr-FR\"},{\"@type\":\"Organization\",\"@id\":\"https:\\\/\\\/www.ophtalmo-actisud.fr\\\/#organization\",\"name\":\"Centre d'Ophtalmologie Actisud\",\"url\":\"https:\\\/\\\/www.ophtalmo-actisud.fr\\\/\",\"logo\":{\"@type\":\"ImageObject\",\"inLanguage\":\"fr-FR\",\"@id\":\"https:\\\/\\\/www.ophtalmo-actisud.fr\\\/#\\\/schema\\\/logo\\\/image\\\/\",\"url\":\"https:\\\/\\\/www.ophtalmo-actisud.fr\\\/wp-content\\\/uploads\\\/2022\\\/08\\\/cropped-logoTransp.png\",\"contentUrl\":\"https:\\\/\\\/www.ophtalmo-actisud.fr\\\/wp-content\\\/uploads\\\/2022\\\/08\\\/cropped-logoTransp.png\",\"width\":512,\"height\":512,\"caption\":\"Centre d'Ophtalmologie Actisud\"},\"image\":{\"@id\":\"https:\\\/\\\/www.ophtalmo-actisud.fr\\\/#\\\/schema\\\/logo\\\/image\\\/\"},\"sameAs\":[\"https:\\\/\\\/www.facebook.com\\\/Centre-dOphtalmologie-Actisud-109097913829367\"]}]}<\/script>\n<!-- \/ Yoast SEO plugin. -->","yoast_head_json":{"title":"D\u00e9roulement d'une consultation - Centre d&#039;Ophtalmologie Actisud","description":"Pour pr\u00e9parer au mieux votre consultation d'ophtalmologie, assurez-vous d'amener tous les documents n\u00e9cessaires.","robots":{"index":"index","follow":"follow","max-snippet":"max-snippet:-1","max-image-preview":"max-image-preview:large","max-video-preview":"max-video-preview:-1"},"canonical":"https:\/\/www.ophtalmo-actisud.fr\/index.php\/deroulement-dune-consultation-d-ophtalmologie\/","og_locale":"fr_FR","og_type":"article","og_title":"D\u00e9roulement d'une consultation - Centre d&#039;Ophtalmologie Actisud","og_description":"Pour pr\u00e9parer au mieux votre consultation d'ophtalmologie, assurez-vous d'amener tous les documents n\u00e9cessaires.","og_url":"https:\/\/www.ophtalmo-actisud.fr\/index.php\/deroulement-dune-consultation-d-ophtalmologie\/","og_site_name":"Centre d&#039;Ophtalmologie Actisud","article_publisher":"https:\/\/www.facebook.com\/Centre-dOphtalmologie-Actisud-109097913829367","article_modified_time":"2024-06-11T10:17:31+00:00","og_image":[{"width":2560,"height":1707,"url":"https:\/\/www.ophtalmo-actisud.fr\/wp-content\/uploads\/2024\/06\/nrd-aMmDIsdnUro-unsplash-scaled.jpg","type":"image\/jpeg"}],"twitter_card":"summary_large_image","twitter_misc":{"Dur\u00e9e de lecture estim\u00e9e":"3 minutes"},"schema":{"@context":"https:\/\/schema.org","@graph":[{"@type":"WebPage","@id":"https:\/\/www.ophtalmo-actisud.fr\/index.php\/deroulement-dune-consultation-d-ophtalmologie\/","url":"https:\/\/www.ophtalmo-actisud.fr\/index.php\/deroulement-dune-consultation-d-ophtalmologie\/","name":"D\u00e9roulement d'une consultation - Centre d&#039;Ophtalmologie Actisud","isPartOf":{"@id":"https:\/\/www.ophtalmo-actisud.fr\/#website"},"primaryImageOfPage":{"@id":"https:\/\/www.ophtalmo-actisud.fr\/index.php\/deroulement-dune-consultation-d-ophtalmologie\/#primaryimage"},"image":{"@id":"https:\/\/www.ophtalmo-actisud.fr\/index.php\/deroulement-dune-consultation-d-ophtalmologie\/#primaryimage"},"thumbnailUrl":"https:\/\/www.ophtalmo-actisud.fr\/wp-content\/uploads\/2024\/06\/nrd-aMmDIsdnUro-unsplash-scaled.jpg","datePublished":"2022-04-20T13:59:30+00:00","dateModified":"2024-06-11T10:17:31+00:00","description":"Pour pr\u00e9parer au mieux votre consultation d'ophtalmologie, assurez-vous d'amener tous les documents n\u00e9cessaires.","breadcrumb":{"@id":"https:\/\/www.ophtalmo-actisud.fr\/index.php\/deroulement-dune-consultation-d-ophtalmologie\/#breadcrumb"},"inLanguage":"fr-FR","potentialAction":[{"@type":"ReadAction","target":["https:\/\/www.ophtalmo-actisud.fr\/index.php\/deroulement-dune-consultation-d-ophtalmologie\/"]}]},{"@type":"ImageObject","inLanguage":"fr-FR","@id":"https:\/\/www.ophtalmo-actisud.fr\/index.php\/deroulement-dune-consultation-d-ophtalmologie\/#primaryimage","url":"https:\/\/www.ophtalmo-actisud.fr\/wp-content\/uploads\/2024\/06\/nrd-aMmDIsdnUro-unsplash-scaled.jpg","contentUrl":"https:\/\/www.ophtalmo-actisud.fr\/wp-content\/uploads\/2024\/06\/nrd-aMmDIsdnUro-unsplash-scaled.jpg","width":2560,"height":1707,"caption":"consultation ophtalmologie"},{"@type":"BreadcrumbList","@id":"https:\/\/www.ophtalmo-actisud.fr\/index.php\/deroulement-dune-consultation-d-ophtalmologie\/#breadcrumb","itemListElement":[{"@type":"ListItem","position":1,"name":"Accueil","item":"https:\/\/www.ophtalmo-actisud.fr\/"},{"@type":"ListItem","position":2,"name":"D\u00e9roulement d&#8217;une consultation"}]},{"@type":"WebSite","@id":"https:\/\/www.ophtalmo-actisud.fr\/#website","url":"https:\/\/www.ophtalmo-actisud.fr\/","name":"Centre d&#039;Ophtalmologie Actisud","description":"Prenez rendez-vous ou obtenez des informations","publisher":{"@id":"https:\/\/www.ophtalmo-actisud.fr\/#organization"},"potentialAction":[{"@type":"SearchAction","target":{"@type":"EntryPoint","urlTemplate":"https:\/\/www.ophtalmo-actisud.fr\/?s={search_term_string}"},"query-input":{"@type":"PropertyValueSpecification","valueRequired":true,"valueName":"search_term_string"}}],"inLanguage":"fr-FR"},{"@type":"Organization","@id":"https:\/\/www.ophtalmo-actisud.fr\/#organization","name":"Centre d'Ophtalmologie Actisud","url":"https:\/\/www.ophtalmo-actisud.fr\/","logo":{"@type":"ImageObject","inLanguage":"fr-FR","@id":"https:\/\/www.ophtalmo-actisud.fr\/#\/schema\/logo\/image\/","url":"https:\/\/www.ophtalmo-actisud.fr\/wp-content\/uploads\/2022\/08\/cropped-logoTransp.png","contentUrl":"https:\/\/www.ophtalmo-actisud.fr\/wp-content\/uploads\/2022\/08\/cropped-logoTransp.png","width":512,"height":512,"caption":"Centre d'Ophtalmologie Actisud"},"image":{"@id":"https:\/\/www.ophtalmo-actisud.fr\/#\/schema\/logo\/image\/"},"sameAs":["https:\/\/www.facebook.com\/Centre-dOphtalmologie-Actisud-109097913829367"]}]}},"_links":{"self":[{"href":"https:\/\/www.ophtalmo-actisud.fr\/index.php\/wp-json\/wp\/v2\/pages\/2073","targetHints":{"allow":["GET"]}}],"collection":[{"href":"https:\/\/www.ophtalmo-actisud.fr\/index.php\/wp-json\/wp\/v2\/pages"}],"about":[{"href":"https:\/\/www.ophtalmo-actisud.fr\/index.php\/wp-json\/wp\/v2\/types\/page"}],"author":[{"embeddable":true,"href":"https:\/\/www.ophtalmo-actisud.fr\/index.php\/wp-json\/wp\/v2\/users\/1"}],"replies":[{"embeddable":true,"href":"https:\/\/www.ophtalmo-actisud.fr\/index.php\/wp-json\/wp\/v2\/comments?post=2073"}],"version-history":[{"count":28,"href":"https:\/\/www.ophtalmo-actisud.fr\/index.php\/wp-json\/wp\/v2\/pages\/2073\/revisions"}],"predecessor-version":[{"id":2716,"href":"https:\/\/www.ophtalmo-actisud.fr\/index.php\/wp-json\/wp\/v2\/pages\/2073\/revisions\/2716"}],"wp:featuredmedia":[{"embeddable":true,"href":"https:\/\/www.ophtalmo-actisud.fr\/index.php\/wp-json\/wp\/v2\/media\/2715"}],"wp:attachment":[{"href":"https:\/\/www.ophtalmo-actisud.fr\/index.php\/wp-json\/wp\/v2\/media?parent=2073"}],"curies":[{"name":"wp","href":"https:\/\/api.w.org\/{rel}","templated":true}]}}