{"id":2071,"date":"2022-04-20T15:59:08","date_gmt":"2022-04-20T13:59:08","guid":{"rendered":"http:\/\/xixaoul.cluster031.hosting.ovh.net\/?page_id=2071"},"modified":"2024-06-17T12:06:36","modified_gmt":"2024-06-17T10:06:36","slug":"les-infirmiers-ophtalmologie","status":"publish","type":"page","link":"https:\/\/www.ophtalmo-actisud.fr\/index.php\/les-infirmiers-ophtalmologie\/","title":{"rendered":"Infirmiers en ophtalmologie et assistants m\u00e9dico-techniques"},"content":{"rendered":"<p>[vc_row css=\u00a0\u00bb.vc_custom_1660558260927{margin-bottom: 2em !important;}\u00a0\u00bb][vc_column][vc_column_text]<div class=\"tmm tmm_infirmiers\"><div class=\"tmm_4_columns tmm_wrap tmm_plugin_f\"><span class=\"tmm_two_containers_tablet\"><\/span><div class=\"tmm_container\"><div class=\"tmm_member\" style=\"border-top:#eaa09a solid 5px;\"><div class=\"tmm_photo tmm_pic_infirmiers_0\" style=\"background: url(https:\/\/www.ophtalmo-actisud.fr\/wp-content\/uploads\/2022\/08\/croped_\u220f-raoul-gilibert-14.jpeg); margin-left: auto; margin-right:auto; background-size:cover !important;\"><\/div><div class=\"tmm_textblock\"><div class=\"tmm_names\"><span class=\"tmm_fname\">Philippe<\/span> <span class=\"tmm_lname\">Junker<\/span><\/div><div class=\"tmm_job\">Infirmier<\/div><div class=\"tmm_scblock\"><\/div><\/div><\/div><div class=\"tmm_member\" style=\"border-top:#eaa09a solid 5px;\"><div class=\"tmm_photo tmm_pic_infirmiers_1\" style=\"background: url(https:\/\/www.ophtalmo-actisud.fr\/wp-content\/uploads\/2022\/08\/croped_\u220f-raoul-gilibert-09.jpeg); margin-left: auto; margin-right:auto; background-size:cover !important;\"><\/div><div class=\"tmm_textblock\"><div class=\"tmm_names\"><span class=\"tmm_fname\">L\u00e9a<\/span> <span class=\"tmm_lname\">Do Van<\/span><\/div><div class=\"tmm_job\">Assistante m\u00e9dico-technique<\/div><div class=\"tmm_scblock\"><\/div><\/div><\/div><span class=\"tmm_two_containers_tablet\"><\/span><div class=\"tmm_member\" style=\"border-top:#eaa09a solid 5px;\"><div class=\"tmm_photo tmm_pic_infirmiers_2\" style=\"background: url(https:\/\/www.ophtalmo-actisud.fr\/wp-content\/uploads\/2026\/01\/Emilie-DEGOUTIN.jpg); margin-left: auto; margin-right:auto; background-size:cover !important;\"><\/div><div class=\"tmm_textblock\"><div class=\"tmm_names\"><span class=\"tmm_fname\">Emilie<\/span> <span class=\"tmm_lname\">Degoutin<\/span><\/div><div class=\"tmm_job\">Opticienne<\/div><div class=\"tmm_scblock\"><\/div><\/div><\/div><div style=\"clear:both;\"><\/div><\/div><\/div><\/div>[\/vc_column_text][\/vc_column][\/vc_row][vc_row css=\u00a0\u00bb.vc_custom_1659188866905{margin-bottom: 2em !important;background-color: #f9f6f2 !important;border-radius: 20px !important;}\u00a0\u00bb][vc_column][vc_column_text css=\u00a0\u00bb.vc_custom_1659189024362{margin-top: -1em !important;}\u00a0\u00bb]<\/p>\n<h2><b class=\"bl\">Qui sont-ils ?<br \/>\n<\/b><\/h2>\n<p>[\/vc_column_text][vc_column_text css=\u00a0\u00bb.vc_custom_1718618741450{margin-top: 1em !important;margin-bottom: 2em !important;}\u00a0\u00bb]Les infirmiers en ophtalmologie sont des professionnels de sant\u00e9 sp\u00e9cialis\u00e9s dans les soins des paupi\u00e8res et l&rsquo;assistance en chirurgie ophtalmologique. Ils poss\u00e8dent un dipl\u00f4me d&rsquo;\u00c9tat obtenu apr\u00e8s trois ann\u00e9es d&rsquo;\u00e9tudes rigoureuses. Ces infirmiers jouent un r\u00f4le essentiel dans le suivi et le traitement des patients ayant des probl\u00e8mes oculaires.<\/p>\n<p>En compl\u00e9ment, l&rsquo;assistant m\u00e9dico-technique pr\u00e9pare les \u00e9l\u00e9ments n\u00e9cessaires pour les actes r\u00e9alis\u00e9s par l&rsquo;ophtalmologue et assure le suivi m\u00e9dico-administratif des patients. Ce professionnel a \u00e9t\u00e9 form\u00e9 aux gestes m\u00e9dico-techniques pour assister efficacement l&rsquo;ophtalmologue.[\/vc_column_text][\/vc_column][\/vc_row][vc_row css=\u00a0\u00bb.vc_custom_1659188866905{margin-bottom: 2em !important;background-color: #f9f6f2 !important;border-radius: 20px !important;}\u00a0\u00bb][vc_column][vc_column_text css=\u00a0\u00bb.vc_custom_1659189015440{margin-top: -1em !important;}\u00a0\u00bb]<\/p>\n<h2><b class=\"bl\">Leurs responsabilit\u00e9s<br \/>\n<\/b><\/h2>\n<p>[\/vc_column_text][vc_column_text css=\u00a0\u00bb.vc_custom_1718618095087{margin-top: 1em !important;margin-bottom: 2em !important;}\u00a0\u00bb]Les infirmiers et les assistants m\u00e9dico-techniques ont des responsabilit\u00e9s vari\u00e9es et sp\u00e9cialis\u00e9es. Form\u00e9s sur la <a href=\"https:\/\/www.ophtalmo-actisud.fr\/index.php\/pathologies-occulaires\/\">s\u00e9cheresse oculaire<\/a>, ils r\u00e9alisent l&rsquo;examen LipiView, qui analyse l&rsquo;\u00e9tat des glandes de Meibomius pour le d\u00e9pistage et le diagnostic de la s\u00e9cheresse oculaire. De plus, ils assistent le m\u00e9decin lors des injections intravitr\u00e9ennes (IVT) et les actes chirurgicaux r\u00e9alis\u00e9s au cabinet.<\/p>\n<p>L&rsquo;infirmier pratique \u00e9galement des soins de mani\u00e8re autonome, tels que le LipiFlow, le BlephEx, et les traitements par lumi\u00e8re puls\u00e9e intense (IPL). Il offre \u00e9galement une \u00e9ducation th\u00e9rapeutique aux patients pour les aider \u00e0 mieux g\u00e9rer leur s\u00e9cheresse oculaire.[\/vc_column_text][\/vc_column][\/vc_row][vc_row css=\u00a0\u00bb.vc_custom_1659188866905{margin-bottom: 2em !important;background-color: #f9f6f2 !important;border-radius: 20px !important;}\u00a0\u00bb][vc_column][vc_column_text css=\u00a0\u00bb.vc_custom_1718618146646{margin-top: -1em !important;}\u00a0\u00bb]<\/p>\n<h2><b class=\"bl\">Les actes r\u00e9alis\u00e9s par les infirmiers en ophtalmologie<br \/>\n<\/b><\/h2>\n<p>[\/vc_column_text][vc_column_text css=\u00a0\u00bb.vc_custom_1718618183948{margin-top: 1em !important;margin-bottom: 2em !important;}\u00a0\u00bb]En plus des soins autonomes, l&rsquo;infirmier peut assister l&rsquo;ophtalmologue lors de divers actes m\u00e9dicaux et chirurgicaux, notamment :<\/p>\n<ul>\n<li>Angiographies : Il assiste lors de la r\u00e9alisation de ces examens pour visualiser les vaisseaux sanguins de la r\u00e9tine.<\/li>\n<li>Chirurgies : L&rsquo;infirmier est pr\u00e9sent lors des interventions chirurgicales telles que la chirurgie de la cataracte ou du glaucome.<\/li>\n<li>Retrait de fils de suture : Il effectue le retrait des fils de suture post-op\u00e9ratoires sous la supervision de l&rsquo;ophtalmologue.<\/li>\n<\/ul>\n<p>Les infirmiers et les assistants m\u00e9dico-techniques jouent un r\u00f4le crucial dans le parcours de soin des patients. Leur expertise et leur assistance permettent aux ophtalmologues de garantir des soins de haute qualit\u00e9.<\/p>\n<p>Avec une \u00e9quipe d\u00e9di\u00e9e et comp\u00e9tente, les patients peuvent b\u00e9n\u00e9ficier d&rsquo;un suivi personnalis\u00e9 et de soins adapt\u00e9s \u00e0 leurs besoins sp\u00e9cifiques en ophtalmologie.[\/vc_column_text][\/vc_column][\/vc_row][vc_row content_placement=\u00a0\u00bbmiddle\u00a0\u00bb css=\u00a0\u00bb.vc_custom_1660567550892{margin-bottom: 2em !important;}\u00a0\u00bb][vc_column width=\u00a0\u00bb1\/2&Prime;][vc_column_text css=\u00a0\u00bb.vc_custom_1660753786043{margin-bottom: 1em !important;}\u00a0\u00bb]<\/p>\n<h2 style=\"color: #f4d061; text-align: center;\"><strong>D\u00e9couvrir notre \u00e9quipe :<br \/>\n<\/strong><\/h2>\n<p>[\/vc_column_text][\/vc_column][vc_column width=\u00a0\u00bb1\/2&Prime;]<div id=\"highlight-box-wrap-2103\"  data-ultimate-target='#highlight-box-wrap-2103'  data-responsive-json-new='{\"font-size\":\"desktop:25px;\",\"line-height\":\"\"}'  class=\"ultimate-call-to-action ult-adjust-bottom-margin roundCornered ctaction-text-center ult-responsive\" style=\"font-family:Montserrat;font-weight:normal;color:#ffffff;background:#f4d061;padding-top:20px;padding-bottom:20px;margin-top:0em;margin-bottom:0.5em;\"  data-background=\"#f4d061\"  data-background-hover=\"#fa9258\"  data-override=\"0\" ><div class=\"uvc-ctaction-data uvc-ctaction-data-no-effect ult-responsive\"><\/p>\n<p style=\"text-align: center;\"><strong>OPHTALMOLOGUES<\/strong><\/p>\n<p><\/div><a class=\"ulimate-call-to-action-link\" href=\"\/index.php\/les-ophtalmologues\/\" title=\"Ophtalmologues\" ><\/a><\/div><div id=\"highlight-box-wrap-6009\"  data-ultimate-target='#highlight-box-wrap-6009'  data-responsive-json-new='{\"font-size\":\"desktop:25px;\",\"line-height\":\"\"}'  class=\"ultimate-call-to-action ult-adjust-bottom-margin roundCornered ctaction-text-center ult-responsive\" style=\"font-family:Montserrat;font-weight:normal;color:#ffffff;background:#f4d061;padding-top:20px;padding-bottom:20px;margin-top:0px;margin-bottom:0px;\"  data-background=\"#f4d061\"  data-background-hover=\"#fa9258\"  data-override=\"0\" ><div class=\"uvc-ctaction-data uvc-ctaction-data-no-effect ult-responsive\"><\/p>\n<p style=\"text-align: center;\"><strong>ORTHOPTISTES<\/strong><\/p>\n<p><\/div><a class=\"ulimate-call-to-action-link\" href=\"\/index.php\/les-orthoptistes\/\" title=\"Orthoptistes\" ><\/a><\/div>[\/vc_column][\/vc_row][vc_row css=\u00a0\u00bb.vc_custom_1659188866905{margin-bottom: 2em !important;background-color: #f9f6f2 !important;border-radius: 20px !important;}\u00a0\u00bb][vc_column][vc_column_text css=\u00a0\u00bb.vc_custom_1718618671441{margin-top: 1em !important;margin-bottom: 2em !important;}\u00a0\u00bb]Pour en savoir plus sur le travail en \u00e9quipe pluri-professionnelle en ophtalmologie, <a href=\"https:\/\/www.snof.org\/2022-ophtalmologie-travail-en-quipe-pluri-professionnelle-nouvel-atout-pour-r-duire-d-lais-rdv-et-am\">cliquez ici<\/a>.[\/vc_column_text][\/vc_column][\/vc_row]<\/p>\n","protected":false},"excerpt":{"rendered":"<p>[vc_row css=\u00a0\u00bb.vc_custom_1660558260927{margin-bottom: 2em !important;}\u00a0\u00bb][vc_column][vc_column_text][\/vc_column_text][\/vc_column][\/vc_row][vc_row css=\u00a0\u00bb.vc_custom_1659188866905{margin-bottom: 2em !important;background-color: #f9f6f2 !important;border-radius: 20px !important;}\u00a0\u00bb][vc_column][vc_column_text css=\u00a0\u00bb.vc_custom_1659189024362{margin-top: -1em !important;}\u00a0\u00bb] Qui sont-ils ? [\/vc_column_text][vc_column_text css=\u00a0\u00bb.vc_custom_1718618741450{margin-top: 1em !important;margin-bottom: 2em !important;}\u00a0\u00bb]Les infirmiers en ophtalmologie sont des professionnels de sant\u00e9 sp\u00e9cialis\u00e9s dans les soins des paupi\u00e8res et l&rsquo;assistance en chirurgie ophtalmologique. Ils poss\u00e8dent un dipl\u00f4me d&rsquo;\u00c9tat obtenu apr\u00e8s trois ann\u00e9es d&rsquo;\u00e9tudes rigoureuses. Ces infirmiers&hellip;<\/p>\n","protected":false},"author":1,"featured_media":2474,"parent":0,"menu_order":0,"comment_status":"closed","ping_status":"closed","template":"","meta":{"footnotes":""},"class_list":["post-2071","page","type-page","status-publish","has-post-thumbnail","hentry","description-off"],"yoast_head":"<!-- This site is optimized with the Yoast SEO plugin v27.5 - https:\/\/yoast.com\/product\/yoast-seo-wordpress\/ -->\n<title>Infirmiers en ophtalmologie et assistants m\u00e9dico-techniques - Centre d&#039;Ophtalmologie Actisud<\/title>\n<meta name=\"description\" content=\"Les infirmiers en ophtalmologie sont sp\u00e9cialis\u00e9s dans les soins des paupi\u00e8res et l&#039;assistance en chirurgie ophtalmologique.\" \/>\n<meta name=\"robots\" content=\"index, follow, max-snippet:-1, max-image-preview:large, max-video-preview:-1\" \/>\n<link rel=\"canonical\" href=\"https:\/\/www.ophtalmo-actisud.fr\/index.php\/les-infirmiers-ophtalmologie\/\" \/>\n<meta property=\"og:locale\" content=\"fr_FR\" \/>\n<meta property=\"og:type\" content=\"article\" \/>\n<meta property=\"og:title\" content=\"Infirmiers en ophtalmologie et assistants m\u00e9dico-techniques - Centre d&#039;Ophtalmologie Actisud\" \/>\n<meta property=\"og:description\" content=\"Les infirmiers en ophtalmologie sont sp\u00e9cialis\u00e9s dans les soins des paupi\u00e8res et l&#039;assistance en chirurgie ophtalmologique.\" \/>\n<meta property=\"og:url\" content=\"https:\/\/www.ophtalmo-actisud.fr\/index.php\/les-infirmiers-ophtalmologie\/\" \/>\n<meta property=\"og:site_name\" content=\"Centre d&#039;Ophtalmologie Actisud\" \/>\n<meta property=\"article:publisher\" content=\"https:\/\/www.facebook.com\/Centre-dOphtalmologie-Actisud-109097913829367\" \/>\n<meta property=\"article:modified_time\" content=\"2024-06-17T10:06:36+00:00\" \/>\n<meta property=\"og:image\" content=\"https:\/\/www.ophtalmo-actisud.fr\/wp-content\/uploads\/2022\/08\/croped_\u220f-raoul-gilibert-14.jpeg\" \/>\n\t<meta property=\"og:image:width\" content=\"452\" \/>\n\t<meta property=\"og:image:height\" content=\"500\" \/>\n\t<meta property=\"og:image:type\" content=\"image\/jpeg\" \/>\n<meta name=\"twitter:card\" content=\"summary_large_image\" \/>\n<meta name=\"twitter:label1\" content=\"Dur\u00e9e de lecture estim\u00e9e\" \/>\n\t<meta name=\"twitter:data1\" content=\"3 minutes\" \/>\n<script type=\"application\/ld+json\" class=\"yoast-schema-graph\">{\"@context\":\"https:\\\/\\\/schema.org\",\"@graph\":[{\"@type\":\"WebPage\",\"@id\":\"https:\\\/\\\/www.ophtalmo-actisud.fr\\\/index.php\\\/les-infirmiers-ophtalmologie\\\/\",\"url\":\"https:\\\/\\\/www.ophtalmo-actisud.fr\\\/index.php\\\/les-infirmiers-ophtalmologie\\\/\",\"name\":\"Infirmiers en ophtalmologie et assistants m\u00e9dico-techniques - Centre d&#039;Ophtalmologie Actisud\",\"isPartOf\":{\"@id\":\"https:\\\/\\\/www.ophtalmo-actisud.fr\\\/#website\"},\"primaryImageOfPage\":{\"@id\":\"https:\\\/\\\/www.ophtalmo-actisud.fr\\\/index.php\\\/les-infirmiers-ophtalmologie\\\/#primaryimage\"},\"image\":{\"@id\":\"https:\\\/\\\/www.ophtalmo-actisud.fr\\\/index.php\\\/les-infirmiers-ophtalmologie\\\/#primaryimage\"},\"thumbnailUrl\":\"https:\\\/\\\/www.ophtalmo-actisud.fr\\\/wp-content\\\/uploads\\\/2022\\\/08\\\/croped_\u220f-raoul-gilibert-14.jpeg\",\"datePublished\":\"2022-04-20T13:59:08+00:00\",\"dateModified\":\"2024-06-17T10:06:36+00:00\",\"description\":\"Les infirmiers en ophtalmologie sont sp\u00e9cialis\u00e9s dans les soins des paupi\u00e8res et l'assistance en chirurgie ophtalmologique.\",\"breadcrumb\":{\"@id\":\"https:\\\/\\\/www.ophtalmo-actisud.fr\\\/index.php\\\/les-infirmiers-ophtalmologie\\\/#breadcrumb\"},\"inLanguage\":\"fr-FR\",\"potentialAction\":[{\"@type\":\"ReadAction\",\"target\":[\"https:\\\/\\\/www.ophtalmo-actisud.fr\\\/index.php\\\/les-infirmiers-ophtalmologie\\\/\"]}]},{\"@type\":\"ImageObject\",\"inLanguage\":\"fr-FR\",\"@id\":\"https:\\\/\\\/www.ophtalmo-actisud.fr\\\/index.php\\\/les-infirmiers-ophtalmologie\\\/#primaryimage\",\"url\":\"https:\\\/\\\/www.ophtalmo-actisud.fr\\\/wp-content\\\/uploads\\\/2022\\\/08\\\/croped_\u220f-raoul-gilibert-14.jpeg\",\"contentUrl\":\"https:\\\/\\\/www.ophtalmo-actisud.fr\\\/wp-content\\\/uploads\\\/2022\\\/08\\\/croped_\u220f-raoul-gilibert-14.jpeg\",\"width\":452,\"height\":500,\"caption\":\"infirmiers ophtalmologie\"},{\"@type\":\"BreadcrumbList\",\"@id\":\"https:\\\/\\\/www.ophtalmo-actisud.fr\\\/index.php\\\/les-infirmiers-ophtalmologie\\\/#breadcrumb\",\"itemListElement\":[{\"@type\":\"ListItem\",\"position\":1,\"name\":\"Accueil\",\"item\":\"https:\\\/\\\/www.ophtalmo-actisud.fr\\\/\"},{\"@type\":\"ListItem\",\"position\":2,\"name\":\"Infirmiers en ophtalmologie et assistants m\u00e9dico-techniques\"}]},{\"@type\":\"WebSite\",\"@id\":\"https:\\\/\\\/www.ophtalmo-actisud.fr\\\/#website\",\"url\":\"https:\\\/\\\/www.ophtalmo-actisud.fr\\\/\",\"name\":\"Centre d&#039;Ophtalmologie Actisud\",\"description\":\"Prenez rendez-vous ou obtenez des informations\",\"publisher\":{\"@id\":\"https:\\\/\\\/www.ophtalmo-actisud.fr\\\/#organization\"},\"potentialAction\":[{\"@type\":\"SearchAction\",\"target\":{\"@type\":\"EntryPoint\",\"urlTemplate\":\"https:\\\/\\\/www.ophtalmo-actisud.fr\\\/?s={search_term_string}\"},\"query-input\":{\"@type\":\"PropertyValueSpecification\",\"valueRequired\":true,\"valueName\":\"search_term_string\"}}],\"inLanguage\":\"fr-FR\"},{\"@type\":\"Organization\",\"@id\":\"https:\\\/\\\/www.ophtalmo-actisud.fr\\\/#organization\",\"name\":\"Centre d'Ophtalmologie Actisud\",\"url\":\"https:\\\/\\\/www.ophtalmo-actisud.fr\\\/\",\"logo\":{\"@type\":\"ImageObject\",\"inLanguage\":\"fr-FR\",\"@id\":\"https:\\\/\\\/www.ophtalmo-actisud.fr\\\/#\\\/schema\\\/logo\\\/image\\\/\",\"url\":\"https:\\\/\\\/www.ophtalmo-actisud.fr\\\/wp-content\\\/uploads\\\/2022\\\/08\\\/cropped-logoTransp.png\",\"contentUrl\":\"https:\\\/\\\/www.ophtalmo-actisud.fr\\\/wp-content\\\/uploads\\\/2022\\\/08\\\/cropped-logoTransp.png\",\"width\":512,\"height\":512,\"caption\":\"Centre d'Ophtalmologie Actisud\"},\"image\":{\"@id\":\"https:\\\/\\\/www.ophtalmo-actisud.fr\\\/#\\\/schema\\\/logo\\\/image\\\/\"},\"sameAs\":[\"https:\\\/\\\/www.facebook.com\\\/Centre-dOphtalmologie-Actisud-109097913829367\"]}]}<\/script>\n<!-- \/ Yoast SEO plugin. -->","yoast_head_json":{"title":"Infirmiers en ophtalmologie et assistants m\u00e9dico-techniques - Centre d&#039;Ophtalmologie Actisud","description":"Les infirmiers en ophtalmologie sont sp\u00e9cialis\u00e9s dans les soins des paupi\u00e8res et l'assistance en chirurgie ophtalmologique.","robots":{"index":"index","follow":"follow","max-snippet":"max-snippet:-1","max-image-preview":"max-image-preview:large","max-video-preview":"max-video-preview:-1"},"canonical":"https:\/\/www.ophtalmo-actisud.fr\/index.php\/les-infirmiers-ophtalmologie\/","og_locale":"fr_FR","og_type":"article","og_title":"Infirmiers en ophtalmologie et assistants m\u00e9dico-techniques - Centre d&#039;Ophtalmologie Actisud","og_description":"Les infirmiers en ophtalmologie sont sp\u00e9cialis\u00e9s dans les soins des paupi\u00e8res et l'assistance en chirurgie ophtalmologique.","og_url":"https:\/\/www.ophtalmo-actisud.fr\/index.php\/les-infirmiers-ophtalmologie\/","og_site_name":"Centre d&#039;Ophtalmologie Actisud","article_publisher":"https:\/\/www.facebook.com\/Centre-dOphtalmologie-Actisud-109097913829367","article_modified_time":"2024-06-17T10:06:36+00:00","og_image":[{"width":452,"height":500,"url":"https:\/\/www.ophtalmo-actisud.fr\/wp-content\/uploads\/2022\/08\/croped_\u220f-raoul-gilibert-14.jpeg","type":"image\/jpeg"}],"twitter_card":"summary_large_image","twitter_misc":{"Dur\u00e9e de lecture estim\u00e9e":"3 minutes"},"schema":{"@context":"https:\/\/schema.org","@graph":[{"@type":"WebPage","@id":"https:\/\/www.ophtalmo-actisud.fr\/index.php\/les-infirmiers-ophtalmologie\/","url":"https:\/\/www.ophtalmo-actisud.fr\/index.php\/les-infirmiers-ophtalmologie\/","name":"Infirmiers en ophtalmologie et assistants m\u00e9dico-techniques - Centre d&#039;Ophtalmologie Actisud","isPartOf":{"@id":"https:\/\/www.ophtalmo-actisud.fr\/#website"},"primaryImageOfPage":{"@id":"https:\/\/www.ophtalmo-actisud.fr\/index.php\/les-infirmiers-ophtalmologie\/#primaryimage"},"image":{"@id":"https:\/\/www.ophtalmo-actisud.fr\/index.php\/les-infirmiers-ophtalmologie\/#primaryimage"},"thumbnailUrl":"https:\/\/www.ophtalmo-actisud.fr\/wp-content\/uploads\/2022\/08\/croped_\u220f-raoul-gilibert-14.jpeg","datePublished":"2022-04-20T13:59:08+00:00","dateModified":"2024-06-17T10:06:36+00:00","description":"Les infirmiers en ophtalmologie sont sp\u00e9cialis\u00e9s dans les soins des paupi\u00e8res et l'assistance en chirurgie ophtalmologique.","breadcrumb":{"@id":"https:\/\/www.ophtalmo-actisud.fr\/index.php\/les-infirmiers-ophtalmologie\/#breadcrumb"},"inLanguage":"fr-FR","potentialAction":[{"@type":"ReadAction","target":["https:\/\/www.ophtalmo-actisud.fr\/index.php\/les-infirmiers-ophtalmologie\/"]}]},{"@type":"ImageObject","inLanguage":"fr-FR","@id":"https:\/\/www.ophtalmo-actisud.fr\/index.php\/les-infirmiers-ophtalmologie\/#primaryimage","url":"https:\/\/www.ophtalmo-actisud.fr\/wp-content\/uploads\/2022\/08\/croped_\u220f-raoul-gilibert-14.jpeg","contentUrl":"https:\/\/www.ophtalmo-actisud.fr\/wp-content\/uploads\/2022\/08\/croped_\u220f-raoul-gilibert-14.jpeg","width":452,"height":500,"caption":"infirmiers ophtalmologie"},{"@type":"BreadcrumbList","@id":"https:\/\/www.ophtalmo-actisud.fr\/index.php\/les-infirmiers-ophtalmologie\/#breadcrumb","itemListElement":[{"@type":"ListItem","position":1,"name":"Accueil","item":"https:\/\/www.ophtalmo-actisud.fr\/"},{"@type":"ListItem","position":2,"name":"Infirmiers en ophtalmologie et assistants m\u00e9dico-techniques"}]},{"@type":"WebSite","@id":"https:\/\/www.ophtalmo-actisud.fr\/#website","url":"https:\/\/www.ophtalmo-actisud.fr\/","name":"Centre d&#039;Ophtalmologie Actisud","description":"Prenez rendez-vous ou obtenez des informations","publisher":{"@id":"https:\/\/www.ophtalmo-actisud.fr\/#organization"},"potentialAction":[{"@type":"SearchAction","target":{"@type":"EntryPoint","urlTemplate":"https:\/\/www.ophtalmo-actisud.fr\/?s={search_term_string}"},"query-input":{"@type":"PropertyValueSpecification","valueRequired":true,"valueName":"search_term_string"}}],"inLanguage":"fr-FR"},{"@type":"Organization","@id":"https:\/\/www.ophtalmo-actisud.fr\/#organization","name":"Centre d'Ophtalmologie Actisud","url":"https:\/\/www.ophtalmo-actisud.fr\/","logo":{"@type":"ImageObject","inLanguage":"fr-FR","@id":"https:\/\/www.ophtalmo-actisud.fr\/#\/schema\/logo\/image\/","url":"https:\/\/www.ophtalmo-actisud.fr\/wp-content\/uploads\/2022\/08\/cropped-logoTransp.png","contentUrl":"https:\/\/www.ophtalmo-actisud.fr\/wp-content\/uploads\/2022\/08\/cropped-logoTransp.png","width":512,"height":512,"caption":"Centre d'Ophtalmologie Actisud"},"image":{"@id":"https:\/\/www.ophtalmo-actisud.fr\/#\/schema\/logo\/image\/"},"sameAs":["https:\/\/www.facebook.com\/Centre-dOphtalmologie-Actisud-109097913829367"]}]}},"_links":{"self":[{"href":"https:\/\/www.ophtalmo-actisud.fr\/index.php\/wp-json\/wp\/v2\/pages\/2071","targetHints":{"allow":["GET"]}}],"collection":[{"href":"https:\/\/www.ophtalmo-actisud.fr\/index.php\/wp-json\/wp\/v2\/pages"}],"about":[{"href":"https:\/\/www.ophtalmo-actisud.fr\/index.php\/wp-json\/wp\/v2\/types\/page"}],"author":[{"embeddable":true,"href":"https:\/\/www.ophtalmo-actisud.fr\/index.php\/wp-json\/wp\/v2\/users\/1"}],"replies":[{"embeddable":true,"href":"https:\/\/www.ophtalmo-actisud.fr\/index.php\/wp-json\/wp\/v2\/comments?post=2071"}],"version-history":[{"count":14,"href":"https:\/\/www.ophtalmo-actisud.fr\/index.php\/wp-json\/wp\/v2\/pages\/2071\/revisions"}],"predecessor-version":[{"id":2732,"href":"https:\/\/www.ophtalmo-actisud.fr\/index.php\/wp-json\/wp\/v2\/pages\/2071\/revisions\/2732"}],"wp:featuredmedia":[{"embeddable":true,"href":"https:\/\/www.ophtalmo-actisud.fr\/index.php\/wp-json\/wp\/v2\/media\/2474"}],"wp:attachment":[{"href":"https:\/\/www.ophtalmo-actisud.fr\/index.php\/wp-json\/wp\/v2\/media?parent=2071"}],"curies":[{"name":"wp","href":"https:\/\/api.w.org\/{rel}","templated":true}]}}