{"id":2069,"date":"2022-04-20T15:58:49","date_gmt":"2022-04-20T13:58:49","guid":{"rendered":"http:\/\/xixaoul.cluster031.hosting.ovh.net\/?page_id=2069"},"modified":"2024-06-17T12:21:12","modified_gmt":"2024-06-17T10:21:12","slug":"les-orthoptistes","status":"publish","type":"page","link":"https:\/\/www.ophtalmo-actisud.fr\/index.php\/les-orthoptistes\/","title":{"rendered":"Les orthoptistes"},"content":{"rendered":"<p>[vc_row css=\u00a0\u00bb.vc_custom_1660557814614{margin-bottom: 2em !important;}\u00a0\u00bb][vc_column][vc_column_text]<div class=\"tmm tmm_paramedical\"><div class=\"tmm_4_columns tmm_wrap tmm_plugin_f\"><span class=\"tmm_two_containers_tablet\"><\/span><div class=\"tmm_container\"><div class=\"tmm_member\" style=\"border-top:#fa9258 solid 5px;\"><div class=\"tmm_photo tmm_pic_paramedical_0\" style=\"background: url(https:\/\/www.ophtalmo-actisud.fr\/wp-content\/uploads\/2022\/08\/croped_\u220f-raoul-gilibert-05.jpeg); margin-left: auto; margin-right:auto; background-size:cover !important;\"><\/div><div class=\"tmm_textblock\"><div class=\"tmm_names\"><span class=\"tmm_fname\">Camille<\/span> <span class=\"tmm_lname\">Greff<\/span><\/div><div class=\"tmm_job\">Orthoptiste<\/div><div class=\"tmm_scblock\"><\/div><\/div><\/div><div class=\"tmm_member\" style=\"border-top:#fa9258 solid 5px;\"><div class=\"tmm_photo tmm_pic_paramedical_1\" style=\"background: url(https:\/\/www.ophtalmo-actisud.fr\/wp-content\/uploads\/2022\/08\/croped_\u220f-raoul-gilibert-06.jpeg); margin-left: auto; margin-right:auto; background-size:cover !important;\"><\/div><div class=\"tmm_textblock\"><div class=\"tmm_names\"><span class=\"tmm_fname\">Annie<\/span> <span class=\"tmm_lname\">Heili<\/span><\/div><div class=\"tmm_job\">Orthoptiste<\/div><div class=\"tmm_scblock\"><\/div><\/div><\/div><span class=\"tmm_two_containers_tablet\"><\/span><div class=\"tmm_member\" style=\"border-top:#fa9258 solid 5px;\"><div class=\"tmm_photo tmm_pic_paramedical_2\" style=\"background: url(https:\/\/www.ophtalmo-actisud.fr\/wp-content\/uploads\/2022\/08\/croped_\u220f-raoul-gilibert-02.jpeg); margin-left: auto; margin-right:auto; background-size:cover !important;\"><\/div><div class=\"tmm_textblock\"><div class=\"tmm_names\"><span class=\"tmm_fname\">Marie-H\u00e9l\u00e8ne<\/span> <span class=\"tmm_lname\">Hameurt<\/span><\/div><div class=\"tmm_job\">Orthoptiste<\/div><div class=\"tmm_scblock\"><\/div><\/div><\/div><div class=\"tmm_member\" style=\"border-top:#fa9258 solid 5px;\"><div class=\"tmm_photo tmm_pic_paramedical_3\" style=\"background: url(https:\/\/www.ophtalmo-actisud.fr\/wp-content\/uploads\/2022\/08\/croped_\u220f-raoul-gilibert-04.jpeg); margin-left: auto; margin-right:auto; background-size:cover !important;\"><\/div><div class=\"tmm_textblock\"><div class=\"tmm_names\"><span class=\"tmm_fname\">Sophie<\/span> <span class=\"tmm_lname\">Nguyen<\/span><\/div><div class=\"tmm_job\">Orthoptiste<\/div><div class=\"tmm_scblock\"><\/div><\/div><\/div><span class=\"tmm_two_containers_tablet\"><\/span><\/div><span class=\"tmm_columns_containers_desktop\"><\/span><div class=\"tmm_container\"><div class=\"tmm_member\" style=\"border-top:#fa9258 solid 5px;\"><div class=\"tmm_photo tmm_pic_paramedical_4\" style=\"background: url(https:\/\/www.ophtalmo-actisud.fr\/wp-content\/uploads\/2022\/08\/croped_delphine-weber-1.jpg); margin-left: auto; margin-right:auto; background-size:cover !important;\"><\/div><div class=\"tmm_textblock\"><div class=\"tmm_names\"><span class=\"tmm_fname\">Delphine<\/span> <span class=\"tmm_lname\">Liotta<\/span><\/div><div class=\"tmm_job\">Orthoptiste<\/div><div class=\"tmm_scblock\"><\/div><\/div><\/div><div class=\"tmm_member\" style=\"border-top:#fa9258 solid 5px;\"><div class=\"tmm_photo tmm_pic_paramedical_5\" style=\"background: url(https:\/\/www.ophtalmo-actisud.fr\/wp-content\/uploads\/2023\/09\/Ortho-Mathilde-Albert.jpg); margin-left: auto; margin-right:auto; background-size:cover !important;\"><\/div><div class=\"tmm_textblock\"><div class=\"tmm_names\"><span class=\"tmm_fname\">Mathilde<\/span> <span class=\"tmm_lname\">Albert<\/span><\/div><div class=\"tmm_job\">Orthoptiste<\/div><div class=\"tmm_scblock\"><\/div><\/div><\/div><span class=\"tmm_two_containers_tablet\"><\/span><div class=\"tmm_member\" style=\"border-top:#fa9258 solid 5px;\"><div class=\"tmm_photo tmm_pic_paramedical_6\" style=\"background: url(https:\/\/www.ophtalmo-actisud.fr\/wp-content\/uploads\/2025\/05\/DSCF6639-scaled-e1747644887880.jpg); margin-left: auto; margin-right:auto; background-size:cover !important;\"><\/div><div class=\"tmm_textblock\"><div class=\"tmm_names\"><span class=\"tmm_fname\">Romane<\/span> <span class=\"tmm_lname\">Steckler<\/span><\/div><div class=\"tmm_job\">Orthoptiste<\/div><div class=\"tmm_scblock\"><\/div><\/div><\/div><div style=\"clear:both;\"><\/div><\/div><\/div><\/div>[\/vc_column_text][\/vc_column][\/vc_row][vc_row css=\u00a0\u00bb.vc_custom_1659188142960{margin-bottom: 2em !important;background-color: #f9f6f2 !important;border-radius: 20px !important;}\u00a0\u00bb][vc_column][vc_column_text css=\u00a0\u00bb.vc_custom_1659188283337{margin-top: -1em !important;}\u00a0\u00bb]<\/p>\n<h2><b class=\"bl\">Qui sont-ils ?<br \/>\n<\/b><\/h2>\n<p>[\/vc_column_text][vc_column_text css=\u00a0\u00bb.vc_custom_1718619660940{margin-top: 1em !important;margin-bottom: 2em !important;}\u00a0\u00bb]Les orthoptistes sont des <span style=\"color: #4dafc3;\"><strong>professionnels de sant\u00e9<\/strong><\/span> sp\u00e9cialis\u00e9s dans le domaine de la vision, form\u00e9s sur une p\u00e9riode de trois ans. Ils travaillent en \u00e9troite collaboration avec les ophtalmologues pour assurer un parcours de soin complet et efficace pour les patients. Ces sp\u00e9cialistes jouent un r\u00f4le crucial dans le d\u00e9pistage, le diagnostic et la r\u00e9\u00e9ducation des troubles visuels.[\/vc_column_text][\/vc_column][\/vc_row][vc_row css=\u00a0\u00bb.vc_custom_1659188142960{margin-bottom: 2em !important;background-color: #f9f6f2 !important;border-radius: 20px !important;}\u00a0\u00bb][vc_column][vc_column_text css=\u00a0\u00bb.vc_custom_1718618912191{margin-top: -1em !important;}\u00a0\u00bb]<\/p>\n<h2><b class=\"bl\">Les responsabilit\u00e9s des orthoptistes<br \/>\n<\/b><\/h2>\n<p>[\/vc_column_text][vc_column_text css=\u00a0\u00bb.vc_custom_1718618996256{margin-top: 1em !important;margin-bottom: 2em !important;}\u00a0\u00bb]Face \u00e0 la p\u00e9nurie croissante d\u2019ophtalmologues et \u00e0 l&rsquo;allongement des d\u00e9lais de rendez-vous, les orthoptistes se voient confier plusieurs responsabilit\u00e9s essentielles. En <span style=\"color: #4dafc3;\"><strong>d\u00e9l\u00e9gant certains actes m\u00e9dicaux<\/strong><\/span> aux orthoptistes, les ophtalmologues garantissent la m\u00eame qualit\u00e9 de soin, d\u2019accueil et d\u2019\u00e9coute.<\/p>\n<p>Depuis 2016, la r\u00e9alisation de ces actes par les orthoptistes est encadr\u00e9e par des protocoles stricts valid\u00e9s par les autorit\u00e9s publiques. Cette r\u00e9glementation vise \u00e0 assurer un <span style=\"color: #4dafc3;\"><strong>parcours de soin efficace et s\u00e9curis\u00e9 pour tous les patients<\/strong><\/span>. Les interventions des orthoptistes sont adapt\u00e9es \u00e0 l\u2019\u00e9tat m\u00e9dical de chaque patient et n\u00e9cessitent leur accord explicite.[\/vc_column_text][\/vc_column][\/vc_row][vc_row css=\u00a0\u00bb.vc_custom_1659188142960{margin-bottom: 2em !important;background-color: #f9f6f2 !important;border-radius: 20px !important;}\u00a0\u00bb][vc_column][vc_column_text css=\u00a0\u00bb.vc_custom_1718619021563{margin-top: -1em !important;}\u00a0\u00bb]<\/p>\n<h2><b class=\"bl\">Les interventions des orthoptistes<br \/>\n<\/b><\/h2>\n<p>[\/vc_column_text][vc_column_text css=\u00a0\u00bb.vc_custom_1718619640443{margin-top: 1em !important;margin-bottom: 2em !important;}\u00a0\u00bb]Les orthoptistes peuvent r\u00e9aliser plusieurs types d&rsquo;interventions, notamment :<\/p>\n<ul>\n<li><strong>D\u00e9termination de l\u2019acuit\u00e9 visuelle et correction optique<\/strong> : Ils d\u00e9terminent la correction optique n\u00e9cessaire.<\/li>\n<li><strong>Pose de lentilles et apprentissage de leur manipulation<\/strong> : Ils vous aident \u00e0 choisir et \u00e0 poser vos lentilles, et vous apprennent \u00e0 les manipuler correctement.<\/li>\n<li><strong>Instillation de collyres<\/strong> : Ils administrent des collyres pour diff\u00e9rents traitements oculaires.<\/li>\n<li><strong>Bilan visuel avec interrogatoire<\/strong> : Ils effectuent des bilans visuels approfondis, incluant un interrogatoire d\u00e9taill\u00e9 pour mieux comprendre vos besoins.<\/li>\n<li><strong>Prise en charge du strabisme et des troubles des muscles oculaires<\/strong> : Ils traitent les probl\u00e8mes de strabisme et autres troubles musculaires oculaires.<\/li>\n<li><strong>Prise de photos du fond d\u2019\u0153il <\/strong>: Ils r\u00e9alisent des photographies du fond de l\u2019\u0153il, notamment dans le cadre du d\u00e9pistage de la <a href=\"https:\/\/www.ophtalmo-actisud.fr\/index.php\/pathologies-occulaires\/\">r\u00e9tinopathie diab\u00e9tique<\/a>.<\/li>\n<li><strong>R\u00e9alisation des examens prescrits par l\u2019ophtalmologue<\/strong> : Ils ex\u00e9cutent des examens tels que l\u2019OCT (Tomographie par Coh\u00e9rence Optique), les examens du champ visuel et la prise de tension oculaire.<\/li>\n<\/ul>\n<p>&nbsp;<\/p>\n<p>L\u2019interpr\u00e9tation des r\u00e9sultats et le traitement \u00e0 suivre <span style=\"color: #4dafc3;\"><strong>restent sous la responsabilit\u00e9 exclusive de l\u2019ophtalmologue.<\/strong><\/span>[\/vc_column_text][\/vc_column][\/vc_row][vc_row content_placement=\u00a0\u00bbmiddle\u00a0\u00bb css=\u00a0\u00bb.vc_custom_1660567633769{margin-bottom: 2em !important;}\u00a0\u00bb][vc_column width=\u00a0\u00bb1\/2&Prime;][vc_column_text css=\u00a0\u00bb.vc_custom_1660753911712{margin-bottom: 1em !important;}\u00a0\u00bb]<\/p>\n<h2 style=\"color: #f4d061; text-align: center;\"><strong>D\u00e9couvrir notre \u00e9quipe :<br \/>\n<\/strong><\/h2>\n<p>[\/vc_column_text][\/vc_column][vc_column width=\u00a0\u00bb1\/2&Prime;]<div id=\"highlight-box-wrap-8509\"  data-ultimate-target='#highlight-box-wrap-8509'  data-responsive-json-new='{\"font-size\":\"desktop:25px;\",\"line-height\":\"\"}'  class=\"ultimate-call-to-action ult-adjust-bottom-margin roundCornered ctaction-text-center ult-responsive\" style=\"font-family:Montserrat;font-weight:normal;color:#ffffff;background:#f4d061;padding-top:20px;padding-bottom:20px;margin-top:0em;margin-bottom:0.5em;\"  data-background=\"#f4d061\"  data-background-hover=\"#fa9258\"  data-override=\"0\" ><div class=\"uvc-ctaction-data uvc-ctaction-data-no-effect ult-responsive\"><\/p>\n<p style=\"text-align: center;\"><strong>OPHTALMOLOGUES<\/strong><\/p>\n<p><\/div><a class=\"ulimate-call-to-action-link\" href=\"\/index.php\/les-ophtalmologues\/\" title=\"Ophtalmologues\" ><\/a><\/div><div id=\"highlight-box-wrap-9360\"  data-ultimate-target='#highlight-box-wrap-9360'  data-responsive-json-new='{\"font-size\":\"desktop:25px;\",\"line-height\":\"\"}'  class=\"ultimate-call-to-action ult-adjust-bottom-margin roundCornered ctaction-text-center ult-responsive\" style=\"font-family:Montserrat;font-weight:normal;color:#ffffff;background:#f4d061;padding-top:20px;padding-bottom:20px;margin-top:0.5px;margin-bottom:0px;\"  data-background=\"#f4d061\"  data-background-hover=\"#fa9258\"  data-override=\"0\" ><div class=\"uvc-ctaction-data uvc-ctaction-data-no-effect ult-responsive\"><\/p>\n<p style=\"text-align: center;\"><strong>INFIRMIERS<\/strong><\/p>\n<p><\/div><a class=\"ulimate-call-to-action-link\" href=\"\/index.php\/les-infirmiers\/\" title=\"Infirmiers\" ><\/a><\/div>[\/vc_column][\/vc_row][vc_row css=\u00a0\u00bb.vc_custom_1659188142960{margin-bottom: 2em !important;background-color: #f9f6f2 !important;border-radius: 20px !important;}\u00a0\u00bb][vc_column][vc_column_text css=\u00a0\u00bb.vc_custom_1718619234142{margin-top: 1em !important;margin-bottom: 2em !important;}\u00a0\u00bb]Pour plus d\u2019informations ou pour prendre rendez-vous avec un orthoptiste \u00e0 Metz, n\u2019h\u00e9sitez pas \u00e0 contacter le cabinet. Les orthoptistes sont l\u00e0 pour vous aider \u00e0 maintenir une vision optimale et une sant\u00e9 oculaire de qualit\u00e9.<\/p>\n<p>&nbsp;<\/p>\n<p>Pour en savoir plus sur la collaboration en \u00e9quipe pluri-professionnelle en ophtalmologie, <a href=\"https:\/\/www.snof.org\/2022-ophtalmologie-travail-en-quipe-pluri-professionnelle-nouvel-atout-pour-r-duire-d-lais-rdv-et-am\">cliquez ici<\/a>.[\/vc_column_text][\/vc_column][\/vc_row]<\/p>\n","protected":false},"excerpt":{"rendered":"<p>[vc_row css=\u00a0\u00bb.vc_custom_1660557814614{margin-bottom: 2em !important;}\u00a0\u00bb][vc_column][vc_column_text][\/vc_column_text][\/vc_column][\/vc_row][vc_row css=\u00a0\u00bb.vc_custom_1659188142960{margin-bottom: 2em !important;background-color: #f9f6f2 !important;border-radius: 20px !important;}\u00a0\u00bb][vc_column][vc_column_text css=\u00a0\u00bb.vc_custom_1659188283337{margin-top: -1em !important;}\u00a0\u00bb] Qui sont-ils ? [\/vc_column_text][vc_column_text css=\u00a0\u00bb.vc_custom_1718619660940{margin-top: 1em !important;margin-bottom: 2em !important;}\u00a0\u00bb]Les orthoptistes sont des professionnels de sant\u00e9 sp\u00e9cialis\u00e9s dans le domaine de la vision, form\u00e9s sur une p\u00e9riode de trois ans. Ils travaillent en \u00e9troite collaboration avec les ophtalmologues pour assurer un parcours&hellip;<\/p>\n","protected":false},"author":1,"featured_media":2733,"parent":0,"menu_order":0,"comment_status":"closed","ping_status":"closed","template":"","meta":{"footnotes":""},"class_list":["post-2069","page","type-page","status-publish","has-post-thumbnail","hentry","description-off"],"yoast_head":"<!-- This site is optimized with the Yoast SEO plugin v27.4 - https:\/\/yoast.com\/product\/yoast-seo-wordpress\/ -->\n<title>Les orthoptistes - Centre d&#039;Ophtalmologie Actisud<\/title>\n<meta name=\"description\" content=\"Les orthoptistes travaillent en \u00e9troite collaboration avec les ophtalmologues pour assurer un parcours de soin complet et efficace.\" \/>\n<meta name=\"robots\" content=\"index, follow, max-snippet:-1, max-image-preview:large, max-video-preview:-1\" \/>\n<link rel=\"canonical\" href=\"https:\/\/www.ophtalmo-actisud.fr\/index.php\/les-orthoptistes\/\" \/>\n<meta property=\"og:locale\" content=\"fr_FR\" \/>\n<meta property=\"og:type\" content=\"article\" \/>\n<meta property=\"og:title\" content=\"Les orthoptistes - Centre d&#039;Ophtalmologie Actisud\" \/>\n<meta property=\"og:description\" content=\"Les orthoptistes travaillent en \u00e9troite collaboration avec les ophtalmologues pour assurer un parcours de soin complet et efficace.\" \/>\n<meta property=\"og:url\" content=\"https:\/\/www.ophtalmo-actisud.fr\/index.php\/les-orthoptistes\/\" \/>\n<meta property=\"og:site_name\" content=\"Centre d&#039;Ophtalmologie Actisud\" \/>\n<meta property=\"article:publisher\" content=\"https:\/\/www.facebook.com\/Centre-dOphtalmologie-Actisud-109097913829367\" \/>\n<meta property=\"article:modified_time\" content=\"2024-06-17T10:21:12+00:00\" \/>\n<meta property=\"og:image\" content=\"https:\/\/www.ophtalmo-actisud.fr\/wp-content\/uploads\/2024\/06\/joao-melo-OpWKFHA_yQ-unsplash-scaled.jpg\" \/>\n\t<meta property=\"og:image:width\" content=\"2560\" \/>\n\t<meta property=\"og:image:height\" content=\"2560\" \/>\n\t<meta property=\"og:image:type\" content=\"image\/jpeg\" \/>\n<meta name=\"twitter:card\" content=\"summary_large_image\" \/>\n<meta name=\"twitter:label1\" content=\"Dur\u00e9e de lecture estim\u00e9e\" \/>\n\t<meta name=\"twitter:data1\" content=\"3 minutes\" \/>\n<script type=\"application\/ld+json\" class=\"yoast-schema-graph\">{\"@context\":\"https:\\\/\\\/schema.org\",\"@graph\":[{\"@type\":\"WebPage\",\"@id\":\"https:\\\/\\\/www.ophtalmo-actisud.fr\\\/index.php\\\/les-orthoptistes\\\/\",\"url\":\"https:\\\/\\\/www.ophtalmo-actisud.fr\\\/index.php\\\/les-orthoptistes\\\/\",\"name\":\"Les orthoptistes - Centre d&#039;Ophtalmologie Actisud\",\"isPartOf\":{\"@id\":\"https:\\\/\\\/www.ophtalmo-actisud.fr\\\/#website\"},\"primaryImageOfPage\":{\"@id\":\"https:\\\/\\\/www.ophtalmo-actisud.fr\\\/index.php\\\/les-orthoptistes\\\/#primaryimage\"},\"image\":{\"@id\":\"https:\\\/\\\/www.ophtalmo-actisud.fr\\\/index.php\\\/les-orthoptistes\\\/#primaryimage\"},\"thumbnailUrl\":\"https:\\\/\\\/www.ophtalmo-actisud.fr\\\/wp-content\\\/uploads\\\/2024\\\/06\\\/joao-melo-OpWKFHA_yQ-unsplash-scaled.jpg\",\"datePublished\":\"2022-04-20T13:58:49+00:00\",\"dateModified\":\"2024-06-17T10:21:12+00:00\",\"description\":\"Les orthoptistes travaillent en \u00e9troite collaboration avec les ophtalmologues pour assurer un parcours de soin complet et efficace.\",\"breadcrumb\":{\"@id\":\"https:\\\/\\\/www.ophtalmo-actisud.fr\\\/index.php\\\/les-orthoptistes\\\/#breadcrumb\"},\"inLanguage\":\"fr-FR\",\"potentialAction\":[{\"@type\":\"ReadAction\",\"target\":[\"https:\\\/\\\/www.ophtalmo-actisud.fr\\\/index.php\\\/les-orthoptistes\\\/\"]}]},{\"@type\":\"ImageObject\",\"inLanguage\":\"fr-FR\",\"@id\":\"https:\\\/\\\/www.ophtalmo-actisud.fr\\\/index.php\\\/les-orthoptistes\\\/#primaryimage\",\"url\":\"https:\\\/\\\/www.ophtalmo-actisud.fr\\\/wp-content\\\/uploads\\\/2024\\\/06\\\/joao-melo-OpWKFHA_yQ-unsplash-scaled.jpg\",\"contentUrl\":\"https:\\\/\\\/www.ophtalmo-actisud.fr\\\/wp-content\\\/uploads\\\/2024\\\/06\\\/joao-melo-OpWKFHA_yQ-unsplash-scaled.jpg\",\"width\":2560,\"height\":2560,\"caption\":\"orthoptistes\"},{\"@type\":\"BreadcrumbList\",\"@id\":\"https:\\\/\\\/www.ophtalmo-actisud.fr\\\/index.php\\\/les-orthoptistes\\\/#breadcrumb\",\"itemListElement\":[{\"@type\":\"ListItem\",\"position\":1,\"name\":\"Accueil\",\"item\":\"https:\\\/\\\/www.ophtalmo-actisud.fr\\\/\"},{\"@type\":\"ListItem\",\"position\":2,\"name\":\"Les orthoptistes\"}]},{\"@type\":\"WebSite\",\"@id\":\"https:\\\/\\\/www.ophtalmo-actisud.fr\\\/#website\",\"url\":\"https:\\\/\\\/www.ophtalmo-actisud.fr\\\/\",\"name\":\"Centre d&#039;Ophtalmologie Actisud\",\"description\":\"Prenez rendez-vous ou obtenez des informations\",\"publisher\":{\"@id\":\"https:\\\/\\\/www.ophtalmo-actisud.fr\\\/#organization\"},\"potentialAction\":[{\"@type\":\"SearchAction\",\"target\":{\"@type\":\"EntryPoint\",\"urlTemplate\":\"https:\\\/\\\/www.ophtalmo-actisud.fr\\\/?s={search_term_string}\"},\"query-input\":{\"@type\":\"PropertyValueSpecification\",\"valueRequired\":true,\"valueName\":\"search_term_string\"}}],\"inLanguage\":\"fr-FR\"},{\"@type\":\"Organization\",\"@id\":\"https:\\\/\\\/www.ophtalmo-actisud.fr\\\/#organization\",\"name\":\"Centre d'Ophtalmologie Actisud\",\"url\":\"https:\\\/\\\/www.ophtalmo-actisud.fr\\\/\",\"logo\":{\"@type\":\"ImageObject\",\"inLanguage\":\"fr-FR\",\"@id\":\"https:\\\/\\\/www.ophtalmo-actisud.fr\\\/#\\\/schema\\\/logo\\\/image\\\/\",\"url\":\"https:\\\/\\\/www.ophtalmo-actisud.fr\\\/wp-content\\\/uploads\\\/2022\\\/08\\\/cropped-logoTransp.png\",\"contentUrl\":\"https:\\\/\\\/www.ophtalmo-actisud.fr\\\/wp-content\\\/uploads\\\/2022\\\/08\\\/cropped-logoTransp.png\",\"width\":512,\"height\":512,\"caption\":\"Centre d'Ophtalmologie Actisud\"},\"image\":{\"@id\":\"https:\\\/\\\/www.ophtalmo-actisud.fr\\\/#\\\/schema\\\/logo\\\/image\\\/\"},\"sameAs\":[\"https:\\\/\\\/www.facebook.com\\\/Centre-dOphtalmologie-Actisud-109097913829367\"]}]}<\/script>\n<!-- \/ Yoast SEO plugin. -->","yoast_head_json":{"title":"Les orthoptistes - Centre d&#039;Ophtalmologie Actisud","description":"Les orthoptistes travaillent en \u00e9troite collaboration avec les ophtalmologues pour assurer un parcours de soin complet et efficace.","robots":{"index":"index","follow":"follow","max-snippet":"max-snippet:-1","max-image-preview":"max-image-preview:large","max-video-preview":"max-video-preview:-1"},"canonical":"https:\/\/www.ophtalmo-actisud.fr\/index.php\/les-orthoptistes\/","og_locale":"fr_FR","og_type":"article","og_title":"Les orthoptistes - Centre d&#039;Ophtalmologie Actisud","og_description":"Les orthoptistes travaillent en \u00e9troite collaboration avec les ophtalmologues pour assurer un parcours de soin complet et efficace.","og_url":"https:\/\/www.ophtalmo-actisud.fr\/index.php\/les-orthoptistes\/","og_site_name":"Centre d&#039;Ophtalmologie Actisud","article_publisher":"https:\/\/www.facebook.com\/Centre-dOphtalmologie-Actisud-109097913829367","article_modified_time":"2024-06-17T10:21:12+00:00","og_image":[{"width":2560,"height":2560,"url":"https:\/\/www.ophtalmo-actisud.fr\/wp-content\/uploads\/2024\/06\/joao-melo-OpWKFHA_yQ-unsplash-scaled.jpg","type":"image\/jpeg"}],"twitter_card":"summary_large_image","twitter_misc":{"Dur\u00e9e de lecture estim\u00e9e":"3 minutes"},"schema":{"@context":"https:\/\/schema.org","@graph":[{"@type":"WebPage","@id":"https:\/\/www.ophtalmo-actisud.fr\/index.php\/les-orthoptistes\/","url":"https:\/\/www.ophtalmo-actisud.fr\/index.php\/les-orthoptistes\/","name":"Les orthoptistes - Centre d&#039;Ophtalmologie Actisud","isPartOf":{"@id":"https:\/\/www.ophtalmo-actisud.fr\/#website"},"primaryImageOfPage":{"@id":"https:\/\/www.ophtalmo-actisud.fr\/index.php\/les-orthoptistes\/#primaryimage"},"image":{"@id":"https:\/\/www.ophtalmo-actisud.fr\/index.php\/les-orthoptistes\/#primaryimage"},"thumbnailUrl":"https:\/\/www.ophtalmo-actisud.fr\/wp-content\/uploads\/2024\/06\/joao-melo-OpWKFHA_yQ-unsplash-scaled.jpg","datePublished":"2022-04-20T13:58:49+00:00","dateModified":"2024-06-17T10:21:12+00:00","description":"Les orthoptistes travaillent en \u00e9troite collaboration avec les ophtalmologues pour assurer un parcours de soin complet et efficace.","breadcrumb":{"@id":"https:\/\/www.ophtalmo-actisud.fr\/index.php\/les-orthoptistes\/#breadcrumb"},"inLanguage":"fr-FR","potentialAction":[{"@type":"ReadAction","target":["https:\/\/www.ophtalmo-actisud.fr\/index.php\/les-orthoptistes\/"]}]},{"@type":"ImageObject","inLanguage":"fr-FR","@id":"https:\/\/www.ophtalmo-actisud.fr\/index.php\/les-orthoptistes\/#primaryimage","url":"https:\/\/www.ophtalmo-actisud.fr\/wp-content\/uploads\/2024\/06\/joao-melo-OpWKFHA_yQ-unsplash-scaled.jpg","contentUrl":"https:\/\/www.ophtalmo-actisud.fr\/wp-content\/uploads\/2024\/06\/joao-melo-OpWKFHA_yQ-unsplash-scaled.jpg","width":2560,"height":2560,"caption":"orthoptistes"},{"@type":"BreadcrumbList","@id":"https:\/\/www.ophtalmo-actisud.fr\/index.php\/les-orthoptistes\/#breadcrumb","itemListElement":[{"@type":"ListItem","position":1,"name":"Accueil","item":"https:\/\/www.ophtalmo-actisud.fr\/"},{"@type":"ListItem","position":2,"name":"Les orthoptistes"}]},{"@type":"WebSite","@id":"https:\/\/www.ophtalmo-actisud.fr\/#website","url":"https:\/\/www.ophtalmo-actisud.fr\/","name":"Centre d&#039;Ophtalmologie Actisud","description":"Prenez rendez-vous ou obtenez des informations","publisher":{"@id":"https:\/\/www.ophtalmo-actisud.fr\/#organization"},"potentialAction":[{"@type":"SearchAction","target":{"@type":"EntryPoint","urlTemplate":"https:\/\/www.ophtalmo-actisud.fr\/?s={search_term_string}"},"query-input":{"@type":"PropertyValueSpecification","valueRequired":true,"valueName":"search_term_string"}}],"inLanguage":"fr-FR"},{"@type":"Organization","@id":"https:\/\/www.ophtalmo-actisud.fr\/#organization","name":"Centre d'Ophtalmologie Actisud","url":"https:\/\/www.ophtalmo-actisud.fr\/","logo":{"@type":"ImageObject","inLanguage":"fr-FR","@id":"https:\/\/www.ophtalmo-actisud.fr\/#\/schema\/logo\/image\/","url":"https:\/\/www.ophtalmo-actisud.fr\/wp-content\/uploads\/2022\/08\/cropped-logoTransp.png","contentUrl":"https:\/\/www.ophtalmo-actisud.fr\/wp-content\/uploads\/2022\/08\/cropped-logoTransp.png","width":512,"height":512,"caption":"Centre d'Ophtalmologie Actisud"},"image":{"@id":"https:\/\/www.ophtalmo-actisud.fr\/#\/schema\/logo\/image\/"},"sameAs":["https:\/\/www.facebook.com\/Centre-dOphtalmologie-Actisud-109097913829367"]}]}},"_links":{"self":[{"href":"https:\/\/www.ophtalmo-actisud.fr\/index.php\/wp-json\/wp\/v2\/pages\/2069","targetHints":{"allow":["GET"]}}],"collection":[{"href":"https:\/\/www.ophtalmo-actisud.fr\/index.php\/wp-json\/wp\/v2\/pages"}],"about":[{"href":"https:\/\/www.ophtalmo-actisud.fr\/index.php\/wp-json\/wp\/v2\/types\/page"}],"author":[{"embeddable":true,"href":"https:\/\/www.ophtalmo-actisud.fr\/index.php\/wp-json\/wp\/v2\/users\/1"}],"replies":[{"embeddable":true,"href":"https:\/\/www.ophtalmo-actisud.fr\/index.php\/wp-json\/wp\/v2\/comments?post=2069"}],"version-history":[{"count":10,"href":"https:\/\/www.ophtalmo-actisud.fr\/index.php\/wp-json\/wp\/v2\/pages\/2069\/revisions"}],"predecessor-version":[{"id":2734,"href":"https:\/\/www.ophtalmo-actisud.fr\/index.php\/wp-json\/wp\/v2\/pages\/2069\/revisions\/2734"}],"wp:featuredmedia":[{"embeddable":true,"href":"https:\/\/www.ophtalmo-actisud.fr\/index.php\/wp-json\/wp\/v2\/media\/2733"}],"wp:attachment":[{"href":"https:\/\/www.ophtalmo-actisud.fr\/index.php\/wp-json\/wp\/v2\/media?parent=2069"}],"curies":[{"name":"wp","href":"https:\/\/api.w.org\/{rel}","templated":true}]}}