{"id":2061,"date":"2022-04-20T15:57:30","date_gmt":"2022-04-20T13:57:30","guid":{"rendered":"http:\/\/xixaoul.cluster031.hosting.ovh.net\/?page_id=2061"},"modified":"2024-06-17T12:43:55","modified_gmt":"2024-06-17T10:43:55","slug":"chirurgie-de-la-cataracte","status":"publish","type":"page","link":"https:\/\/www.ophtalmo-actisud.fr\/index.php\/chirurgie-de-la-cataracte\/","title":{"rendered":"Chirurgie de la cataracte"},"content":{"rendered":"<p>[vc_row gap=\u00a0\u00bb20&Prime; content_placement=\u00a0\u00bbmiddle\u00a0\u00bb css=\u00a0\u00bb.vc_custom_1657377282453{margin-bottom: 2em !important;}\u00a0\u00bb el_id=\u00a0\u00bbretinopathie-diabetique\u00a0\u00bb][vc_column width=\u00a0\u00bb1\/2&Prime; css=\u00a0\u00bb.vc_custom_1657377230898{background-color: #f9f6f2 !important;border-radius: 20px !important;}\u00a0\u00bb][vc_column_text css=\u00a0\u00bb.vc_custom_1660752413344{margin-top: -1em !important;}\u00a0\u00bb]<\/p>\n<h2><b>Qu&rsquo;est-ce que la cataracte ?<br \/>\n<\/b><\/h2>\n<p>[\/vc_column_text][vc_column_text css=\u00a0\u00bb.vc_custom_1718032836774{margin-top: 1em !important;margin-bottom: 2em !important;}\u00a0\u00bb]C\u2019est une opacification progressive du cristallin, responsable d\u2019une g\u00eane visuelle. La d\u00e9cision de l\u2019op\u00e9rer d\u00e9pend toutefois de son retentissement sur la vie courante.[\/vc_column_text][\/vc_column][vc_column width=\u00a0\u00bb1\/2&Prime;][vc_single_image image=\u00a0\u00bb2367&Prime; img_size=\u00a0\u00bbfull\u00a0\u00bb style=\u00a0\u00bbvc_box_rounded\u00a0\u00bb][\/vc_column][\/vc_row][vc_row css=\u00a0\u00bb.vc_custom_1657376534775{margin-bottom: 2em !important;background-color: #f9f6f2 !important;border-radius: 20px !important;}\u00a0\u00bb el_id=\u00a0\u00bbretinopathie-diabetique\u00a0\u00bb][vc_column][vc_column_text css=\u00a0\u00bb.vc_custom_1718031587830{margin-top: -1em !important;}\u00a0\u00bb]<\/p>\n<h2><b>Quel est l&rsquo;objectif de la chirurgie de la cataracte ?<br \/>\n<\/b><\/h2>\n<p>[\/vc_column_text][vc_column_text css=\u00a0\u00bb.vc_custom_1718033016222{margin-top: 1em !important;margin-bottom: 2em !important;}\u00a0\u00bb]L\u2019objectif de l\u2019op\u00e9ration est de remplacer le cristallin opacifi\u00e9 par un cristallin artificiel.<\/p>\n<p>L\u2019intervention se d\u00e9roule sous anesth\u00e9sie locale, avec des gouttes, et \u00e9ventuellement une perfusion de m\u00e9dicament relaxant. Elle est toutefois indolore et ne dure qu\u2019une dizaine de minutes.<\/p>\n<p>Une petite incision de 2 mm est d&rsquo;abord pratiqu\u00e9e. L\u2019ophtalmologue utilise ensuite une machine qui liqu\u00e9fie le cristallin puis l\u2019aspire. Enfin, une lentille intra-oculaire (ou implant) est mise \u00e0 la place de la cataracte.<\/p>\n<p>Il n\u2019y a pas de suture. Pour finir, un pansement est plac\u00e9 sur votre \u0153il jusqu\u2019\u00e0 votre d\u00e9part de la clinique. Vous garderez une coque de protection transparente sur l\u2019\u0153il la nuit suivant l&rsquo;op\u00e9ration.[\/vc_column_text][\/vc_column][\/vc_row][vc_row css=\u00a0\u00bb.vc_custom_1657376534775{margin-bottom: 2em !important;background-color: #f9f6f2 !important;border-radius: 20px !important;}\u00a0\u00bb el_id=\u00a0\u00bbretinopathie-diabetique\u00a0\u00bb][vc_column][vc_column_text css=\u00a0\u00bb.vc_custom_1657376748669{margin-top: -1em !important;}\u00a0\u00bb]<\/p>\n<h2><b>Quels sont les risques ?<br \/>\n<\/b><\/h2>\n<p>[\/vc_column_text][vc_column_text css=\u00a0\u00bb.vc_custom_1718032812902{margin-top: 1em !important;margin-bottom: 2em !important;}\u00a0\u00bb]En g\u00e9n\u00e9ral, les complications sont b\u00e9nignes. On compte en effet parmi elles : h\u00e9morragie sur le blanc de l\u2019\u0153il, \u00ab mouches volantes \u00bb, augmentation de la s\u00e9cheresse oculaire, \u0153d\u00e8me de la macula\u2026<\/p>\n<p>Pour plus de renseignements, n\u2019h\u00e9sitez pas \u00e0 vous tourner vers l\u2019ophtalmologue.[\/vc_column_text][\/vc_column][\/vc_row][vc_row content_placement=\u00a0\u00bbmiddle\u00a0\u00bb css=\u00a0\u00bb.vc_custom_1660567421863{margin-bottom: 3em !important;}\u00a0\u00bb][vc_column width=\u00a0\u00bb1\/2&Prime;][vc_column_text css=\u00a0\u00bb.vc_custom_1655986804152{margin-bottom: 1em !important;}\u00a0\u00bb]<\/p>\n<h3 style=\"color: #f4d061; text-align: center;\"><strong>D\u00e9couvrir notre \u00e9quipe :<br \/>\n<\/strong><\/h3>\n<p>[\/vc_column_text][\/vc_column][vc_column width=\u00a0\u00bb1\/2&Prime;]<div id=\"highlight-box-wrap-1082\"  data-ultimate-target='#highlight-box-wrap-1082'  data-responsive-json-new='{\"font-size\":\"desktop:25px;\",\"line-height\":\"\"}'  class=\"ultimate-call-to-action ult-adjust-bottom-margin roundCornered ctaction-text-center ult-responsive\" style=\"font-family:Montserrat;font-weight:normal;color:#ffffff;background:#f4d061;padding-top:20px;padding-bottom:20px;margin-top:0px;margin-bottom:0px;\"  data-background=\"#f4d061\"  data-background-hover=\"#fa9258\"  data-override=\"0\" ><div class=\"uvc-ctaction-data uvc-ctaction-data-no-effect ult-responsive\"><\/p>\n<p style=\"text-align: center;\"><strong>OPHTALMOLOGUES<\/strong><\/p>\n<p><\/div><a class=\"ulimate-call-to-action-link\" href=\"\/index.php\/les-ophtalmologues\/\" title=\"Ophtalmologues\" ><\/a><\/div>[\/vc_column][\/vc_row][vc_row css=\u00a0\u00bb.vc_custom_1657376534775{margin-bottom: 2em !important;background-color: #f9f6f2 !important;border-radius: 20px !important;}\u00a0\u00bb el_id=\u00a0\u00bbretinopathie-diabetique\u00a0\u00bb][vc_column][vc_column_text css=\u00a0\u00bb.vc_custom_1718031615174{margin-top: -1em !important;}\u00a0\u00bb]<\/p>\n<h2><b>Comment se d\u00e9roule la prise en charge d&rsquo;une chirurgie de la cataracte ?<br \/>\n<\/b><\/h2>\n<p>[\/vc_column_text][vc_column_text css=\u00a0\u00bb.vc_custom_1718620981455{margin-top: 1em !important;margin-bottom: 2em !important;}\u00a0\u00bb]<b>1.<\/b> Vous serez d&rsquo;abord convoqu\u00e9 pour effectuer une <b>biom\u00e9trie<\/b> : cet examen permet de prendre les mesures de l\u2019implant qui sera ensuite pos\u00e9 pendant l&rsquo;op\u00e9ration.<\/p>\n<p><b>2.<\/b> Le m\u00eame jour, apr\u00e8s la r\u00e9alisation de la biom\u00e9trie, une secr\u00e9taire vous accompagnera dans la planification de votre op\u00e9ration (consultation chez l\u2019anesth\u00e9siste, planification de vos dates d\u2019op\u00e9ration, ordonnances et explication des soins \u00e0 r\u00e9aliser avant et apr\u00e8s l\u2019op\u00e9ration\u2026).<\/p>\n<p><b>3.<\/b> L&rsquo;intervention se d\u00e9roulera :<\/p>\n<ul>\n<li>Avec le Dr SALAUN, le lundi apr\u00e8s-midi \u00e0 la clinique Ambroise Par\u00e9 \u00e0 Thionville ou le mercredi matin \u00e0 la clinique <a href=\"https:\/\/www.elsan.care\/fr\/hopital-clinique-claude-bernard-metz\">Claude Bernard<\/a> \u00e0 Metz,<\/li>\n<li>Avec le Dr LHUILLIER, le jeudi matin \u00e0 la clinique <a href=\"https:\/\/www.elsan.care\/fr\/clinique-notre-dame-thionville\">Notre-Dame<\/a> \u00e0 Thionville,<\/li>\n<li>Avec le Dr TAN, le mardi matin \u00e0 la clinique <a href=\"https:\/\/www.elsan.care\/fr\/clinique-notre-dame-thionville\">Notre-Dame<\/a> \u00e0 Thionville.<\/li>\n<\/ul>\n<p><b>4.<\/b> Une fois l\u2019op\u00e9ration r\u00e9alis\u00e9e, vous effectuerez enfin un contr\u00f4le 2 jours apr\u00e8s l\u2019intervention avec l\u2019ophtalmologue au Centre d&rsquo;Ophtalmologie Actisud. Un deuxi\u00e8me contr\u00f4le est effectu\u00e9 un mois apr\u00e8s l\u2019intervention.[\/vc_column_text][\/vc_column][\/vc_row][vc_row content_placement=\u00a0\u00bbmiddle\u00a0\u00bb css=\u00a0\u00bb.vc_custom_1718033050899{margin-bottom: 2em !important;background-color: #f9f6f2 !important;border-radius: 20px !important;}\u00a0\u00bb][vc_column][vc_column_text css=\u00a0\u00bb.vc_custom_1718032919700{margin-top: 1em !important;margin-bottom: 2em !important;}\u00a0\u00bb]N&rsquo;h\u00e9sitez pas \u00e0 <a href=\"https:\/\/www.ophtalmo-actisud.fr\/index.php\/prendre-rdv\/\">prendre rendez-vous<\/a> en cas de baisse d&rsquo;acuit\u00e9 visuelle ou de douleur oculaire.[\/vc_column_text][\/vc_column][\/vc_row]<\/p>\n","protected":false},"excerpt":{"rendered":"<p>[vc_row gap=\u00a0\u00bb20&Prime; content_placement=\u00a0\u00bbmiddle\u00a0\u00bb css=\u00a0\u00bb.vc_custom_1657377282453{margin-bottom: 2em !important;}\u00a0\u00bb el_id=\u00a0\u00bbretinopathie-diabetique\u00a0\u00bb][vc_column width=\u00a0\u00bb1\/2&Prime; css=\u00a0\u00bb.vc_custom_1657377230898{background-color: #f9f6f2 !important;border-radius: 20px !important;}\u00a0\u00bb][vc_column_text css=\u00a0\u00bb.vc_custom_1660752413344{margin-top: -1em !important;}\u00a0\u00bb] Qu&rsquo;est-ce que la cataracte ? [\/vc_column_text][vc_column_text css=\u00a0\u00bb.vc_custom_1718032836774{margin-top: 1em !important;margin-bottom: 2em !important;}\u00a0\u00bb]C\u2019est une opacification progressive du cristallin, responsable d\u2019une g\u00eane visuelle. La d\u00e9cision de l\u2019op\u00e9rer d\u00e9pend toutefois de son retentissement sur la vie courante.[\/vc_column_text][\/vc_column][vc_column width=\u00a0\u00bb1\/2&Prime;][vc_single_image image=\u00a0\u00bb2367&Prime; img_size=\u00a0\u00bbfull\u00a0\u00bb style=\u00a0\u00bbvc_box_rounded\u00a0\u00bb][\/vc_column][\/vc_row][vc_row css=\u00a0\u00bb.vc_custom_1657376534775{margin-bottom: 2em&hellip;<\/p>\n","protected":false},"author":1,"featured_media":0,"parent":0,"menu_order":0,"comment_status":"closed","ping_status":"closed","template":"","meta":{"footnotes":""},"class_list":["post-2061","page","type-page","status-publish","hentry","description-off"],"yoast_head":"<!-- This site is optimized with the Yoast SEO plugin v27.5 - https:\/\/yoast.com\/product\/yoast-seo-wordpress\/ -->\n<title>Chirurgie de la cataracte - Centre d&#039;Ophtalmologie Actisud<\/title>\n<meta name=\"description\" content=\"La chirurgie de la cataracte corrige la g\u00eane visuelle caus\u00e9e par l&#039;opacification progressive du cristallin.\" \/>\n<meta name=\"robots\" content=\"index, follow, max-snippet:-1, max-image-preview:large, max-video-preview:-1\" \/>\n<link rel=\"canonical\" href=\"https:\/\/www.ophtalmo-actisud.fr\/index.php\/chirurgie-de-la-cataracte\/\" \/>\n<meta property=\"og:locale\" content=\"fr_FR\" \/>\n<meta property=\"og:type\" content=\"article\" \/>\n<meta property=\"og:title\" content=\"Chirurgie de la cataracte - Centre d&#039;Ophtalmologie Actisud\" \/>\n<meta property=\"og:description\" content=\"La chirurgie de la cataracte corrige la g\u00eane visuelle caus\u00e9e par l&#039;opacification progressive du cristallin.\" \/>\n<meta property=\"og:url\" content=\"https:\/\/www.ophtalmo-actisud.fr\/index.php\/chirurgie-de-la-cataracte\/\" \/>\n<meta property=\"og:site_name\" content=\"Centre d&#039;Ophtalmologie Actisud\" \/>\n<meta property=\"article:publisher\" content=\"https:\/\/www.facebook.com\/Centre-dOphtalmologie-Actisud-109097913829367\" \/>\n<meta property=\"article:modified_time\" content=\"2024-06-17T10:43:55+00:00\" \/>\n<meta name=\"twitter:card\" content=\"summary_large_image\" \/>\n<meta name=\"twitter:label1\" content=\"Dur\u00e9e de lecture estim\u00e9e\" \/>\n\t<meta name=\"twitter:data1\" content=\"3 minutes\" \/>\n<script type=\"application\/ld+json\" class=\"yoast-schema-graph\">{\"@context\":\"https:\\\/\\\/schema.org\",\"@graph\":[{\"@type\":\"WebPage\",\"@id\":\"https:\\\/\\\/www.ophtalmo-actisud.fr\\\/index.php\\\/chirurgie-de-la-cataracte\\\/\",\"url\":\"https:\\\/\\\/www.ophtalmo-actisud.fr\\\/index.php\\\/chirurgie-de-la-cataracte\\\/\",\"name\":\"Chirurgie de la cataracte - Centre d&#039;Ophtalmologie Actisud\",\"isPartOf\":{\"@id\":\"https:\\\/\\\/www.ophtalmo-actisud.fr\\\/#website\"},\"datePublished\":\"2022-04-20T13:57:30+00:00\",\"dateModified\":\"2024-06-17T10:43:55+00:00\",\"description\":\"La chirurgie de la cataracte corrige la g\u00eane visuelle caus\u00e9e par l'opacification progressive du cristallin.\",\"breadcrumb\":{\"@id\":\"https:\\\/\\\/www.ophtalmo-actisud.fr\\\/index.php\\\/chirurgie-de-la-cataracte\\\/#breadcrumb\"},\"inLanguage\":\"fr-FR\",\"potentialAction\":[{\"@type\":\"ReadAction\",\"target\":[\"https:\\\/\\\/www.ophtalmo-actisud.fr\\\/index.php\\\/chirurgie-de-la-cataracte\\\/\"]}]},{\"@type\":\"BreadcrumbList\",\"@id\":\"https:\\\/\\\/www.ophtalmo-actisud.fr\\\/index.php\\\/chirurgie-de-la-cataracte\\\/#breadcrumb\",\"itemListElement\":[{\"@type\":\"ListItem\",\"position\":1,\"name\":\"Accueil\",\"item\":\"https:\\\/\\\/www.ophtalmo-actisud.fr\\\/\"},{\"@type\":\"ListItem\",\"position\":2,\"name\":\"Chirurgie de la cataracte\"}]},{\"@type\":\"WebSite\",\"@id\":\"https:\\\/\\\/www.ophtalmo-actisud.fr\\\/#website\",\"url\":\"https:\\\/\\\/www.ophtalmo-actisud.fr\\\/\",\"name\":\"Centre d&#039;Ophtalmologie Actisud\",\"description\":\"Prenez rendez-vous ou obtenez des informations\",\"publisher\":{\"@id\":\"https:\\\/\\\/www.ophtalmo-actisud.fr\\\/#organization\"},\"potentialAction\":[{\"@type\":\"SearchAction\",\"target\":{\"@type\":\"EntryPoint\",\"urlTemplate\":\"https:\\\/\\\/www.ophtalmo-actisud.fr\\\/?s={search_term_string}\"},\"query-input\":{\"@type\":\"PropertyValueSpecification\",\"valueRequired\":true,\"valueName\":\"search_term_string\"}}],\"inLanguage\":\"fr-FR\"},{\"@type\":\"Organization\",\"@id\":\"https:\\\/\\\/www.ophtalmo-actisud.fr\\\/#organization\",\"name\":\"Centre d'Ophtalmologie Actisud\",\"url\":\"https:\\\/\\\/www.ophtalmo-actisud.fr\\\/\",\"logo\":{\"@type\":\"ImageObject\",\"inLanguage\":\"fr-FR\",\"@id\":\"https:\\\/\\\/www.ophtalmo-actisud.fr\\\/#\\\/schema\\\/logo\\\/image\\\/\",\"url\":\"https:\\\/\\\/www.ophtalmo-actisud.fr\\\/wp-content\\\/uploads\\\/2022\\\/08\\\/cropped-logoTransp.png\",\"contentUrl\":\"https:\\\/\\\/www.ophtalmo-actisud.fr\\\/wp-content\\\/uploads\\\/2022\\\/08\\\/cropped-logoTransp.png\",\"width\":512,\"height\":512,\"caption\":\"Centre d'Ophtalmologie Actisud\"},\"image\":{\"@id\":\"https:\\\/\\\/www.ophtalmo-actisud.fr\\\/#\\\/schema\\\/logo\\\/image\\\/\"},\"sameAs\":[\"https:\\\/\\\/www.facebook.com\\\/Centre-dOphtalmologie-Actisud-109097913829367\"]}]}<\/script>\n<!-- \/ Yoast SEO plugin. -->","yoast_head_json":{"title":"Chirurgie de la cataracte - Centre d&#039;Ophtalmologie Actisud","description":"La chirurgie de la cataracte corrige la g\u00eane visuelle caus\u00e9e par l'opacification progressive du cristallin.","robots":{"index":"index","follow":"follow","max-snippet":"max-snippet:-1","max-image-preview":"max-image-preview:large","max-video-preview":"max-video-preview:-1"},"canonical":"https:\/\/www.ophtalmo-actisud.fr\/index.php\/chirurgie-de-la-cataracte\/","og_locale":"fr_FR","og_type":"article","og_title":"Chirurgie de la cataracte - Centre d&#039;Ophtalmologie Actisud","og_description":"La chirurgie de la cataracte corrige la g\u00eane visuelle caus\u00e9e par l'opacification progressive du cristallin.","og_url":"https:\/\/www.ophtalmo-actisud.fr\/index.php\/chirurgie-de-la-cataracte\/","og_site_name":"Centre d&#039;Ophtalmologie Actisud","article_publisher":"https:\/\/www.facebook.com\/Centre-dOphtalmologie-Actisud-109097913829367","article_modified_time":"2024-06-17T10:43:55+00:00","twitter_card":"summary_large_image","twitter_misc":{"Dur\u00e9e de lecture estim\u00e9e":"3 minutes"},"schema":{"@context":"https:\/\/schema.org","@graph":[{"@type":"WebPage","@id":"https:\/\/www.ophtalmo-actisud.fr\/index.php\/chirurgie-de-la-cataracte\/","url":"https:\/\/www.ophtalmo-actisud.fr\/index.php\/chirurgie-de-la-cataracte\/","name":"Chirurgie de la cataracte - Centre d&#039;Ophtalmologie Actisud","isPartOf":{"@id":"https:\/\/www.ophtalmo-actisud.fr\/#website"},"datePublished":"2022-04-20T13:57:30+00:00","dateModified":"2024-06-17T10:43:55+00:00","description":"La chirurgie de la cataracte corrige la g\u00eane visuelle caus\u00e9e par l'opacification progressive du cristallin.","breadcrumb":{"@id":"https:\/\/www.ophtalmo-actisud.fr\/index.php\/chirurgie-de-la-cataracte\/#breadcrumb"},"inLanguage":"fr-FR","potentialAction":[{"@type":"ReadAction","target":["https:\/\/www.ophtalmo-actisud.fr\/index.php\/chirurgie-de-la-cataracte\/"]}]},{"@type":"BreadcrumbList","@id":"https:\/\/www.ophtalmo-actisud.fr\/index.php\/chirurgie-de-la-cataracte\/#breadcrumb","itemListElement":[{"@type":"ListItem","position":1,"name":"Accueil","item":"https:\/\/www.ophtalmo-actisud.fr\/"},{"@type":"ListItem","position":2,"name":"Chirurgie de la cataracte"}]},{"@type":"WebSite","@id":"https:\/\/www.ophtalmo-actisud.fr\/#website","url":"https:\/\/www.ophtalmo-actisud.fr\/","name":"Centre d&#039;Ophtalmologie Actisud","description":"Prenez rendez-vous ou obtenez des informations","publisher":{"@id":"https:\/\/www.ophtalmo-actisud.fr\/#organization"},"potentialAction":[{"@type":"SearchAction","target":{"@type":"EntryPoint","urlTemplate":"https:\/\/www.ophtalmo-actisud.fr\/?s={search_term_string}"},"query-input":{"@type":"PropertyValueSpecification","valueRequired":true,"valueName":"search_term_string"}}],"inLanguage":"fr-FR"},{"@type":"Organization","@id":"https:\/\/www.ophtalmo-actisud.fr\/#organization","name":"Centre d'Ophtalmologie Actisud","url":"https:\/\/www.ophtalmo-actisud.fr\/","logo":{"@type":"ImageObject","inLanguage":"fr-FR","@id":"https:\/\/www.ophtalmo-actisud.fr\/#\/schema\/logo\/image\/","url":"https:\/\/www.ophtalmo-actisud.fr\/wp-content\/uploads\/2022\/08\/cropped-logoTransp.png","contentUrl":"https:\/\/www.ophtalmo-actisud.fr\/wp-content\/uploads\/2022\/08\/cropped-logoTransp.png","width":512,"height":512,"caption":"Centre d'Ophtalmologie Actisud"},"image":{"@id":"https:\/\/www.ophtalmo-actisud.fr\/#\/schema\/logo\/image\/"},"sameAs":["https:\/\/www.facebook.com\/Centre-dOphtalmologie-Actisud-109097913829367"]}]}},"_links":{"self":[{"href":"https:\/\/www.ophtalmo-actisud.fr\/index.php\/wp-json\/wp\/v2\/pages\/2061","targetHints":{"allow":["GET"]}}],"collection":[{"href":"https:\/\/www.ophtalmo-actisud.fr\/index.php\/wp-json\/wp\/v2\/pages"}],"about":[{"href":"https:\/\/www.ophtalmo-actisud.fr\/index.php\/wp-json\/wp\/v2\/types\/page"}],"author":[{"embeddable":true,"href":"https:\/\/www.ophtalmo-actisud.fr\/index.php\/wp-json\/wp\/v2\/users\/1"}],"replies":[{"embeddable":true,"href":"https:\/\/www.ophtalmo-actisud.fr\/index.php\/wp-json\/wp\/v2\/comments?post=2061"}],"version-history":[{"count":19,"href":"https:\/\/www.ophtalmo-actisud.fr\/index.php\/wp-json\/wp\/v2\/pages\/2061\/revisions"}],"predecessor-version":[{"id":2737,"href":"https:\/\/www.ophtalmo-actisud.fr\/index.php\/wp-json\/wp\/v2\/pages\/2061\/revisions\/2737"}],"wp:attachment":[{"href":"https:\/\/www.ophtalmo-actisud.fr\/index.php\/wp-json\/wp\/v2\/media?parent=2061"}],"curies":[{"name":"wp","href":"https:\/\/api.w.org\/{rel}","templated":true}]}}