{"id":2059,"date":"2022-04-20T15:56:51","date_gmt":"2022-04-20T13:56:51","guid":{"rendered":"http:\/\/xixaoul.cluster031.hosting.ovh.net\/?page_id=2059"},"modified":"2024-06-17T14:45:11","modified_gmt":"2024-06-17T12:45:11","slug":"chirurgie-refractive","status":"publish","type":"page","link":"https:\/\/www.ophtalmo-actisud.fr\/index.php\/chirurgie-refractive\/","title":{"rendered":"Chirurgie r\u00e9fractive"},"content":{"rendered":"<p>[vc_row css=\u00a0\u00bb.vc_custom_1657376237800{margin-bottom: 2em !important;background-color: #f9f6f2 !important;border-radius: 20px !important;}\u00a0\u00bb el_id=\u00a0\u00bbretinopathie-diabetique\u00a0\u00bb][vc_column][vc_column_text css=\u00a0\u00bb.vc_custom_1718033924128{margin-top: -1em !important;}\u00a0\u00bb]<\/p>\n<h2><b>La chirurgie r\u00e9fractive au Centre d&rsquo;Ophtalmologie ActiSud : correction au laser<br \/>\n<\/b><\/h2>\n<p>[\/vc_column_text][vc_row_inner content_placement=\u00a0\u00bbmiddle\u00a0\u00bb css=\u00a0\u00bb.vc_custom_1655988566888{margin-bottom: 2em !important;}\u00a0\u00bb][vc_column_inner][vc_column_text css=\u00a0\u00bb.vc_custom_1718038148187{margin-top: 2em !important;margin-bottom: 1em !important;}\u00a0\u00bb]Au sein de notre \u00e9tablissement, nous offrons la possibilit\u00e9 de <b>corriger votre vision au laser<\/b> : c&rsquo;est ce qu&rsquo;on appelle la<b> chirurgie r\u00e9fractive<\/b>.[\/vc_column_text][\/vc_column_inner][\/vc_row_inner][\/vc_column][\/vc_row][vc_row content_placement=\u00a0\u00bbmiddle\u00a0\u00bb css=\u00a0\u00bb.vc_custom_1657374615898{margin-bottom: 2em !important;}\u00a0\u00bb][vc_column width=\u00a0\u00bb1\/2&Prime; css=\u00a0\u00bb.vc_custom_1657980638665{background-color: #f9f6f2 !important;border-radius: 20px !important;}\u00a0\u00bb][vc_column_text css=\u00a0\u00bb.vc_custom_1657566897350{margin-top: 1em !important;margin-bottom: 1em !important;}\u00a0\u00bb]Avant l\u2019intervention, vous b\u00e9n\u00e9ficiez d\u2019un <b>bilan pr\u00e9op\u00e9ratoire<\/b> complet pour conna\u00eetre la faisabilit\u00e9 de l\u2019op\u00e9ration et vous orienter vers la technique la plus adapt\u00e9e \u00e0 votre cas.<\/p>\n<p><b>Il est important de ne pas porter de lentilles de contact souples pendant les 3 jours pr\u00e9c\u00e9dents (2 semaines en cas de lentilles rigides)<\/b>.<\/p>\n<p>Ce bilan dure environ 2 heures et vous ne pourrez pas conduire \u00e0 l\u2019issue. Vous \u00e9prouverez \u00e9galement une g\u00eane \u00e0 la lecture pendant plusieurs heures. Pensez \u00e0 \u00eatre accompagn\u00e9(e) et vous munir de lunettes de soleil.[\/vc_column_text][\/vc_column][vc_column width=\u00a0\u00bb1\/2&Prime;][vc_single_image image=\u00a0\u00bb2494&Prime; img_size=\u00a0\u00bbfull\u00a0\u00bb style=\u00a0\u00bbvc_box_rounded\u00a0\u00bb][\/vc_column][\/vc_row][vc_row content_placement=\u00a0\u00bbmiddle\u00a0\u00bb css=\u00a0\u00bb.vc_custom_1657376384690{margin-top: 4em !important;margin-bottom: 2em !important;background-color: #f9f6f2 !important;border-radius: 20px !important;}\u00a0\u00bb][vc_column css=\u00a0\u00bb.vc_custom_1657374376522{background-color: #f9f6f2 !important;border-radius: 20px !important;}\u00a0\u00bb][vc_column_text css=\u00a0\u00bb.vc_custom_1718034716410{margin-top: -1em !important;}\u00a0\u00bb]<\/p>\n<h2><b>Quelles techniques de chirurgie r\u00e9fractive au COA ?<br \/>\n<\/b><\/h2>\n<p>[\/vc_column_text][vc_column_text css=\u00a0\u00bb.vc_custom_1657373700088{margin-top: 1em !important;margin-bottom: 1em !important;}\u00a0\u00bb]Les lasers utilis\u00e9s sont les lasers Excimer et Femtoseconde, permettant les traitements de surface comme la trans-photok\u00e9ratectomie r\u00e9fractive (<b>PKR<\/b>) ou le <b>LASIK<\/b>.[\/vc_column_text][\/vc_column][\/vc_row][vc_row gap=\u00a0\u00bb20&Prime; equal_height=\u00a0\u00bbyes\u00a0\u00bb css=\u00a0\u00bb.vc_custom_1657566904667{margin-bottom: 2em !important;}\u00a0\u00bb][vc_column width=\u00a0\u00bb1\/2&Prime; css=\u00a0\u00bb.vc_custom_1657980673896{background-color: #f9f6f2 !important;border-radius: 20px !important;}\u00a0\u00bb][vc_column_text css=\u00a0\u00bb.vc_custom_1660752228276{margin-top: 1em !important;margin-bottom: 1em !important;}\u00a0\u00bb]La <b>photok\u00e9ratectomie<\/b><b> r\u00e9fractive (PKR) ou laser de surface<\/b> est un traitement simple qui sculpte la corn\u00e9e pour corriger la vision au moyen d\u2019un laser Excimer.<\/p>\n<p><strong style=\"color: #eaa09a;\">Ses inconv\u00e9nients<\/strong> sont la dur\u00e9e de r\u00e9cup\u00e9ration de la vue qui peut prendre une semaine et une sensibilit\u00e9 \u00e0 la lumi\u00e8re un peu plus longue. Il faut donc pr\u00e9voir une p\u00e9riode de cong\u00e9s professionnels d\u2019une semaine.[\/vc_column_text][\/vc_column][vc_column width=\u00a0\u00bb1\/2&Prime; css=\u00a0\u00bb.vc_custom_1657980698364{background-color: #f9f6f2 !important;border-radius: 20px !important;}\u00a0\u00bb][vc_column_text css=\u00a0\u00bb.vc_custom_1657566938767{margin-top: 1em !important;margin-bottom: 1em !important;}\u00a0\u00bb]Le <b>LASIK ou femto-LASIK<\/b> est une variante qui r\u00e9alise au pr\u00e9alable la d\u00e9coupe d\u2019une fine lamelle de corn\u00e9e au moyen d\u2019un autre laser (femtoseconde). Le traitement est ensuite poursuivi comme pour la PKR, puis la lamelle est repositionn\u00e9e en fin d\u2019intervention. Cette intervention permet la reprise des activit\u00e9s d\u00e8s le lendemain de l\u2019op\u00e9ration.<\/p>\n<p><strong style=\"color: #eaa09a;\">Ses inconv\u00e9nients<\/strong> sont un co\u00fbt plus important et une s\u00e9cheresse oculaire post op\u00e9ratoire plus marqu\u00e9e.[\/vc_column_text][\/vc_column][\/vc_row][vc_row css=\u00a0\u00bb.vc_custom_1657373264474{margin-bottom: 2em !important;}\u00a0\u00bb][vc_column][vc_column_text]Les d\u00e9tails des avantages et inconv\u00e9nients de chaque type d\u2019intervention dans votre cas personnel vous seront expliqu\u00e9s par le <strong style=\"color: #f4d061;\"> chirurgien ophtalmologiste<\/strong>.[\/vc_column_text][\/vc_column][\/vc_row][vc_row content_placement=\u00a0\u00bbmiddle\u00a0\u00bb css=\u00a0\u00bb.vc_custom_1657374018866{margin-bottom: 2em !important;}\u00a0\u00bb][vc_column width=\u00a0\u00bb1\/2&Prime;][vc_column_text css=\u00a0\u00bb.vc_custom_1657373406950{margin-bottom: 1em !important;}\u00a0\u00bb]<\/p>\n<h3 style=\"color: #f4d061; text-align: center;\"><strong>D\u00e9couvrir notre \u00e9quipe :<br \/>\n<\/strong><\/h3>\n<p>[\/vc_column_text][\/vc_column][vc_column width=\u00a0\u00bb1\/2&Prime;]<div id=\"highlight-box-wrap-6179\"  data-ultimate-target='#highlight-box-wrap-6179'  data-responsive-json-new='{\"font-size\":\"desktop:25px;\",\"line-height\":\"\"}'  class=\"ultimate-call-to-action ult-adjust-bottom-margin roundCornered ctaction-text-center ult-responsive\" style=\"font-family:Montserrat;font-weight:normal;color:#ffffff;background:#f4d061;padding-top:20px;padding-bottom:20px;margin-top:0px;margin-bottom:0px;\"  data-background=\"#f4d061\"  data-background-hover=\"#fa9258\"  data-override=\"0\" ><div class=\"uvc-ctaction-data uvc-ctaction-data-no-effect ult-responsive\"><\/p>\n<p style=\"text-align: center;\"><strong>OPHTALMOLOGUES<\/strong><\/p>\n<p><\/div><a class=\"ulimate-call-to-action-link\" href=\"\/index.php\/les-ophtalmologues\/\" title=\"Ophtalmologues\" ><\/a><\/div>[\/vc_column][\/vc_row][vc_row css=\u00a0\u00bb.vc_custom_1657371795792{margin-bottom: 2em !important;background-color: #f9f6f2 !important;border-radius: 20px !important;}\u00a0\u00bb][vc_column][vc_column_text css=\u00a0\u00bb.vc_custom_1718628305653{margin-top: 1em !important;margin-bottom: 1em !important;}\u00a0\u00bb]<b>Tous les d\u00e9fauts sont traitables\u202fpar chirurgie r\u00e9fractive <\/b>: <a href=\"https:\/\/www.ophtalmo-actisud.fr\/index.php\/chirurgie-de-la-cataracte\/operation-myopie\/\">myopie<\/a>, <a href=\"https:\/\/www.ophtalmo-actisud.fr\/index.php\/chirurgie-de-la-cataracte\/operation-de-l-hypermetropie-tout-savoir-sur-la-chirurgie-refractive\/\">hyperm\u00e9tropie<\/a>, <a href=\"https:\/\/www.ophtalmo-actisud.fr\/index.php\/chirurgie-de-la-cataracte\/operation-de-l-astigmatisme-tout-comprendre-a-la-chirurgie-refractive\/\">astigmatisme<\/a> et <a href=\"https:\/\/www.ophtalmo-actisud.fr\/index.php\/chirurgie-de-la-cataracte\/operation-de-la-presbytie-la-chirurgie-refractive-pour-une-vision-jeune\/\">presbytie<\/a> (PresbyLASIK ou PresbyMax). Si les d\u00e9fauts sont trop importants, le laser ne peut pas \u00eatre effectu\u00e9 mais le chirurgien peut vous proposer des alternatives chirurgicales (ex\u202f: implant intra-oculaire phaque).<\/p>\n<p>La plupart du temps, apr\u00e8s 60, ans les implants intra-oculaires (PRELEX) sont pr\u00e9f\u00e9rables au laser.[\/vc_column_text][\/vc_column][\/vc_row][vc_row css=\u00a0\u00bb.vc_custom_1657371795792{margin-bottom: 2em !important;background-color: #f9f6f2 !important;border-radius: 20px !important;}\u00a0\u00bb][vc_column][vc_column_text css=\u00a0\u00bb.vc_custom_1718107603505{margin-top: 1em !important;margin-bottom: 1em !important;}\u00a0\u00bb]<\/p>\n<div>L\u2019intervention a lieu directement <a href=\"https:\/\/www.ophtalmo-actisud.fr\/index.php\/infos-pratiques\/\">au cabinet<\/a>. Elle ne dure que quelques minutes et est indolore. Un inconfort peut \u00eatre ressenti dans les 24 \u00e0 48h suivant l\u2019op\u00e9ration selon la technique de chirurgie choisie. Une indisponibilit\u00e9 professionnelle d&rsquo;une semaine peut \u00eatre \u00e0 pr\u00e9voir pour le laser de surface (PKR).<\/div>\n<div><\/div>\n<div>Nous effectuons un contr\u00f4le au cabinet<b> \u00e0 J+2 et \u00e0 M+1<\/b>\u00a0pour veiller \u00e0 la bonne cicatrisation de votre corn\u00e9e.<\/div>\n<p>[\/vc_column_text][\/vc_column][\/vc_row]<\/p>\n","protected":false},"excerpt":{"rendered":"<p>[vc_row css=\u00a0\u00bb.vc_custom_1657376237800{margin-bottom: 2em !important;background-color: #f9f6f2 !important;border-radius: 20px !important;}\u00a0\u00bb el_id=\u00a0\u00bbretinopathie-diabetique\u00a0\u00bb][vc_column][vc_column_text css=\u00a0\u00bb.vc_custom_1718033924128{margin-top: -1em !important;}\u00a0\u00bb] La chirurgie r\u00e9fractive au Centre d&rsquo;Ophtalmologie ActiSud : correction au laser [\/vc_column_text][vc_row_inner content_placement=\u00a0\u00bbmiddle\u00a0\u00bb css=\u00a0\u00bb.vc_custom_1655988566888{margin-bottom: 2em !important;}\u00a0\u00bb][vc_column_inner][vc_column_text css=\u00a0\u00bb.vc_custom_1718038148187{margin-top: 2em !important;margin-bottom: 1em !important;}\u00a0\u00bb]Au sein de notre \u00e9tablissement, nous offrons la possibilit\u00e9 de corriger votre vision au laser : c&rsquo;est ce qu&rsquo;on appelle la chirurgie r\u00e9fractive.[\/vc_column_text][\/vc_column_inner][\/vc_row_inner][\/vc_column][\/vc_row][vc_row&hellip;<\/p>\n","protected":false},"author":1,"featured_media":0,"parent":0,"menu_order":0,"comment_status":"closed","ping_status":"closed","template":"","meta":{"footnotes":""},"class_list":["post-2059","page","type-page","status-publish","hentry","description-off"],"yoast_head":"<!-- This site is optimized with the Yoast SEO plugin v27.5 - https:\/\/yoast.com\/product\/yoast-seo-wordpress\/ -->\n<title>Chirurgie r\u00e9fractive - Centre d&#039;Ophtalmologie Actisud<\/title>\n<meta name=\"description\" content=\"La chirurgie r\u00e9fractive regroupe l&#039;ensemble des op\u00e9rations, au laser notamment, permettant de ne plus porter de lunettes ou de lentilles.\" \/>\n<meta name=\"robots\" content=\"index, follow, max-snippet:-1, max-image-preview:large, max-video-preview:-1\" \/>\n<link rel=\"canonical\" href=\"https:\/\/www.ophtalmo-actisud.fr\/index.php\/chirurgie-refractive\/\" \/>\n<meta property=\"og:locale\" content=\"fr_FR\" \/>\n<meta property=\"og:type\" content=\"article\" \/>\n<meta property=\"og:title\" content=\"Chirurgie r\u00e9fractive - Centre d&#039;Ophtalmologie Actisud\" \/>\n<meta property=\"og:description\" content=\"La chirurgie r\u00e9fractive regroupe l&#039;ensemble des op\u00e9rations, au laser notamment, permettant de ne plus porter de lunettes ou de lentilles.\" \/>\n<meta property=\"og:url\" content=\"https:\/\/www.ophtalmo-actisud.fr\/index.php\/chirurgie-refractive\/\" \/>\n<meta property=\"og:site_name\" content=\"Centre d&#039;Ophtalmologie Actisud\" \/>\n<meta property=\"article:publisher\" content=\"https:\/\/www.facebook.com\/Centre-dOphtalmologie-Actisud-109097913829367\" \/>\n<meta property=\"article:modified_time\" content=\"2024-06-17T12:45:11+00:00\" \/>\n<meta name=\"twitter:card\" content=\"summary_large_image\" \/>\n<meta name=\"twitter:label1\" content=\"Dur\u00e9e de lecture estim\u00e9e\" \/>\n\t<meta name=\"twitter:data1\" content=\"4 minutes\" \/>\n<script type=\"application\/ld+json\" class=\"yoast-schema-graph\">{\"@context\":\"https:\\\/\\\/schema.org\",\"@graph\":[{\"@type\":\"WebPage\",\"@id\":\"https:\\\/\\\/www.ophtalmo-actisud.fr\\\/index.php\\\/chirurgie-refractive\\\/\",\"url\":\"https:\\\/\\\/www.ophtalmo-actisud.fr\\\/index.php\\\/chirurgie-refractive\\\/\",\"name\":\"Chirurgie r\u00e9fractive - Centre d&#039;Ophtalmologie Actisud\",\"isPartOf\":{\"@id\":\"https:\\\/\\\/www.ophtalmo-actisud.fr\\\/#website\"},\"datePublished\":\"2022-04-20T13:56:51+00:00\",\"dateModified\":\"2024-06-17T12:45:11+00:00\",\"description\":\"La chirurgie r\u00e9fractive regroupe l'ensemble des op\u00e9rations, au laser notamment, permettant de ne plus porter de lunettes ou de lentilles.\",\"breadcrumb\":{\"@id\":\"https:\\\/\\\/www.ophtalmo-actisud.fr\\\/index.php\\\/chirurgie-refractive\\\/#breadcrumb\"},\"inLanguage\":\"fr-FR\",\"potentialAction\":[{\"@type\":\"ReadAction\",\"target\":[\"https:\\\/\\\/www.ophtalmo-actisud.fr\\\/index.php\\\/chirurgie-refractive\\\/\"]}]},{\"@type\":\"BreadcrumbList\",\"@id\":\"https:\\\/\\\/www.ophtalmo-actisud.fr\\\/index.php\\\/chirurgie-refractive\\\/#breadcrumb\",\"itemListElement\":[{\"@type\":\"ListItem\",\"position\":1,\"name\":\"Accueil\",\"item\":\"https:\\\/\\\/www.ophtalmo-actisud.fr\\\/\"},{\"@type\":\"ListItem\",\"position\":2,\"name\":\"Chirurgie r\u00e9fractive\"}]},{\"@type\":\"WebSite\",\"@id\":\"https:\\\/\\\/www.ophtalmo-actisud.fr\\\/#website\",\"url\":\"https:\\\/\\\/www.ophtalmo-actisud.fr\\\/\",\"name\":\"Centre d&#039;Ophtalmologie Actisud\",\"description\":\"Prenez rendez-vous ou obtenez des informations\",\"publisher\":{\"@id\":\"https:\\\/\\\/www.ophtalmo-actisud.fr\\\/#organization\"},\"potentialAction\":[{\"@type\":\"SearchAction\",\"target\":{\"@type\":\"EntryPoint\",\"urlTemplate\":\"https:\\\/\\\/www.ophtalmo-actisud.fr\\\/?s={search_term_string}\"},\"query-input\":{\"@type\":\"PropertyValueSpecification\",\"valueRequired\":true,\"valueName\":\"search_term_string\"}}],\"inLanguage\":\"fr-FR\"},{\"@type\":\"Organization\",\"@id\":\"https:\\\/\\\/www.ophtalmo-actisud.fr\\\/#organization\",\"name\":\"Centre d'Ophtalmologie Actisud\",\"url\":\"https:\\\/\\\/www.ophtalmo-actisud.fr\\\/\",\"logo\":{\"@type\":\"ImageObject\",\"inLanguage\":\"fr-FR\",\"@id\":\"https:\\\/\\\/www.ophtalmo-actisud.fr\\\/#\\\/schema\\\/logo\\\/image\\\/\",\"url\":\"https:\\\/\\\/www.ophtalmo-actisud.fr\\\/wp-content\\\/uploads\\\/2022\\\/08\\\/cropped-logoTransp.png\",\"contentUrl\":\"https:\\\/\\\/www.ophtalmo-actisud.fr\\\/wp-content\\\/uploads\\\/2022\\\/08\\\/cropped-logoTransp.png\",\"width\":512,\"height\":512,\"caption\":\"Centre d'Ophtalmologie Actisud\"},\"image\":{\"@id\":\"https:\\\/\\\/www.ophtalmo-actisud.fr\\\/#\\\/schema\\\/logo\\\/image\\\/\"},\"sameAs\":[\"https:\\\/\\\/www.facebook.com\\\/Centre-dOphtalmologie-Actisud-109097913829367\"]}]}<\/script>\n<!-- \/ Yoast SEO plugin. -->","yoast_head_json":{"title":"Chirurgie r\u00e9fractive - Centre d&#039;Ophtalmologie Actisud","description":"La chirurgie r\u00e9fractive regroupe l'ensemble des op\u00e9rations, au laser notamment, permettant de ne plus porter de lunettes ou de lentilles.","robots":{"index":"index","follow":"follow","max-snippet":"max-snippet:-1","max-image-preview":"max-image-preview:large","max-video-preview":"max-video-preview:-1"},"canonical":"https:\/\/www.ophtalmo-actisud.fr\/index.php\/chirurgie-refractive\/","og_locale":"fr_FR","og_type":"article","og_title":"Chirurgie r\u00e9fractive - Centre d&#039;Ophtalmologie Actisud","og_description":"La chirurgie r\u00e9fractive regroupe l'ensemble des op\u00e9rations, au laser notamment, permettant de ne plus porter de lunettes ou de lentilles.","og_url":"https:\/\/www.ophtalmo-actisud.fr\/index.php\/chirurgie-refractive\/","og_site_name":"Centre d&#039;Ophtalmologie Actisud","article_publisher":"https:\/\/www.facebook.com\/Centre-dOphtalmologie-Actisud-109097913829367","article_modified_time":"2024-06-17T12:45:11+00:00","twitter_card":"summary_large_image","twitter_misc":{"Dur\u00e9e de lecture estim\u00e9e":"4 minutes"},"schema":{"@context":"https:\/\/schema.org","@graph":[{"@type":"WebPage","@id":"https:\/\/www.ophtalmo-actisud.fr\/index.php\/chirurgie-refractive\/","url":"https:\/\/www.ophtalmo-actisud.fr\/index.php\/chirurgie-refractive\/","name":"Chirurgie r\u00e9fractive - Centre d&#039;Ophtalmologie Actisud","isPartOf":{"@id":"https:\/\/www.ophtalmo-actisud.fr\/#website"},"datePublished":"2022-04-20T13:56:51+00:00","dateModified":"2024-06-17T12:45:11+00:00","description":"La chirurgie r\u00e9fractive regroupe l'ensemble des op\u00e9rations, au laser notamment, permettant de ne plus porter de lunettes ou de lentilles.","breadcrumb":{"@id":"https:\/\/www.ophtalmo-actisud.fr\/index.php\/chirurgie-refractive\/#breadcrumb"},"inLanguage":"fr-FR","potentialAction":[{"@type":"ReadAction","target":["https:\/\/www.ophtalmo-actisud.fr\/index.php\/chirurgie-refractive\/"]}]},{"@type":"BreadcrumbList","@id":"https:\/\/www.ophtalmo-actisud.fr\/index.php\/chirurgie-refractive\/#breadcrumb","itemListElement":[{"@type":"ListItem","position":1,"name":"Accueil","item":"https:\/\/www.ophtalmo-actisud.fr\/"},{"@type":"ListItem","position":2,"name":"Chirurgie r\u00e9fractive"}]},{"@type":"WebSite","@id":"https:\/\/www.ophtalmo-actisud.fr\/#website","url":"https:\/\/www.ophtalmo-actisud.fr\/","name":"Centre d&#039;Ophtalmologie Actisud","description":"Prenez rendez-vous ou obtenez des informations","publisher":{"@id":"https:\/\/www.ophtalmo-actisud.fr\/#organization"},"potentialAction":[{"@type":"SearchAction","target":{"@type":"EntryPoint","urlTemplate":"https:\/\/www.ophtalmo-actisud.fr\/?s={search_term_string}"},"query-input":{"@type":"PropertyValueSpecification","valueRequired":true,"valueName":"search_term_string"}}],"inLanguage":"fr-FR"},{"@type":"Organization","@id":"https:\/\/www.ophtalmo-actisud.fr\/#organization","name":"Centre d'Ophtalmologie Actisud","url":"https:\/\/www.ophtalmo-actisud.fr\/","logo":{"@type":"ImageObject","inLanguage":"fr-FR","@id":"https:\/\/www.ophtalmo-actisud.fr\/#\/schema\/logo\/image\/","url":"https:\/\/www.ophtalmo-actisud.fr\/wp-content\/uploads\/2022\/08\/cropped-logoTransp.png","contentUrl":"https:\/\/www.ophtalmo-actisud.fr\/wp-content\/uploads\/2022\/08\/cropped-logoTransp.png","width":512,"height":512,"caption":"Centre d'Ophtalmologie Actisud"},"image":{"@id":"https:\/\/www.ophtalmo-actisud.fr\/#\/schema\/logo\/image\/"},"sameAs":["https:\/\/www.facebook.com\/Centre-dOphtalmologie-Actisud-109097913829367"]}]}},"_links":{"self":[{"href":"https:\/\/www.ophtalmo-actisud.fr\/index.php\/wp-json\/wp\/v2\/pages\/2059","targetHints":{"allow":["GET"]}}],"collection":[{"href":"https:\/\/www.ophtalmo-actisud.fr\/index.php\/wp-json\/wp\/v2\/pages"}],"about":[{"href":"https:\/\/www.ophtalmo-actisud.fr\/index.php\/wp-json\/wp\/v2\/types\/page"}],"author":[{"embeddable":true,"href":"https:\/\/www.ophtalmo-actisud.fr\/index.php\/wp-json\/wp\/v2\/users\/1"}],"replies":[{"embeddable":true,"href":"https:\/\/www.ophtalmo-actisud.fr\/index.php\/wp-json\/wp\/v2\/comments?post=2059"}],"version-history":[{"count":20,"href":"https:\/\/www.ophtalmo-actisud.fr\/index.php\/wp-json\/wp\/v2\/pages\/2059\/revisions"}],"predecessor-version":[{"id":2751,"href":"https:\/\/www.ophtalmo-actisud.fr\/index.php\/wp-json\/wp\/v2\/pages\/2059\/revisions\/2751"}],"wp:attachment":[{"href":"https:\/\/www.ophtalmo-actisud.fr\/index.php\/wp-json\/wp\/v2\/media?parent=2059"}],"curies":[{"name":"wp","href":"https:\/\/api.w.org\/{rel}","templated":true}]}}